{"id":1797,"date":"2021-02-09T11:54:58","date_gmt":"2021-02-09T11:54:58","guid":{"rendered":"http:\/\/ludzie.fundacja-pih.pl\/?post_type=product&#038;p=1797"},"modified":"2025-05-16T14:15:09","modified_gmt":"2025-05-16T14:15:09","slug":"brandeburg-jan","status":"publish","type":"product","link":"http:\/\/ludzie.fundacja-pih.pl\/index.php\/product\/brandeburg-jan\/","title":{"rendered":"Brandeburg Jan"},"content":{"rendered":"<p>Urodzi\u0142 si\u0119 w 1951roku w m. S\u0142awnikowice<\/p>\n<p>Od wrze\u015bnia 1980 roku by\u0142 cz\u0142onkiem Komisji Zak\u0142adowej NSZZ \u201eSolidarno\u015b\u0107\u201d w Kombinacie Maszyn Rolniczych \u201eAgromet-Pilmet\u201d we Wroc\u0142awiu. Po wprowadzeniu stanu wojennego rozpocz\u0105\u0142 dzia\u0142alno\u015b\u0107 podziemn\u0105. 15 grudnia 1981 roku wsp\u00f3\u0142organizowa\u0142 strajk  w swoim miejscu pracy. Od stycznia 1982 roku kolportowa\u0142 podziemne czasopismo Regionalnego Komitetu Strajkowego NSZZ \u201eSolidarno\u015b\u0107\u201d Dolny \u015al\u0105sk pt. \u201eZ Dnia na Dzie\u0144\u201d, za co zosta\u0142 internowany 23 kwietnia 1982 roku. W pierwszych dniach przebywa\u0142 w Areszcie \u015aledczym we Wroc\u0142awiu, za\u015b od 28 kwietnia w O\u015brodku Odosobnienia w Nysie. Z internowania zosta\u0142 zwolniony 11 czerwca 1982 roku ze wzgl\u0119du na z\u0142y stan zdrowia. Po wyj\u015bciu na wolno\u015b\u0107 rozprowadza\u0142 wydawnictwa RKS NSZZ \u201eSolidarno\u015b\u0107\u201d, Solidarno\u015bci Walcz\u0105cej i podziemne pismo zak\u0142adowe \u201eIskra Wolno\u015bci\u201d.W listopadzie 1988 roku zosta\u0142 przewodnicz\u0105cym Tymczasowego Komitetu Organizacyjnego NSZZ \u201eSolidarno\u015b\u0107\u201d w KMR \u201eAgromet-Pilmet\u201d, natomiast w 1989 roku przewodnicz\u0105cym Komisji Zak\u0142adowej. Z powodu prowadzonej dzia\u0142alno\u015bci by\u0142 wielokrotnie zatrzymywany na 48 godzin, a w latach 1983 &#8211; 1989 kontrolowany operacyjnie w ramach kwestionariusza ewidencyjnego o kryptonimie \u201eA-2\u201d i sprawy operacyjnego rozpracowania o kryptonimie \u201ePismo\u201d. W 2014  roku na podstawie postanowienia Prezydenta RP \u2013 425\/2014 &#8211;   nadano mu Krzy\u017c Wolno\u015bci i Solidarno\u015bci. <\/p>\n","protected":false},"excerpt":{"rendered":"<p>Urodzi\u0142 si\u0119 w 1951roku w m. S\u0142awnikowice Od wrze\u015bnia 1980 roku by\u0142 cz\u0142onkiem Komisji Zak\u0142adowej NSZZ \u201eSolidarno\u015b\u0107\u201d w Kombinacie Maszyn Rolniczych \u201eAgromet-Pilmet\u201d we Wroc\u0142awiu. Po wprowadzeniu stanu wojennego rozpocz\u0105\u0142 dzia\u0142alno\u015b\u0107 podziemn\u0105. 15 grudnia 1981 roku wsp\u00f3\u0142organizowa\u0142 strajk w swoim miejscu pracy. Od stycznia 1982 roku kolportowa\u0142 podziemne czasopismo Regionalnego Komitetu Strajkowego NSZZ \u201eSolidarno\u015b\u0107\u201d Dolny \u015al\u0105sk [&hellip;]<\/p>\n","protected":false},"featured_media":1798,"template":"","meta":[],"_links":{"self":[{"href":"http:\/\/ludzie.fundacja-pih.pl\/index.php\/wp-json\/wp\/v2\/product\/1797"}],"collection":[{"href":"http:\/\/ludzie.fundacja-pih.pl\/index.php\/wp-json\/wp\/v2\/product"}],"about":[{"href":"http:\/\/ludzie.fundacja-pih.pl\/index.php\/wp-json\/wp\/v2\/types\/product"}],"wp:featuredmedia":[{"embeddable":true,"href":"http:\/\/ludzie.fundacja-pih.pl\/index.php\/wp-json\/wp\/v2\/media\/1798"}],"wp:attachment":[{"href":"http:\/\/ludzie.fundacja-pih.pl\/index.php\/wp-json\/wp\/v2\/media?parent=1797"}],"curies":[{"name":"wp","href":"https:\/\/api.w.org\/{rel}","templated":true}]}}