{"id":1802,"date":"2021-02-09T11:59:41","date_gmt":"2021-02-09T11:59:41","guid":{"rendered":"http:\/\/ludzie.fundacja-pih.pl\/?post_type=product&#038;p=1802"},"modified":"2025-05-16T14:15:11","modified_gmt":"2025-05-16T14:15:11","slug":"brewczyk-michal-eugeniusz-rybnik","status":"publish","type":"product","link":"http:\/\/ludzie.fundacja-pih.pl\/index.php\/product\/brewczyk-michal-eugeniusz-rybnik\/","title":{"rendered":"Brewczyk Micha\u0142 Eugeniusz (Rybnik)"},"content":{"rendered":"<p>Urodzi\u0142 si\u0119 w 1970 roku w m. Wodzis\u0142aw \u015al\u0105ski<\/p>\n<p>Dzia\u0142alno\u015b\u0107 podziemn\u0105 rozpocz\u0105\u0142 w 1986 roku tworz\u0105c nieformaln\u0105 grup\u0119 m\u0142odzie\u017cow\u0105 wspomagaj\u0105c\u0105 dzia\u0142alno\u015b\u0107 podziemnych struktur \u201eSolidarno\u015bci\u201d. W 1988 roku, w Rybniku, za\u0142o\u017cy\u0142 \u201eKlub M\u0142odzie\u017cy Solidarnej\u201d i wszed\u0142 r\u00f3wnie\u017c do struktur \u201eSolidarno\u015bci Walcz\u0105cej\u201d. Pod koniec lat osiemdziesi\u0105tych wsp\u00f3\u0142pracowa\u0142 z Niezale\u017cnym Zrzeszeniem Student\u00f3w na Politechnice \u015al\u0105skiej. Pomaga\u0142 w druku i kolporta\u017cu wydawnictw bezdebitowych. Przed wyborami w czerwcu 1989 roku wsp\u00f3\u0142pracowa\u0142 z Komitetem Obywatelskim w Rybniku w ramach akcji informacyjno-plakatowej. W 2019  roku na podstawie postanowienia Prezydenta RP \u2013 144\/2019 &#8211; nadano mu Krzy\u017c Wolno\u015bci i Solidarno\u015bci. <\/p>\n","protected":false},"excerpt":{"rendered":"<p>Urodzi\u0142 si\u0119 w 1970 roku w m. Wodzis\u0142aw \u015al\u0105ski Dzia\u0142alno\u015b\u0107 podziemn\u0105 rozpocz\u0105\u0142 w 1986 roku tworz\u0105c nieformaln\u0105 grup\u0119 m\u0142odzie\u017cow\u0105 wspomagaj\u0105c\u0105 dzia\u0142alno\u015b\u0107 podziemnych struktur \u201eSolidarno\u015bci\u201d. W 1988 roku, w Rybniku, za\u0142o\u017cy\u0142 \u201eKlub M\u0142odzie\u017cy Solidarnej\u201d i wszed\u0142 r\u00f3wnie\u017c do struktur \u201eSolidarno\u015bci Walcz\u0105cej\u201d. Pod koniec lat osiemdziesi\u0105tych wsp\u00f3\u0142pracowa\u0142 z Niezale\u017cnym Zrzeszeniem Student\u00f3w na Politechnice \u015al\u0105skiej. Pomaga\u0142 w druku [&hellip;]<\/p>\n","protected":false},"featured_media":1803,"template":"","meta":[],"_links":{"self":[{"href":"http:\/\/ludzie.fundacja-pih.pl\/index.php\/wp-json\/wp\/v2\/product\/1802"}],"collection":[{"href":"http:\/\/ludzie.fundacja-pih.pl\/index.php\/wp-json\/wp\/v2\/product"}],"about":[{"href":"http:\/\/ludzie.fundacja-pih.pl\/index.php\/wp-json\/wp\/v2\/types\/product"}],"wp:featuredmedia":[{"embeddable":true,"href":"http:\/\/ludzie.fundacja-pih.pl\/index.php\/wp-json\/wp\/v2\/media\/1803"}],"wp:attachment":[{"href":"http:\/\/ludzie.fundacja-pih.pl\/index.php\/wp-json\/wp\/v2\/media?parent=1802"}],"curies":[{"name":"wp","href":"https:\/\/api.w.org\/{rel}","templated":true}]}}