{"id":1804,"date":"2021-02-09T12:07:07","date_gmt":"2021-02-09T12:07:07","guid":{"rendered":"http:\/\/ludzie.fundacja-pih.pl\/?post_type=product&#038;p=1804"},"modified":"2025-05-16T14:15:12","modified_gmt":"2025-05-16T14:15:12","slug":"bujwicki-bernard-bialystok","status":"publish","type":"product","link":"http:\/\/ludzie.fundacja-pih.pl\/index.php\/product\/bujwicki-bernard-bialystok\/","title":{"rendered":"Bujwicki Bernard (Bia\u0142ystok)"},"content":{"rendered":"<p>Urodzi\u0142 si\u0119 16 lutego 1946 roku w Kamienicy k\/Sok\u00f3\u0142ki.<\/p>\n<p>W 1968 roku, jako student Politechniki Krakowskiej czynnie uczestniczy\u0142 w wydarzeniach marcowych b\u0119d\u0105c cz\u0142onkiem \u201eKomitetu 25\u201d. Od 1980 roku by\u0142 cz\u0142onkiem NSZZ \u201eSolidarno\u015b\u0107\u201d. W listopadzie tego samego roku zosta\u0142 przewodnicz\u0105cym Komitetu Za\u0142o\u017cycielskiego \u201eSolidarno\u015bci\u201d w PZWR \u201eWodrol\u201d w Bia\u0142ymstoku. Od 12 wrze\u015bnia do 6 pa\u017adziernika 1980 roku pe\u0142ni\u0142 funkcj\u0119 wiceprzewodnicz\u0105cego pierwszego MKZ w Bia\u0142ymstoku. Od 12 pa\u017adziernika do 16 grudnia 1980 roku by\u0142 cz\u0142onkiem Prezydium drugiego MKZ. Wsp\u00f3\u0142tworzy\u0142 i redagowa\u0142 \u201eBiuletyn Informacyjny MKZ NSZZ Solidarno\u015b\u0107\u201d. By\u0142 delegatem na Walny Zjazd NSZZ \u201eSolidarno\u015b\u0107\u201d Regionu Bia\u0142ystok w czerwcu 1981 roku oraz delegatem na I Krajowy Zjazd NSZZ \u201eSolidarno\u015b\u0107\u201d. Po wprowadzeniu stanu wojennego 13 grudnia 1981 roku zosta\u0142 internowany. Pierwotnie osadzono go w O\u015brodku Odosobnienia w Bia\u0142ymstoku, nast\u0119pnie w O\u015brodku Odosobnienia w Suwa\u0142kach, p\u00f3\u017aniej w Zak\u0142adzie Karnym w Kwidzynie. Po zwolnieniu z internowania w kwietniu 1982 roku kontynuowa\u0142 aktywn\u0105 dzia\u0142alno\u015b\u0107 w podziemnych strukturach \u201eSolidarno\u015bci\u201d. By\u0142 jednym z sygnatariuszy \u201eApelu 100\u201d, wsp\u00f3\u0142za\u0142o\u017cycielem podziemnego pisma \u201eS\u0142owa\u201d i \u201eSolidarno\u015b\u0107 Walcz\u0105ca\u201d w Bia\u0142ymstoku. Ze wzgl\u0119du na sw\u0105 dzia\u0142alno\u015b\u0107 by\u0142 wielokrotnie przes\u0142uchiwany i kontrolowany operacyjnie a\u017c do roku 1989. W 2015  roku na podstawie postanowienia Prezydenta RP \u2013 513\/2015 \u2013 nadano mu Krzy\u017c Wolno\u015bci i Solidarno\u015bci.<\/p>\n","protected":false},"excerpt":{"rendered":"<p>Urodzi\u0142 si\u0119 16 lutego 1946 roku w Kamienicy k\/Sok\u00f3\u0142ki. W 1968 roku, jako student Politechniki Krakowskiej czynnie uczestniczy\u0142 w wydarzeniach marcowych b\u0119d\u0105c cz\u0142onkiem \u201eKomitetu 25\u201d. Od 1980 roku by\u0142 cz\u0142onkiem NSZZ \u201eSolidarno\u015b\u0107\u201d. W listopadzie tego samego roku zosta\u0142 przewodnicz\u0105cym Komitetu Za\u0142o\u017cycielskiego \u201eSolidarno\u015bci\u201d w PZWR \u201eWodrol\u201d w Bia\u0142ymstoku. Od 12 wrze\u015bnia do 6 pa\u017adziernika 1980 roku [&hellip;]<\/p>\n","protected":false},"featured_media":1805,"template":"","meta":[],"_links":{"self":[{"href":"http:\/\/ludzie.fundacja-pih.pl\/index.php\/wp-json\/wp\/v2\/product\/1804"}],"collection":[{"href":"http:\/\/ludzie.fundacja-pih.pl\/index.php\/wp-json\/wp\/v2\/product"}],"about":[{"href":"http:\/\/ludzie.fundacja-pih.pl\/index.php\/wp-json\/wp\/v2\/types\/product"}],"wp:featuredmedia":[{"embeddable":true,"href":"http:\/\/ludzie.fundacja-pih.pl\/index.php\/wp-json\/wp\/v2\/media\/1805"}],"wp:attachment":[{"href":"http:\/\/ludzie.fundacja-pih.pl\/index.php\/wp-json\/wp\/v2\/media?parent=1804"}],"curies":[{"name":"wp","href":"https:\/\/api.w.org\/{rel}","templated":true}]}}