{"id":1824,"date":"2021-02-09T14:55:34","date_gmt":"2021-02-09T14:55:34","guid":{"rendered":"http:\/\/ludzie.fundacja-pih.pl\/?post_type=product&#038;p=1824"},"modified":"2025-05-16T14:15:15","modified_gmt":"2025-05-16T14:15:15","slug":"duda-czeslaw-jan","status":"publish","type":"product","link":"http:\/\/ludzie.fundacja-pih.pl\/index.php\/product\/duda-czeslaw-jan\/","title":{"rendered":"Duda Czes\u0142aw Jan"},"content":{"rendered":"<p>Urodzi\u0142 si\u0119 w 1950 roku w m. Katowice<\/p>\n<p>Od wrze\u015bnia 1980 roku by\u0142 cz\u0142onkiem NSZZ \u201eSolidarno\u015b\u0107\u201d. Uczestniczy\u0142 w powo\u0142aniu Komitetu Za\u0142o\u017cycielskiego NSZZ \u201eSolidarno\u015b\u0107\u201d w przedsi\u0119biorstwie \u201eElektromonta\u017c-1\u201d w Katowicach. Pe\u0142ni\u0142 funkcj\u0119 przewodnicz\u0105cego Komisji Oddzia\u0142owej, nast\u0119pnie wchodzi\u0142 w sk\u0142ad Komisji Zak\u0142adowej. Po wprowadzeniu stanu wojennego 13 grudnia 1981 roku, jako cz\u0142onek podziemnych struktur NSZZ \u201eSolidarno\u015b\u0107\u201d kolportowa\u0142 nielegalne wydawnictwa w tym m.in.: \u201eSolidarno\u015b\u0107 Walcz\u0105ca\u201d, \u201eTygodnik Mazowsze\u201d \u201eG\u00f3rnik Polski\u201d \u201eRIS \u2013 Regionalny Informator Solidarno\u015bci \u015al\u0105sko-D\u0105browskiej\u201d. 27 pa\u017adziernika 1985 roku zosta\u0142 aresztowany i osadzony w Areszcie \u015aledczym w Katowicach, gdzie przebywa\u0142 do dnia 27 lipca 1986 roku. Powodem aresztowania by\u0142 zarzut posiadania bez zezwolenia nadajnika radiowo-telewizyjnego oraz kolporta\u017c nielegalnych pism i ulotek. 19 kwietnia 1986 roku zosta\u0142 skazany przez S\u0105d Rejonowy w Katowicach na kar\u0119 1 roku i 6 miesi\u0119cy pozbawienia wolno\u015bci. Na mocy przepis\u00f3w o amnestii z dnia 17 lipca 1986 roku post\u0119powanie karne zosta\u0142o umorzone. W zwi\u0105zku z prowadzeniem dzia\u0142alno\u015bci opozycyjnej by\u0142 inwigilowany przez S\u0142u\u017cb\u0119 Bezpiecze\u0144stwa PRL w okresie 1984-1989.<\/p>\n","protected":false},"excerpt":{"rendered":"<p>Urodzi\u0142 si\u0119 w 1950 roku w m. Katowice Od wrze\u015bnia 1980 roku by\u0142 cz\u0142onkiem NSZZ \u201eSolidarno\u015b\u0107\u201d. Uczestniczy\u0142 w powo\u0142aniu Komitetu Za\u0142o\u017cycielskiego NSZZ \u201eSolidarno\u015b\u0107\u201d w przedsi\u0119biorstwie \u201eElektromonta\u017c-1\u201d w Katowicach. Pe\u0142ni\u0142 funkcj\u0119 przewodnicz\u0105cego Komisji Oddzia\u0142owej, nast\u0119pnie wchodzi\u0142 w sk\u0142ad Komisji Zak\u0142adowej. Po wprowadzeniu stanu wojennego 13 grudnia 1981 roku, jako cz\u0142onek podziemnych struktur NSZZ \u201eSolidarno\u015b\u0107\u201d kolportowa\u0142 nielegalne [&hellip;]<\/p>\n","protected":false},"featured_media":1825,"template":"","meta":[],"_links":{"self":[{"href":"http:\/\/ludzie.fundacja-pih.pl\/index.php\/wp-json\/wp\/v2\/product\/1824"}],"collection":[{"href":"http:\/\/ludzie.fundacja-pih.pl\/index.php\/wp-json\/wp\/v2\/product"}],"about":[{"href":"http:\/\/ludzie.fundacja-pih.pl\/index.php\/wp-json\/wp\/v2\/types\/product"}],"wp:featuredmedia":[{"embeddable":true,"href":"http:\/\/ludzie.fundacja-pih.pl\/index.php\/wp-json\/wp\/v2\/media\/1825"}],"wp:attachment":[{"href":"http:\/\/ludzie.fundacja-pih.pl\/index.php\/wp-json\/wp\/v2\/media?parent=1824"}],"curies":[{"name":"wp","href":"https:\/\/api.w.org\/{rel}","templated":true}]}}