{"id":1826,"date":"2021-02-09T14:57:20","date_gmt":"2021-02-09T14:57:20","guid":{"rendered":"http:\/\/ludzie.fundacja-pih.pl\/?post_type=product&#038;p=1826"},"modified":"2025-05-16T14:15:16","modified_gmt":"2025-05-16T14:15:16","slug":"dudek-zbigniew","status":"publish","type":"product","link":"http:\/\/ludzie.fundacja-pih.pl\/index.php\/product\/dudek-zbigniew\/","title":{"rendered":"Dudek Zbigniew"},"content":{"rendered":"<p>ur. w 1947 roku w m. Jod\u0142owice<\/p>\n<p>Odznaczenie KWiS zosta\u0142o nadane postanowieniem Prezydenta RP nr\u00a0218\/2019<\/p>\n<h5>Biogram<\/h5>\n<p>Pan Zbigniew Dudek po wprowadzeniu stanu wojennego zaanga\u017cowa\u0142 si\u0119 w dzia\u0142alno\u015b\u0107 opozycyjn\u0105 polegaj\u0105c\u0105 na rozwo\u017ceniu podziemnej prasy i ulotek na terenie Dolnego \u015al\u0105ska.W latach 1983-1987 wsp\u00f3\u0142pracowa\u0142 z Robotniczym Wydawnictwem \u201eFeniks\u201d, by\u0142 te\u017c cz\u0142onkiem \u201eSolidarno\u015bci Walcz\u0105cej\u201d. Zajmowa\u0142 si\u0119 produkcj\u0105 nielegalnych pism oraz ich kolporta\u017cem.<\/p>\n","protected":false},"excerpt":{"rendered":"<p>ur. w 1947 roku w m. Jod\u0142owice Odznaczenie KWiS zosta\u0142o nadane postanowieniem Prezydenta RP nr\u00a0218\/2019 Biogram Pan Zbigniew Dudek po wprowadzeniu stanu wojennego zaanga\u017cowa\u0142 si\u0119 w dzia\u0142alno\u015b\u0107 opozycyjn\u0105 polegaj\u0105c\u0105 na rozwo\u017ceniu podziemnej prasy i ulotek na terenie Dolnego \u015al\u0105ska.W latach 1983-1987 wsp\u00f3\u0142pracowa\u0142 z Robotniczym Wydawnictwem \u201eFeniks\u201d, by\u0142 te\u017c cz\u0142onkiem \u201eSolidarno\u015bci Walcz\u0105cej\u201d. Zajmowa\u0142 si\u0119 produkcj\u0105 nielegalnych [&hellip;]<\/p>\n","protected":false},"featured_media":2698,"template":"","meta":[],"_links":{"self":[{"href":"http:\/\/ludzie.fundacja-pih.pl\/index.php\/wp-json\/wp\/v2\/product\/1826"}],"collection":[{"href":"http:\/\/ludzie.fundacja-pih.pl\/index.php\/wp-json\/wp\/v2\/product"}],"about":[{"href":"http:\/\/ludzie.fundacja-pih.pl\/index.php\/wp-json\/wp\/v2\/types\/product"}],"wp:featuredmedia":[{"embeddable":true,"href":"http:\/\/ludzie.fundacja-pih.pl\/index.php\/wp-json\/wp\/v2\/media\/2698"}],"wp:attachment":[{"href":"http:\/\/ludzie.fundacja-pih.pl\/index.php\/wp-json\/wp\/v2\/media?parent=1826"}],"curies":[{"name":"wp","href":"https:\/\/api.w.org\/{rel}","templated":true}]}}