{"id":1834,"date":"2021-02-09T15:08:52","date_gmt":"2021-02-09T15:08:52","guid":{"rendered":"http:\/\/ludzie.fundacja-pih.pl\/?post_type=product&#038;p=1834"},"modified":"2025-05-16T14:15:19","modified_gmt":"2025-05-16T14:15:19","slug":"ferenc-jan","status":"publish","type":"product","link":"http:\/\/ludzie.fundacja-pih.pl\/index.php\/product\/ferenc-jan\/","title":{"rendered":"Ferenc Jan"},"content":{"rendered":"<p>Urodzi\u0142 si\u0119 23 czerwca 1951 roku we Wroc\u0142awiu.<\/p>\n<p>W 1980 roku wst\u0105pi\u0142 do NSZZ \u201eSolidarno\u015b\u0107\u201d i zosta\u0142 przewodnicz\u0105cym Komisji Rewizyjnej. Przy wyborach do w\u0142adz zarz\u0105du zwi\u0105zku wyeliminowa\u0142 cz\u0142onk\u00f3w PZPR i Rady Zak\u0142adowej. 17 maja 1982 roku zosta\u0142 zatrzymany za udzia\u0142 w strajku na terenie wroc\u0142awskich zak\u0142ad\u00f3w Polifarb, kt\u00f3ry mia\u0142 miejsce 13 maja 1982 roku. W roku 1982 rozpocz\u0105\u0142 wsp\u00f3\u0142prac\u0119 z ,,Solidarno\u015bci\u0105 Walcz\u0105c\u0105\u201d, pomaga\u0142 przy wydawaniu nielegalnych druk\u00f3w i ich kolporta\u017cu. Wsp\u00f3\u0142praca ta zako\u0144czy\u0142a si\u0119 w 1989 roku. W trakcie ww. wsp\u00f3\u0142pracy mia\u0142 kontakt z bra\u0107mi Antonim i Stanis\u0142awem Ferenc, szwagrem Marianem Huminiak oraz Stanis\u0142awem Kapikiem. 10 listopada 1982 roku uczestniczy\u0142 w akcji protestacyjnej, zorganizowanej na terenie Miejskiego Przedsi\u0119biorstwa Transportu i Sprz\u0119tu Budowlanego we Wroc\u0142awiu. Razem z innymi pracownikami odm\u00f3wi\u0142 przyst\u0105pienia do pracy, w nast\u0119pstwie czego zosta\u0142 dyscyplinarnie zwolniony. 10 maja 1983 roku Okr\u0119gowy S\u0105d Pracy i Ubezpiecze\u0144 Spo\u0142ecznych uzna\u0142 rozwi\u0105zanie umowy za bezzasadne, jednak w zwi\u0105zku z negatywnym zapisem na \u015bwiadectwie pracy oraz militaryzacj\u0105 zak\u0142adu, Jan Ferenc zosta\u0142 pozbawiony mo\u017cliwo\u015bci podj\u0119cia pracy w zawodzie. Pozosta\u0142 jej pozbawiony do wrze\u015bnia 1989 roku. W 1989 roku zosta\u0142 zrehabilitowany ustaw\u0105 sejmow\u0105, powr\u00f3ci\u0142 do zak\u0142adu macierzystego i zosta\u0142 wybrany na przewodnicz\u0105cego NSZZ \u201eSolidarno\u015b\u0107\u201d. Sprawowa\u0142 t\u0119 funkcj\u0119 do chwili sprywatyzowania zak\u0142adu pracy. W 2018 roku przeszed\u0142 na emerytur\u0119. Do sta\u017cu pracy nie zaliczono mu 7 lat pracy, mimo, \u017ce korzystnych dla niego w tej sprawie wyrok\u00f3w s\u0105dowych. Jan Ferenc zosta\u0142 uhonorowany odznak\u0105 \u201eDzia\u0142acza opozycji antykomunistycznej lub osoby represjonowanej z powod\u00f3w politycznych\u201d. (Numer legitymacji 1451 IPN.) W 2020  roku na podstawie postanowienia Prezydenta RP \u2013 276\/2020 \u2013 nadano mu Krzy\u017c Wolno\u015bci i Solidarno\u015bci. <\/p>\n","protected":false},"excerpt":{"rendered":"<p>Urodzi\u0142 si\u0119 23 czerwca 1951 roku we Wroc\u0142awiu. W 1980 roku wst\u0105pi\u0142 do NSZZ \u201eSolidarno\u015b\u0107\u201d i zosta\u0142 przewodnicz\u0105cym Komisji Rewizyjnej. Przy wyborach do w\u0142adz zarz\u0105du zwi\u0105zku wyeliminowa\u0142 cz\u0142onk\u00f3w PZPR i Rady Zak\u0142adowej. 17 maja 1982 roku zosta\u0142 zatrzymany za udzia\u0142 w strajku na terenie wroc\u0142awskich zak\u0142ad\u00f3w Polifarb, kt\u00f3ry mia\u0142 miejsce 13 maja 1982 roku. W [&hellip;]<\/p>\n","protected":false},"featured_media":3245,"template":"","meta":[],"_links":{"self":[{"href":"http:\/\/ludzie.fundacja-pih.pl\/index.php\/wp-json\/wp\/v2\/product\/1834"}],"collection":[{"href":"http:\/\/ludzie.fundacja-pih.pl\/index.php\/wp-json\/wp\/v2\/product"}],"about":[{"href":"http:\/\/ludzie.fundacja-pih.pl\/index.php\/wp-json\/wp\/v2\/types\/product"}],"wp:featuredmedia":[{"embeddable":true,"href":"http:\/\/ludzie.fundacja-pih.pl\/index.php\/wp-json\/wp\/v2\/media\/3245"}],"wp:attachment":[{"href":"http:\/\/ludzie.fundacja-pih.pl\/index.php\/wp-json\/wp\/v2\/media?parent=1834"}],"curies":[{"name":"wp","href":"https:\/\/api.w.org\/{rel}","templated":true}]}}