{"id":1842,"date":"2021-02-10T08:03:57","date_gmt":"2021-02-10T08:03:57","guid":{"rendered":"http:\/\/ludzie.fundacja-pih.pl\/?post_type=product&#038;p=1842"},"modified":"2025-05-16T14:15:20","modified_gmt":"2025-05-16T14:15:20","slug":"zalewski-stanislaw","status":"publish","type":"product","link":"http:\/\/ludzie.fundacja-pih.pl\/index.php\/product\/zalewski-stanislaw\/","title":{"rendered":"Zalewski Stanis\u0142aw"},"content":{"rendered":"<p>Urodzi\u0142 si\u0119 w 1940 roku w m. Jednoro\u017cec<\/p>\n<p>W 1980 roku zaanga\u017cowa\u0142 si\u0119 w dzia\u0142alno\u015b\u0107 Komitetu Za\u0142o\u017cycielskiego oraz Komisji Zak\u0142adowej NSZZ \u201eSolidarno\u015b\u0107\u201d w Przedsi\u0119biorstwie Budowy Kopal\u0144 Rud w Lubinie. Po wprowadzeniu stanu wojennego dzia\u0142a\u0142 w podziemiu. W ramach tej dzia\u0142alno\u015bci gromadzi\u0142 sk\u0142adki przeznaczone na pomoc dla rodzin os\u00f3b represjonowanych oraz na cele zwi\u0105zkowe. Ponadto by\u0142 redaktorem technicznym podziemnego pisma \u201eWolny G\u0142os\u201d, rozpowszechnia\u0142 wydawnictwa: \u201eZag\u0142\u0119bie Miedziowe\u201d, \u201eTygodnik Mazowsze\u201d, \u201eZ Dnia na Dzie\u0144\u201d, \u201eSolidarno\u015b\u0107 Walcz\u0105ca\u201d, jak r\u00f3wnie\u017c ksi\u0105\u017cki z drugiego obiegu, znaczki, koperty i kalendarze. W 1982 roku w zwi\u0105zku z prowadzon\u0105 dzia\u0142alno\u015bci\u0105, zosta\u0142 zatrzymany podczas konspiracyjnego spotkania cz\u0142onk\u00f3w zawieszonej NSZZ \u201eSolidarno\u015b\u0107\u201d oraz tymczasowo aresztowany i osadzony w areszcie KWMO w Legnicy. W 1983 roku S\u0105d Rejonowy w Lubinie na mocy przepis\u00f3w o amnestii umorzy\u0142 post\u0119powanie karne wobec niego. W 1984 roku zosta\u0142 zatrzymany na 48 godzin. Dzia\u0142a\u0142 w opozycji do 1989 roku. W 2015 roku na podstawie postanowienia Prezydenta RP \u2013 541\/2015 \u2013 nadano jej Krzy\u017c Wolno\u015bci i Solidarno\u015bci.<\/p>\n","protected":false},"excerpt":{"rendered":"<p>Urodzi\u0142 si\u0119 w 1940 roku w m. Jednoro\u017cec W 1980 roku zaanga\u017cowa\u0142 si\u0119 w dzia\u0142alno\u015b\u0107 Komitetu Za\u0142o\u017cycielskiego oraz Komisji Zak\u0142adowej NSZZ \u201eSolidarno\u015b\u0107\u201d w Przedsi\u0119biorstwie Budowy Kopal\u0144 Rud w Lubinie. Po wprowadzeniu stanu wojennego dzia\u0142a\u0142 w podziemiu. W ramach tej dzia\u0142alno\u015bci gromadzi\u0142 sk\u0142adki przeznaczone na pomoc dla rodzin os\u00f3b represjonowanych oraz na cele zwi\u0105zkowe. Ponadto by\u0142 [&hellip;]<\/p>\n","protected":false},"featured_media":906,"template":"","meta":[],"_links":{"self":[{"href":"http:\/\/ludzie.fundacja-pih.pl\/index.php\/wp-json\/wp\/v2\/product\/1842"}],"collection":[{"href":"http:\/\/ludzie.fundacja-pih.pl\/index.php\/wp-json\/wp\/v2\/product"}],"about":[{"href":"http:\/\/ludzie.fundacja-pih.pl\/index.php\/wp-json\/wp\/v2\/types\/product"}],"wp:featuredmedia":[{"embeddable":true,"href":"http:\/\/ludzie.fundacja-pih.pl\/index.php\/wp-json\/wp\/v2\/media\/906"}],"wp:attachment":[{"href":"http:\/\/ludzie.fundacja-pih.pl\/index.php\/wp-json\/wp\/v2\/media?parent=1842"}],"curies":[{"name":"wp","href":"https:\/\/api.w.org\/{rel}","templated":true}]}}