{"id":1848,"date":"2021-02-10T09:31:28","date_gmt":"2021-02-10T09:31:28","guid":{"rendered":"http:\/\/ludzie.fundacja-pih.pl\/?post_type=product&#038;p=1848"},"modified":"2025-05-16T14:15:21","modified_gmt":"2025-05-16T14:15:21","slug":"ziobro-jerzy-antoni","status":"publish","type":"product","link":"http:\/\/ludzie.fundacja-pih.pl\/index.php\/product\/ziobro-jerzy-antoni\/","title":{"rendered":"Ziobro Jerzy Antoni"},"content":{"rendered":"<p>Urodzi\u0142 si\u0119 w 1943 roku w Strzy\u017cowie, zm. 14 grudnia 2021 roku w Strzy\u017cu.<\/p>\n<p>By\u0142 zatrudniony jako specjalista ds. opakowa\u0144 w Zak\u0142adzie Handlowym w Strzy\u017cowie nale\u017c\u0105cym do Wojew\u00f3dzkiego Zwi\u0105zku Sp\u00f3\u0142dzielni Rolniczych w tam\u017ce. Od 1980 roku nale\u017ca\u0142 do NSZZ \u201eSolidarno\u015b\u0107\u201d w miejscu pracy. By\u0142 tak\u017ce cz\u0142onkiem Komisji Rewizyjnej Wojew\u00f3dzkiego Komitetu Za\u0142o\u017cycielskiego NSZZ RI \u201eSolidarno\u015b\u0107\u201d w Rzeszowie oraz sekretarzem Zarz\u0105du Gminnego NSZZ RI \u201eSolidarno\u015b\u0107\u201d w Strzy\u017cowie. Po wprowadzeniu stanu wojennego kontynuowa\u0142 dzia\u0142alno\u015b\u0107 zwi\u0105zkow\u0105 tworz\u0105c m.in. w po\u0142owie 1982 roku, wraz z pi\u0119cioma innymi dzia\u0142aczami NSZZ RI \u201eSolidarno\u015b\u0107\u201d na terenie Strzy\u017cowa, grup\u0119 konspiracyjn\u0105. Kolportowali oni wydawnictwa podziemne, w tym redagowany przez siebie \u201eBiuletyn Informacyjny \u00bbSolidarno\u015bci\u00ab Ziemi Strzy\u017cowskiej\u201d, nale\u017celi do Duszpasterstwa Rolnik\u00f3w, przygotowywali akcje protestacyjne. W zwi\u0105zku z prowadzon\u0105 dzia\u0142alno\u015bci\u0105 podziemn\u0105, Jerzy Ziobro zosta\u0142 zatrzymany 9 sierpnia 1982 roku, a nast\u0119pnego  dnia tymczasowo aresztowany. W areszcie przebywa\u0142 do 31 grudnia 1982 roku, kiedy to wyrokiem Wojskowego S\u0105du Garnizonowego w Rzeszowie zosta\u0142 uniewinniony od stawianych mu zarzut\u00f3w. W nast\u0119pstwie aresztowania zosta\u0142 zwolniony z pracy, a jego roszczenia dotycz\u0105ce odszkodowania z tego tytu\u0142u nie zosta\u0142y uwzgl\u0119dnione. Na wolno\u015bci ponownie nawi\u0105za\u0142 kontakty z pozosta\u0142ymi cz\u0142onkami grupy konspiracyjnej ze Strzy\u017cowa, kt\u00f3ra uleg\u0142a jednak infiltracji ze strony SB i jej dzia\u0142ania mia\u0142y ograniczony charakter. Nadal jednak anga\u017cowa\u0142 si\u0119 w dzia\u0142alno\u015b\u0107 Duszpasterstwa Rolnik\u00f3w oraz utrzymywa\u0142 kontakty z przedstawicielami \u201eSolidarno\u015bci Walcz\u0105cej\u201d z Rzeszowa oraz Og\u00f3lnopolskiego Komitetu Oporu Rolnik\u00f3w. W ramach dzia\u0142a\u0144 prewencyjnych funkcjonariusze SB przeprowadzali z nim rozmowy ostrzegawcze, nak\u0142aniali go do podj\u0119cia wsp\u00f3\u0142pracy. Z ich inspiracji w kwietniu 1985 roku zosta\u0142 r\u00f3wnie\u017c zwolniony z pracy w PKP Strzy\u017c\u00f3w. Zosta\u0142 r\u00f3wnie\u017c obj\u0119ty zakazem wyjazd\u00f3w zagranicznych wniesionym przez Wydzia\u0142 VI SB WUSW w Rzeszowie w latach 1986 &#8211; 1988. By\u0142 inwigilowany przez S\u0142u\u017cb\u0119 Bezpiecze\u0144stwa w latach 1982 &#8211; 1986 oraz 1988 &#8211; 1989. W 2016 roku  na podstawie postanowienia Prezydenta RP \u2013 nr 131\/2016 &#8211;  nadano mu Krzy\u017c Wolno\u015bci i Solidarno\u015bci.<\/p>\n","protected":false},"excerpt":{"rendered":"<p>Urodzi\u0142 si\u0119 w 1943 roku w Strzy\u017cowie, zm. 14 grudnia 2021 roku w Strzy\u017cu. By\u0142 zatrudniony jako specjalista ds. opakowa\u0144 w Zak\u0142adzie Handlowym w Strzy\u017cowie nale\u017c\u0105cym do Wojew\u00f3dzkiego Zwi\u0105zku Sp\u00f3\u0142dzielni Rolniczych w tam\u017ce. Od 1980 roku nale\u017ca\u0142 do NSZZ \u201eSolidarno\u015b\u0107\u201d w miejscu pracy. By\u0142 tak\u017ce cz\u0142onkiem Komisji Rewizyjnej Wojew\u00f3dzkiego Komitetu Za\u0142o\u017cycielskiego NSZZ RI \u201eSolidarno\u015b\u0107\u201d w [&hellip;]<\/p>\n","protected":false},"featured_media":1849,"template":"","meta":[],"_links":{"self":[{"href":"http:\/\/ludzie.fundacja-pih.pl\/index.php\/wp-json\/wp\/v2\/product\/1848"}],"collection":[{"href":"http:\/\/ludzie.fundacja-pih.pl\/index.php\/wp-json\/wp\/v2\/product"}],"about":[{"href":"http:\/\/ludzie.fundacja-pih.pl\/index.php\/wp-json\/wp\/v2\/types\/product"}],"wp:featuredmedia":[{"embeddable":true,"href":"http:\/\/ludzie.fundacja-pih.pl\/index.php\/wp-json\/wp\/v2\/media\/1849"}],"wp:attachment":[{"href":"http:\/\/ludzie.fundacja-pih.pl\/index.php\/wp-json\/wp\/v2\/media?parent=1848"}],"curies":[{"name":"wp","href":"https:\/\/api.w.org\/{rel}","templated":true}]}}