{"id":1860,"date":"2021-02-10T09:43:04","date_gmt":"2021-02-10T09:43:04","guid":{"rendered":"http:\/\/ludzie.fundacja-pih.pl\/?post_type=product&#038;p=1860"},"modified":"2025-05-16T14:15:23","modified_gmt":"2025-05-16T14:15:23","slug":"waluszko-janusz-pawel","status":"publish","type":"product","link":"http:\/\/ludzie.fundacja-pih.pl\/index.php\/product\/waluszko-janusz-pawel\/","title":{"rendered":"Waluszko Janusz Pawe\u0142"},"content":{"rendered":"<p>Urodzi\u0142 si\u0119 7 lipca 1962 roku w Gda\u0144sku.<\/p>\n<p>Od listopada 1978 roku by\u0142 wsp\u00f3\u0142wydawc\u0105 niezale\u017cnego pisma \u201eNietoperz\u201d. Od marca 1980 roku wsp\u00f3\u0142redagowa\u0142 pismo \u201eGilotyna\u201d, kt\u00f3re po wprowadzeniu stanu wojennego zmieni\u0142o nazw\u0119 na \u201eDialog\u201d, a nast\u0119pnie \u201ePodaj dalej\u201d. W dniu 10 czerwca 1982 roku zosta\u0142 aresztowany za kolporta\u017c ulotek nawo\u0142uj\u0105cych do demonstracji w p\u00f3\u0142rocze stanu wojennego. Prokuratura Marynarki Wojennej w Gdyni umorzy\u0142a post\u0119powanie. W czerwcu 1983 roku wsp\u00f3\u0142tworzy\u0142 manifest Ruchu Spo\u0142ecze\u0144stwa Alternatywnego. Od 1984 roku prowadzi\u0142 kampani\u0119 antywojskow\u0105, wzywaj\u0105c do uznania prawa do odmowy s\u0142u\u017cby wojskowej i przyznania zast\u0119pczej s\u0142u\u017cby cywilnej. Wraz ze \u201eSolidarno\u015bci\u0105 Walcz\u0105c\u0105\u201d i Federacj\u0105 M\u0142odzie\u017cy Walcz\u0105cej, wsp\u00f3\u0142organizowa\u0142 manifestacje antyrz\u0105dowe oraz happeningi. W maju 1988 roku by\u0142 wsp\u00f3\u0142za\u0142o\u017cycielem Mi\u0119dzymiast\u00f3wki Anarchistycznej i w jej ramach wraz z cz\u0142onkami ruchu Wolno\u015b\u0107 i Pok\u00f3j organizowa\u0142 akcje przeciwko budowie elektrowni atomowej w \u017barnowcu. Za swoj\u0105 dzia\u0142alno\u015b\u0107 by\u0142 kilkakrotnie aresztowany i poddany inwigilacji przez S\u0142u\u017cb\u0119 Bezpiecze\u0144stwa do 1989 roku. W 2013 roku  na podstawie postanowienia Prezydenta RP \u2013 nr 513\/2013 &#8211;  nadano mu Krzy\u017c Wolno\u015bci i Solidarno\u015bci.<\/p>\n","protected":false},"excerpt":{"rendered":"<p>Urodzi\u0142 si\u0119 7 lipca 1962 roku w Gda\u0144sku. Od listopada 1978 roku by\u0142 wsp\u00f3\u0142wydawc\u0105 niezale\u017cnego pisma \u201eNietoperz\u201d. Od marca 1980 roku wsp\u00f3\u0142redagowa\u0142 pismo \u201eGilotyna\u201d, kt\u00f3re po wprowadzeniu stanu wojennego zmieni\u0142o nazw\u0119 na \u201eDialog\u201d, a nast\u0119pnie \u201ePodaj dalej\u201d. W dniu 10 czerwca 1982 roku zosta\u0142 aresztowany za kolporta\u017c ulotek nawo\u0142uj\u0105cych do demonstracji w p\u00f3\u0142rocze stanu wojennego. [&hellip;]<\/p>\n","protected":false},"featured_media":1861,"template":"","meta":[],"_links":{"self":[{"href":"http:\/\/ludzie.fundacja-pih.pl\/index.php\/wp-json\/wp\/v2\/product\/1860"}],"collection":[{"href":"http:\/\/ludzie.fundacja-pih.pl\/index.php\/wp-json\/wp\/v2\/product"}],"about":[{"href":"http:\/\/ludzie.fundacja-pih.pl\/index.php\/wp-json\/wp\/v2\/types\/product"}],"wp:featuredmedia":[{"embeddable":true,"href":"http:\/\/ludzie.fundacja-pih.pl\/index.php\/wp-json\/wp\/v2\/media\/1861"}],"wp:attachment":[{"href":"http:\/\/ludzie.fundacja-pih.pl\/index.php\/wp-json\/wp\/v2\/media?parent=1860"}],"curies":[{"name":"wp","href":"https:\/\/api.w.org\/{rel}","templated":true}]}}