{"id":1871,"date":"2021-02-10T09:58:07","date_gmt":"2021-02-10T09:58:07","guid":{"rendered":"http:\/\/ludzie.fundacja-pih.pl\/?post_type=product&#038;p=1871"},"modified":"2025-05-16T14:15:27","modified_gmt":"2025-05-16T14:15:27","slug":"hohendorff-adam-zbigniew","status":"publish","type":"product","link":"http:\/\/ludzie.fundacja-pih.pl\/index.php\/product\/hohendorff-adam-zbigniew\/","title":{"rendered":"Hohendorff Adam Zbigniew"},"content":{"rendered":"<p>Urodzi\u0142 si\u0119 w 1961 roku w m. Warszawa<\/p>\n<p>Od pa\u017adziernika 1980 roku dzia\u0142a\u0142 w strukturach Niezale\u017cnego Zrzeszenia Student\u00f3w Uniwersytetu \u0141\u00f3dzkiego, prowadzi\u0142 bibliotek\u0119 wydawnictw niezale\u017cnych i wsp\u00f3\u0142organizowa\u0142 wyk\u0142ady Towarzystwa Kurs\u00f3w Naukowych. W styczniu i w lutym 1981 roku oraz  w dniach 14 i 15 grudnia 1981 roku, uczestniczy\u0142 w strajkach studenckich (wchodzi\u0142 w sk\u0142ad redakcji pisma strajkowego \u201eAkces\u201d). By\u0142 sygnatariuszem deklaracji Klub\u00f3w Rzeczypospolitej Samorz\u0105dnej Wolno\u015b\u0107-Sprawiedliwo\u015b\u0107-Niepodleg\u0142o\u015b\u0107. Od 1982 roku wsp\u00f3\u0142pracowa\u0142 z wydawnictwami podziemnymi takimi jak: \u201eSolidarno\u015b\u0107 Walcz\u0105ca\u201d, \u201eSzaniec\u201d, \u201eBiuletyn \u0141\u00f3dzki\u201d. W zwi\u0105zku z zarzutem udzia\u0142u w zbiegowisku publicznym i ataku na funkcjonariuszy Milicji Obywatelskiej podczas manifestacji odbytej 31 sierpnia 1982 roku w Warszawie, zosta\u0142 aresztowany i osadzony w Areszcie \u015aledczym Warszawa\u2013Bia\u0142o\u0142\u0119ka, gdzie przebywa\u0142 od 2 wrze\u015bnia do 4 pa\u017adziernika 1982 roku. W konsekwencji powy\u017cszych okoliczno\u015bci zosta\u0142 zawieszony w prawach studenta na p\u00f3\u0142 roku. W latach 1984 \u2013 1985 podlega\u0142 inwigilacji ze strony S\u0142u\u017cby Bezpiecze\u0144stwa. W 2016 roku na podstawie postanowienia Prezydenta RP \u2013 375\/2016 \u2013 nadano jej Krzy\u017c Wolno\u015bci i Solidarno\u015bci.<\/p>\n","protected":false},"excerpt":{"rendered":"<p>Urodzi\u0142 si\u0119 w 1961 roku w m. Warszawa Od pa\u017adziernika 1980 roku dzia\u0142a\u0142 w strukturach Niezale\u017cnego Zrzeszenia Student\u00f3w Uniwersytetu \u0141\u00f3dzkiego, prowadzi\u0142 bibliotek\u0119 wydawnictw niezale\u017cnych i wsp\u00f3\u0142organizowa\u0142 wyk\u0142ady Towarzystwa Kurs\u00f3w Naukowych. W styczniu i w lutym 1981 roku oraz w dniach 14 i 15 grudnia 1981 roku, uczestniczy\u0142 w strajkach studenckich (wchodzi\u0142 w sk\u0142ad redakcji pisma [&hellip;]<\/p>\n","protected":false},"featured_media":906,"template":"","meta":[],"_links":{"self":[{"href":"http:\/\/ludzie.fundacja-pih.pl\/index.php\/wp-json\/wp\/v2\/product\/1871"}],"collection":[{"href":"http:\/\/ludzie.fundacja-pih.pl\/index.php\/wp-json\/wp\/v2\/product"}],"about":[{"href":"http:\/\/ludzie.fundacja-pih.pl\/index.php\/wp-json\/wp\/v2\/types\/product"}],"wp:featuredmedia":[{"embeddable":true,"href":"http:\/\/ludzie.fundacja-pih.pl\/index.php\/wp-json\/wp\/v2\/media\/906"}],"wp:attachment":[{"href":"http:\/\/ludzie.fundacja-pih.pl\/index.php\/wp-json\/wp\/v2\/media?parent=1871"}],"curies":[{"name":"wp","href":"https:\/\/api.w.org\/{rel}","templated":true}]}}