{"id":1878,"date":"2021-02-10T10:21:18","date_gmt":"2021-02-10T10:21:18","guid":{"rendered":"http:\/\/ludzie.fundacja-pih.pl\/?post_type=product&#038;p=1878"},"modified":"2025-05-16T14:15:29","modified_gmt":"2025-05-16T14:15:29","slug":"urbanowicz-ryszard","status":"publish","type":"product","link":"http:\/\/ludzie.fundacja-pih.pl\/index.php\/product\/urbanowicz-ryszard\/","title":{"rendered":"Urbanowicz Ryszard"},"content":{"rendered":"<p>Urodzi\u0142 si\u0119 w 1932 roku w m. Wilno<\/p>\n<p>Od 1982 roku wsp\u00f3\u0142pracowa\u0142 z tajnymi strukturami Regionalnego Komitetu Strajkowego NSZZ ,,Solidarno\u015b\u0107\u201d Dolny \u015al\u0105sk i Politechniki Wroc\u0142awskiej. Regularnie drukowa\u0142 w swoim domu podziemne pismo ,,U Nas\u201d, wydawane przez podziemn\u0105 Tymczasow\u0105 Komisj\u0119 Zak\u0142adow\u0105 NSZZ ,,Solidarno\u015b\u0107\u201d w Zak\u0142adach Zmechanizowanego Sprz\u0119tu Domowego ,,Predom Polar\u201d we Wroc\u0142awiu. W pierwszej po\u0142owie 1984 roku razem ze wsp\u00f3\u0142pracownikami pisa\u0142 teksty i redagowa\u0142 to pismo. Drukowa\u0142 r\u00f3wnie\u017c inne tytu\u0142y podziemnych czasopism w tym m.in. &#8220;Z Dnia na Dzie\u0144\u201d i ,,Solidarno\u015b\u0107 Walcz\u0105ca\u201d. Wobec gro\u017aby aresztowania we wrze\u015bniu 1985 roku, wraz z ojcem Zenonem, zakopa\u0142 na terenie swojej posesji sprz\u0119t drukarski. W 2015 roku na podstawie postanowienia nr 541\/2015 Prezydenta Rzeczypospolitej Polskiej zosta\u0142 odznaczony Krzy\u017cem Wolno\u015bci i Solidarno\u015bci. <\/p>\n","protected":false},"excerpt":{"rendered":"<p>Urodzi\u0142 si\u0119 w 1932 roku w m. Wilno Od 1982 roku wsp\u00f3\u0142pracowa\u0142 z tajnymi strukturami Regionalnego Komitetu Strajkowego NSZZ ,,Solidarno\u015b\u0107\u201d Dolny \u015al\u0105sk i Politechniki Wroc\u0142awskiej. Regularnie drukowa\u0142 w swoim domu podziemne pismo ,,U Nas\u201d, wydawane przez podziemn\u0105 Tymczasow\u0105 Komisj\u0119 Zak\u0142adow\u0105 NSZZ ,,Solidarno\u015b\u0107\u201d w Zak\u0142adach Zmechanizowanego Sprz\u0119tu Domowego ,,Predom Polar\u201d we Wroc\u0142awiu. W pierwszej po\u0142owie 1984 [&hellip;]<\/p>\n","protected":false},"featured_media":906,"template":"","meta":[],"_links":{"self":[{"href":"http:\/\/ludzie.fundacja-pih.pl\/index.php\/wp-json\/wp\/v2\/product\/1878"}],"collection":[{"href":"http:\/\/ludzie.fundacja-pih.pl\/index.php\/wp-json\/wp\/v2\/product"}],"about":[{"href":"http:\/\/ludzie.fundacja-pih.pl\/index.php\/wp-json\/wp\/v2\/types\/product"}],"wp:featuredmedia":[{"embeddable":true,"href":"http:\/\/ludzie.fundacja-pih.pl\/index.php\/wp-json\/wp\/v2\/media\/906"}],"wp:attachment":[{"href":"http:\/\/ludzie.fundacja-pih.pl\/index.php\/wp-json\/wp\/v2\/media?parent=1878"}],"curies":[{"name":"wp","href":"https:\/\/api.w.org\/{rel}","templated":true}]}}