{"id":1887,"date":"2021-02-12T08:04:42","date_gmt":"2021-02-12T08:04:42","guid":{"rendered":"http:\/\/ludzie.fundacja-pih.pl\/?post_type=product&#038;p=1887"},"modified":"2025-05-16T14:15:33","modified_gmt":"2025-05-16T14:15:33","slug":"skibinska-krystyna","status":"publish","type":"product","link":"http:\/\/ludzie.fundacja-pih.pl\/index.php\/product\/skibinska-krystyna\/","title":{"rendered":"Skibi\u0144ska Krystyna"},"content":{"rendered":"<p>Urodzi\u0142a si\u0119 w 1939roku w m. Wilno<\/p>\n<p>Na pocz\u0105tku lat osiemdziesi\u0105tych XX wieku by\u0142a zatrudniona w O\u015brodku Badawczo-Rozwojowym Przemys\u0142u Maszynowego Le\u015bnictwa we Wroc\u0142awiu, gdzie od wrze\u015bnia 1980 roku by\u0142a cz\u0142onkini\u0105 NSZZ \u201eSolidarno\u015b\u0107\u201d. W 1981 roku zosta\u0142a wybrana do Komisji Zak\u0142adowej NSZZ \u201eSolidarno\u015b\u0107\u201d. Po wprowadzeniu stanu wojennego, w okresie od 29 grudnia 1981 roku do listopada 1982 roku by\u0142a dublerk\u0105 ps. \u201eOla\u201d swego m\u0119\u017ca Karola Skibi\u0144skiego, szefa Oddzia\u0142u PAX &#8211; Batory w Zgrupowaniu Brata (organizatorem by\u0142 Tadeusz \u015awierczewski), tj. podziemnej struktury licz\u0105cej oko\u0142o 20 wroc\u0142awskich zak\u0142ad\u00f3w pracy podlegaj\u0105cych Regionalnemu Komitetowi Strajkowemu (RKS) NSZZ \u201eSolidarno\u015b\u0107\u201d Dolny \u015al\u0105sk. W ramach tej dzia\u0142alno\u015bci by\u0142a odpowiedzialna za kolporta\u017c ulotek i prasy podziemnej w tym m.in. \u201eZ Dnia na Dzie\u0144\u201d. Pe\u0142ni\u0142a r\u00f3wnie\u017c funkcj\u0119 \u0142\u0105czniczki. Od maja do wrze\u015bnia 1982 roku uczestniczy\u0142a w spotkaniach RKS z udzia\u0142em ukrywaj\u0105cych si\u0119 W\u0142adys\u0142awa Frasyniuka i Barbary Labudy. 7 listopada tego samego roku zosta\u0142a zatrzymana. 9 listopada zosta\u0142a internowana i osadzona w areszcie KW MO we Wroc\u0142awiu. 7 grudnia 1982 roku internowanie zamieniono na aresztowanie. Osadzono j\u0105 w\u00f3wczas w Areszcie \u015aledczym przy Zak\u0142adzie Karnym we Wroc\u0142awiu. W grudniu 1982 roku zosta\u0142a zwolniona z pracy. 20 kwietnia 1983 roku zosta\u0142a skazana przez S\u0105d Rejonowy Wroc\u0142aw-Krzyki na kar\u0119 1,5 roku pozbawienia wolno\u015bci w zawieszeniu na 3 lata. W latach 1983 &#8211; 1989 wsp\u00f3\u0142pracowa\u0142a z Barbar\u0105 Sarapuk z \u201eSolidarno\u015bci Walcz\u0105cej\u201d, kt\u00f3r\u0105 pozna\u0142a w czasie aresztowania. W 2018 roku na podstawie postanowienia Prezydenta RP \u2013 nr 459\/2018 &#8211;  nadano jej Krzy\u017c Wolno\u015bci i Solidarno\u015bci.<\/p>\n","protected":false},"excerpt":{"rendered":"<p>Urodzi\u0142a si\u0119 w 1939roku w m. Wilno Na pocz\u0105tku lat osiemdziesi\u0105tych XX wieku by\u0142a zatrudniona w O\u015brodku Badawczo-Rozwojowym Przemys\u0142u Maszynowego Le\u015bnictwa we Wroc\u0142awiu, gdzie od wrze\u015bnia 1980 roku by\u0142a cz\u0142onkini\u0105 NSZZ \u201eSolidarno\u015b\u0107\u201d. W 1981 roku zosta\u0142a wybrana do Komisji Zak\u0142adowej NSZZ \u201eSolidarno\u015b\u0107\u201d. Po wprowadzeniu stanu wojennego, w okresie od 29 grudnia 1981 roku do listopada [&hellip;]<\/p>\n","protected":false},"featured_media":906,"template":"","meta":[],"_links":{"self":[{"href":"http:\/\/ludzie.fundacja-pih.pl\/index.php\/wp-json\/wp\/v2\/product\/1887"}],"collection":[{"href":"http:\/\/ludzie.fundacja-pih.pl\/index.php\/wp-json\/wp\/v2\/product"}],"about":[{"href":"http:\/\/ludzie.fundacja-pih.pl\/index.php\/wp-json\/wp\/v2\/types\/product"}],"wp:featuredmedia":[{"embeddable":true,"href":"http:\/\/ludzie.fundacja-pih.pl\/index.php\/wp-json\/wp\/v2\/media\/906"}],"wp:attachment":[{"href":"http:\/\/ludzie.fundacja-pih.pl\/index.php\/wp-json\/wp\/v2\/media?parent=1887"}],"curies":[{"name":"wp","href":"https:\/\/api.w.org\/{rel}","templated":true}]}}