{"id":1892,"date":"2021-02-12T08:31:56","date_gmt":"2021-02-12T08:31:56","guid":{"rendered":"http:\/\/ludzie.fundacja-pih.pl\/?post_type=product&#038;p=1892"},"modified":"2025-05-16T14:15:34","modified_gmt":"2025-05-16T14:15:34","slug":"jaworski-piotr-marceli","status":"publish","type":"product","link":"http:\/\/ludzie.fundacja-pih.pl\/index.php\/product\/jaworski-piotr-marceli\/","title":{"rendered":"Jaworski Piotr Marceli"},"content":{"rendered":"<p>Urodzi\u0142 si\u0119 w 1962 roku w m. \u0141\u00f3d\u017a<\/p>\n<p>Od 1980 roku jako student Wydzia\u0142u Historii Uniwersytetu \u0141\u00f3dzkiego aktywnie uczestniczy\u0142 w dzia\u0142aniach Niezale\u017cnego Zrzeszenia Student\u00f3w. Po 1983 roku pe\u0142ni\u0142 funkcj\u0119 przewodnicz\u0105cego Wydzia\u0142owego Samorz\u0105du Studenckiego. By\u0142 inicjatorem zawieszenia krzy\u017cy w pomieszczeniach samorz\u0105du oraz na uczelni, a tak\u017ce wsp\u00f3\u0142organizatorem akcji protestacyjnej i wsp\u00f3\u0142autorem listu przeciwko nowelizacji ustawy o szkolnictwie wy\u017cszym, skierowanego w lipcu 1985 roku do Sejmu PRL. W \u015brodowisku studenckim kolportowa\u0142 wydawnictwa bezdebitowe. W zwi\u0105zku z podejrzeniem zamiaru prowadzenia nielegalnej propagandy w trakcie planowanego wyjazdu na Mi\u0119dzynarodowy Ob\u00f3z Pracy na W\u0119gry, w sierpniu 1985 roku, zosta\u0142 obj\u0119ty zakazem wyjazd\u00f3w zagranicznych, co uniemo\u017cliwi\u0142o mu wykonywanie pracy pilota wycieczek zagranicznych. W latach 1987 &#8211; 1989 by\u0142 dzia\u0142aczem, a od wiosny 1989 roku przewodnicz\u0105cym \u0142\u00f3dzkiego oddzia\u0142u \u201eSolidarno\u015bci Walcz\u0105cej\u201d oraz wsp\u00f3\u0142za\u0142o\u017cycielem i redaktorem pisma \u201eWolno\u015b\u0107\u201d. W 2017 roku na podstawie postanowienia Prezydenta RP \u2013 482\/2017 \u2013 nadano jej Krzy\u017c Wolno\u015bci i Solidarno\u015bci.<\/p>\n","protected":false},"excerpt":{"rendered":"<p>Urodzi\u0142 si\u0119 w 1962 roku w m. \u0141\u00f3d\u017a Od 1980 roku jako student Wydzia\u0142u Historii Uniwersytetu \u0141\u00f3dzkiego aktywnie uczestniczy\u0142 w dzia\u0142aniach Niezale\u017cnego Zrzeszenia Student\u00f3w. Po 1983 roku pe\u0142ni\u0142 funkcj\u0119 przewodnicz\u0105cego Wydzia\u0142owego Samorz\u0105du Studenckiego. By\u0142 inicjatorem zawieszenia krzy\u017cy w pomieszczeniach samorz\u0105du oraz na uczelni, a tak\u017ce wsp\u00f3\u0142organizatorem akcji protestacyjnej i wsp\u00f3\u0142autorem listu przeciwko nowelizacji ustawy o [&hellip;]<\/p>\n","protected":false},"featured_media":1893,"template":"","meta":[],"_links":{"self":[{"href":"http:\/\/ludzie.fundacja-pih.pl\/index.php\/wp-json\/wp\/v2\/product\/1892"}],"collection":[{"href":"http:\/\/ludzie.fundacja-pih.pl\/index.php\/wp-json\/wp\/v2\/product"}],"about":[{"href":"http:\/\/ludzie.fundacja-pih.pl\/index.php\/wp-json\/wp\/v2\/types\/product"}],"wp:featuredmedia":[{"embeddable":true,"href":"http:\/\/ludzie.fundacja-pih.pl\/index.php\/wp-json\/wp\/v2\/media\/1893"}],"wp:attachment":[{"href":"http:\/\/ludzie.fundacja-pih.pl\/index.php\/wp-json\/wp\/v2\/media?parent=1892"}],"curies":[{"name":"wp","href":"https:\/\/api.w.org\/{rel}","templated":true}]}}