{"id":1897,"date":"2021-02-12T08:41:43","date_gmt":"2021-02-12T08:41:43","guid":{"rendered":"http:\/\/ludzie.fundacja-pih.pl\/?post_type=product&#038;p=1897"},"modified":"2025-05-16T14:15:35","modified_gmt":"2025-05-16T14:15:35","slug":"jurijkow-jan-jelcz","status":"publish","type":"product","link":"http:\/\/ludzie.fundacja-pih.pl\/index.php\/product\/jurijkow-jan-jelcz\/","title":{"rendered":"Jurijk\u00f3w Jan (Jelcz)"},"content":{"rendered":"<p>Urodzi\u0142 si\u0119 29 sierpnia 1950 roku w Bystrzycy O\u0142awskiej, zm. 4 kwietnia 2017 roku w Jelczu-Laskowicach<\/p>\n<p>By\u0142 zatrudniony w Jelcza\u0144skich Zak\u0142adach Samochodowych w Jelczu. Dzia\u0142alno\u015b\u0107 opozycyjn\u0105 prowadzi\u0142 w ramach tzw. ,,Grupy Jelcza\u0144skiej\u201d na terenie Jelcza\u0144skich Zak\u0142ad\u00f3w Samochodowych. W ramach ww. dzia\u0142alno\u015bci zbiera\u0142 sk\u0142adki pieni\u0119\u017cne na dzia\u0142alno\u015b\u0107 zwi\u0105zkow\u0105 oraz redagowa\u0142 i kolportowa\u0142 wydawnictwa podziemne w tym m.in. ulotki oraz czasopisma takie jak: ,,Gross Rosen\u201d, \u201eZ Dnia na Dzie\u0144\u201d, ,,Solidarno\u015b\u0107 Walcz\u0105ca\u201d, ,,Tygodnik Wojenny\u201d, ,,Podaj Dalej\u201d. Anga\u017cowa\u0142 si\u0119 r\u00f3wnie\u017c w przekazywanie informacji o bie\u017c\u0105cej sytuacji politycznej takim redakcjom jak: ,,Z Dnia na Dzie\u0144\u201d, ,,Solidarno\u015b\u0107 Walcz\u0105ca\u201d oraz Radiu Wolna Europa. W 2016 roku  na podstawie postanowienia Prezydenta RP \u2013 nr 453\/2016 &#8211;  nadano mu Krzy\u017c Wolno\u015bci i Solidarno\u015bci.<\/p>\n","protected":false},"excerpt":{"rendered":"<p>Urodzi\u0142 si\u0119 29 sierpnia 1950 roku w Bystrzycy O\u0142awskiej, zm. 4 kwietnia 2017 roku w Jelczu-Laskowicach By\u0142 zatrudniony w Jelcza\u0144skich Zak\u0142adach Samochodowych w Jelczu. Dzia\u0142alno\u015b\u0107 opozycyjn\u0105 prowadzi\u0142 w ramach tzw. ,,Grupy Jelcza\u0144skiej\u201d na terenie Jelcza\u0144skich Zak\u0142ad\u00f3w Samochodowych. W ramach ww. dzia\u0142alno\u015bci zbiera\u0142 sk\u0142adki pieni\u0119\u017cne na dzia\u0142alno\u015b\u0107 zwi\u0105zkow\u0105 oraz redagowa\u0142 i kolportowa\u0142 wydawnictwa podziemne w tym [&hellip;]<\/p>\n","protected":false},"featured_media":3642,"template":"","meta":[],"_links":{"self":[{"href":"http:\/\/ludzie.fundacja-pih.pl\/index.php\/wp-json\/wp\/v2\/product\/1897"}],"collection":[{"href":"http:\/\/ludzie.fundacja-pih.pl\/index.php\/wp-json\/wp\/v2\/product"}],"about":[{"href":"http:\/\/ludzie.fundacja-pih.pl\/index.php\/wp-json\/wp\/v2\/types\/product"}],"wp:featuredmedia":[{"embeddable":true,"href":"http:\/\/ludzie.fundacja-pih.pl\/index.php\/wp-json\/wp\/v2\/media\/3642"}],"wp:attachment":[{"href":"http:\/\/ludzie.fundacja-pih.pl\/index.php\/wp-json\/wp\/v2\/media?parent=1897"}],"curies":[{"name":"wp","href":"https:\/\/api.w.org\/{rel}","templated":true}]}}