{"id":1899,"date":"2021-02-12T08:48:14","date_gmt":"2021-02-12T08:48:14","guid":{"rendered":"http:\/\/ludzie.fundacja-pih.pl\/?post_type=product&#038;p=1899"},"modified":"2025-05-16T14:15:36","modified_gmt":"2025-05-16T14:15:36","slug":"kaminski-grzegorz-jerzy-radom","status":"publish","type":"product","link":"http:\/\/ludzie.fundacja-pih.pl\/index.php\/product\/kaminski-grzegorz-jerzy-radom\/","title":{"rendered":"Kami\u0144ski Grzegorz Jerzy (Radom)"},"content":{"rendered":"<p>Urodzi\u0142 si\u0119 11 sierpnia 1957 roku w Pionkach.<\/p>\n<p>Od 1981 roku nale\u017ca\u0142 do NSZZ \u201cSolidarno\u015b\u0107\u201d w Zak\u0142adzie Do\u015bwiadczalnym \u201cDozachem\u201d w Pionkach. Wsp\u00f3\u0142pracowa\u0142 z MKR Ziemia Radomska. By\u0142 wydawc\u0105 niezale\u017cnego czasopisma \u201cStop\u201d. 19 lutego 1982 roku zosta\u0142 osadzony w Areszcie \u015aledczym w Kielcach, 8 lipca tego samego roku zosta\u0142 internowany w \u0141upkowie. Od 3 sierpnia 1982 roku przebywa\u0142 w O\u015brodku Odosobnienia w Rzeszowie, od 29 wrze\u015bnia 1982 roku ponownie w O\u015brodku Odosobnienia w Kielcach. 23 grudnia 1982 roku zwolniono go z internowania. Wkr\u00f3tce Grzegorz Jerzy Kami\u0144ski powr\u00f3ci\u0142 do dzia\u0142alno\u015bci wydawniczej i kolporterskiej. By\u0142 kolporterem biuletyn\u00f3w \u201eSolidarno\u015bci Walcz\u0105cej\u201d, \u201eTygodnika Mazowsze\u201d, \u201eInformatora Regionu \u015arodkowo-Wschodniego\u201d oraz zaopatrzeniowcem konspiracyjnej poligrafii. Zaanga\u017cowa\u0142 si\u0119 w druk i kolporta\u017c bezdebitowego biuletynu \u201cBarykada\u201d. By\u0142 wsp\u00f3\u0142organizatorem kana\u0142u przerzutowego wydawnictw podziemnych z Lublina do Pionek oraz organizatorem druku ulotek nawo\u0142uj\u0105cych do bojkotu wybor\u00f3w do Sejmu PRL w pa\u017adzierniku 1985 roku. Z powodu swej dzia\u0142alno\u015bci by\u0142 inwigilowany i kontrolowany operacyjnie. W latach 1982 &#8211; 1985 funkcjonariusze SB sprawdzali go w ka\u017cdej ujawnionej sprawie nielegalnej dzia\u0142alno\u015bci na terenie Pionek i Kozienic. Grzegorz Jerzy Kami\u0144ski by\u0142 wsp\u00f3\u0142pracownikiem \u201eSolidarno\u015bci Walcz\u0105cej\u201d, KPN i NZS. 16 stycznia 1984 roku zosta\u0142 aresztowany na terenie Opola Lubelskiego. Otrzyma\u0142 zakaz wyjazd\u00f3w zagranicznych w 1986 roku. W 2019 roku na podstawie postanowienia Prezydenta RP \u2013 nr 22\/2019 &#8211;  nadano mu Krzy\u017c Wolno\u015bci i Solidarno\u015bci.<\/p>\n","protected":false},"excerpt":{"rendered":"<p>Urodzi\u0142 si\u0119 11 sierpnia 1957 roku w Pionkach. Od 1981 roku nale\u017ca\u0142 do NSZZ \u201cSolidarno\u015b\u0107\u201d w Zak\u0142adzie Do\u015bwiadczalnym \u201cDozachem\u201d w Pionkach. Wsp\u00f3\u0142pracowa\u0142 z MKR Ziemia Radomska. By\u0142 wydawc\u0105 niezale\u017cnego czasopisma \u201cStop\u201d. 19 lutego 1982 roku zosta\u0142 osadzony w Areszcie \u015aledczym w Kielcach, 8 lipca tego samego roku zosta\u0142 internowany w \u0141upkowie. Od 3 sierpnia 1982 [&hellip;]<\/p>\n","protected":false},"featured_media":1900,"template":"","meta":[],"_links":{"self":[{"href":"http:\/\/ludzie.fundacja-pih.pl\/index.php\/wp-json\/wp\/v2\/product\/1899"}],"collection":[{"href":"http:\/\/ludzie.fundacja-pih.pl\/index.php\/wp-json\/wp\/v2\/product"}],"about":[{"href":"http:\/\/ludzie.fundacja-pih.pl\/index.php\/wp-json\/wp\/v2\/types\/product"}],"wp:featuredmedia":[{"embeddable":true,"href":"http:\/\/ludzie.fundacja-pih.pl\/index.php\/wp-json\/wp\/v2\/media\/1900"}],"wp:attachment":[{"href":"http:\/\/ludzie.fundacja-pih.pl\/index.php\/wp-json\/wp\/v2\/media?parent=1899"}],"curies":[{"name":"wp","href":"https:\/\/api.w.org\/{rel}","templated":true}]}}