{"id":1907,"date":"2021-02-12T09:00:04","date_gmt":"2021-02-12T09:00:04","guid":{"rendered":"http:\/\/ludzie.fundacja-pih.pl\/?post_type=product&#038;p=1907"},"modified":"2025-05-16T14:15:39","modified_gmt":"2025-05-16T14:15:39","slug":"sobolewski-zygmunt","status":"publish","type":"product","link":"http:\/\/ludzie.fundacja-pih.pl\/index.php\/product\/sobolewski-zygmunt\/","title":{"rendered":"Sobolewski Zygmunt"},"content":{"rendered":"<p>Urodzi\u0142 si\u0119 28 pa\u017adziernika 1933 roku w Wysuszce (obecnie Ukraina).<\/p>\n<p>W sierpniu 1980 roku wsp\u00f3\u0142organizowa\u0142 strajk PKP we Wroc\u0142awiu. Od wrze\u015bnia tego samego roku organizowa\u0142 i przewodniczy\u0142 Komitetowi Za\u0142o\u017cycielskiemu \u201eSolidarno\u015b\u0107\u201d PKP Wroc\u0142aw. By\u0142 wsp\u00f3\u0142organizatorem, a od 24 wrze\u015bnia 1980 roku cz\u0142onkiem Prezydium Wroc\u0142awskiej Okr\u0119gowej Komisji Porozumiewawczej Kolejarzy. 5 pa\u017adziernika 1980 tego samego roku wszed\u0142 w sk\u0142ad Mi\u0119dzyokr\u0119gowej Komisji Porozumiewawczej Kolejarzy. W dniach 21 &#8211; 27 pa\u017adziernika 1980 roku wsp\u00f3\u0142organizowa\u0142 i uczestniczy\u0142 w g\u0142od\u00f3wce kolejarzy w Lokomotywowni Wroc\u0142aw G\u0142\u00f3wny. W latach 1980 &#8211; 1981 zosta\u0142 koordynatorem kolporta\u017cu na terenie PKP pism \u201eSolidarno\u015bci\u201d w tym m.in. tytu\u0142\u00f3w takich jak: \u201eSemafor\u201d, \u201eBiuletyn Dolno\u015bl\u0105ski\u201d, \u201eSolidarno\u015b\u0107 Dolno\u015bl\u0105ska\u201d, \u201eTygodnik Mazowsze\u201d. W dniu wprowadzenia stanu wojennego, 13 grudnia 1981 roku, zosta\u0142  internowany i osadzony w O\u015brodku Odosobnienia we Wroc\u0142awiu. 24 grudnia 1981 roku zosta\u0142 zwolniony. 28 sierpnia 1982 roku zosta\u0142 ponownie internowany w O\u015brodku Odosobnienia w Strzelinie,  zwolniono go 5 wrze\u015bnia tego samego roku. W latach 1982 &#8211; 1989 wszed\u0142 w sk\u0142ad Tajnej Komisji Zak\u0142adowej \u201eS\u201d w PKP Wroc\u0142aw OZ Ruchu i \u0141\u0105czno\u015bci, TKZ Solidarno\u015b\u0107 Kolejarzy oraz Tajnej Krajowej Sekcji Kolejarzy \u201eS\u201d we Wroc\u0142awiu. Bra\u0142 udzia\u0142 w zbi\u00f3rce sk\u0142adek na dzia\u0142alno\u015b\u0107 zwi\u0105zkow\u0105 i pomoc dla os\u00f3b represjonowanych. W latach 1982 &#8211; 1989 by\u0142 wsp\u00f3\u0142za\u0142o\u017cycielem, autorem, redaktorem i organizatorem druku pisma podziemnego \u201eWolna Droga\u201d, a tak\u017ce autorem w \u201eZ Dnia na Dzie\u0144\u201d. Kontynuowa\u0142 te\u017c koordynowanie sieci kolporta\u017cu pism podziemnych w PKP m.in. pism: \u201eWolna Droga\u201d, \u201eWola\u201d, \u201eMy\u015bli Nieinternowane\u201d, \u201eZ Dnia na Dzie\u0144\u201d, \u201eKOS\u201d, \u201eSolidarno\u015b\u0107 Walcz\u0105ca\u201d, \u201eReplika\u201d, \u201eKrzy\u017c Nowohucki\u201d, \u201eBiuletyn Dolno\u015bl\u0105ski\u201d, \u201eSolidarno\u015b\u0107 Dolno\u015bl\u0105ska\u201d, \u201eObecno\u015b\u0107\u201d, \u201eTygodnik Mazowsze\u201d. W 2014 roku  na podstawie postanowienia Prezydenta RP \u2013 nr 425\/2014 &#8211;  nadano mu Krzy\u017c Wolno\u015bci i Solidarno\u015bci.<\/p>\n","protected":false},"excerpt":{"rendered":"<p>Urodzi\u0142 si\u0119 28 pa\u017adziernika 1933 roku w Wysuszce (obecnie Ukraina). W sierpniu 1980 roku wsp\u00f3\u0142organizowa\u0142 strajk PKP we Wroc\u0142awiu. Od wrze\u015bnia tego samego roku organizowa\u0142 i przewodniczy\u0142 Komitetowi Za\u0142o\u017cycielskiemu \u201eSolidarno\u015b\u0107\u201d PKP Wroc\u0142aw. By\u0142 wsp\u00f3\u0142organizatorem, a od 24 wrze\u015bnia 1980 roku cz\u0142onkiem Prezydium Wroc\u0142awskiej Okr\u0119gowej Komisji Porozumiewawczej Kolejarzy. 5 pa\u017adziernika 1980 tego samego roku wszed\u0142 w [&hellip;]<\/p>\n","protected":false},"featured_media":906,"template":"","meta":[],"_links":{"self":[{"href":"http:\/\/ludzie.fundacja-pih.pl\/index.php\/wp-json\/wp\/v2\/product\/1907"}],"collection":[{"href":"http:\/\/ludzie.fundacja-pih.pl\/index.php\/wp-json\/wp\/v2\/product"}],"about":[{"href":"http:\/\/ludzie.fundacja-pih.pl\/index.php\/wp-json\/wp\/v2\/types\/product"}],"wp:featuredmedia":[{"embeddable":true,"href":"http:\/\/ludzie.fundacja-pih.pl\/index.php\/wp-json\/wp\/v2\/media\/906"}],"wp:attachment":[{"href":"http:\/\/ludzie.fundacja-pih.pl\/index.php\/wp-json\/wp\/v2\/media?parent=1907"}],"curies":[{"name":"wp","href":"https:\/\/api.w.org\/{rel}","templated":true}]}}