{"id":1908,"date":"2021-02-12T09:01:33","date_gmt":"2021-02-12T09:01:33","guid":{"rendered":"http:\/\/ludzie.fundacja-pih.pl\/?post_type=product&#038;p=1908"},"modified":"2025-05-16T14:15:40","modified_gmt":"2025-05-16T14:15:40","slug":"skowronski-adam","status":"publish","type":"product","link":"http:\/\/ludzie.fundacja-pih.pl\/index.php\/product\/skowronski-adam\/","title":{"rendered":"Skowro\u0144ski Adam"},"content":{"rendered":"<p>Urodzi\u0142 si\u0119 2 grudnia 1931 roku w Ko\u0142omyi, zm. 26 lipca 2017 roku.<\/p>\n<p>W styczniu 1978 roku zaanga\u017cowa\u0142 si\u0119 w dzia\u0142alno\u015b\u0107 struktur Ruch Obrony Praw Cz\u0142owieka i Obywatela, tworzonych we Wroc\u0142awiu przez Adama Ple\u015bniara, zajmuj\u0105c si\u0119 kolporta\u017cem literatury i prasy drugiego obiegu. W sierpniu 1980 roku wsp\u00f3\u0142organizowa\u0142 strajk w Miejskim Przedsi\u0119biorstwie Komunikacyjnym we Wroc\u0142awiu, a we wrze\u015bniu tego samego roku, zosta\u0142 cz\u0142onkiem kierownictwa MKS NSZZ \u201eSolidarno\u015b\u0107\u201d. 1 wrze\u015bnia 1980 roku wszed\u0142 w sk\u0142ad Komitetu Za\u0142o\u017cycielskiego Solidarno\u015bci w Kombinacie Geologicznym we Wroc\u0142awiu. W lutym 1981 roku zosta\u0142 wiceprzewodniczym Krajowej Komisji Interwencyjnej przy NSZZ \u201eSolidarno\u015b\u0107\u201d. Po wprowadzeniu stanu wojennego zosta\u0142 zwolniony z pracy, a nast\u0119pnie ukrywa\u0142 si\u0119, kontynuuj\u0105c dzia\u0142alno\u015b\u0107 konspiracyjn\u0105. 30 marca 1982 roku Adam Skowro\u0144ski zosta\u0142 internowany i osadzony w O\u015brodku Odosobnienia w Nysie. 12 lipca 1983 roku ze wzgl\u0119du na ci\u0119\u017cki stan zdrowia zosta\u0142 przeniesiony do szpitala w Nysie. Po opuszczeniu szpitala przeniesiono go do O\u015brodka Odosobnienia w Grodkowie, gdzie przebywa\u0142 do 31 sierpnia 1982 roku. 7 wrze\u015bnia 1982 roku uczestniczy\u0142 w manifestacji po pogrzebie tragicznie zmar\u0142ego Kazimierza Michalczyka i zosta\u0142 w\u00f3wczas aresztowany. Z powodu pogorszenia stanu zdrowia wskutek intensywnych przes\u0142ucha\u0144, nast\u0119pnego dnia zosta\u0142 zwolniony. W latach 1982 \u2013 1983 dzia\u0142a\u0142 w strukturach \u201eSolidarno\u015b\u0107 Walcz\u0105cej\u201d. W 2015 roku na podstawie postanowienia Prezydenta RP \u2013 356\/2015 \u2013 nadano mu Krzy\u017c Wolno\u015bci i Solidarno\u015bci.<\/p>\n","protected":false},"excerpt":{"rendered":"<p>Urodzi\u0142 si\u0119 2 grudnia 1931 roku w Ko\u0142omyi, zm. 26 lipca 2017 roku. W styczniu 1978 roku zaanga\u017cowa\u0142 si\u0119 w dzia\u0142alno\u015b\u0107 struktur Ruch Obrony Praw Cz\u0142owieka i Obywatela, tworzonych we Wroc\u0142awiu przez Adama Ple\u015bniara, zajmuj\u0105c si\u0119 kolporta\u017cem literatury i prasy drugiego obiegu. W sierpniu 1980 roku wsp\u00f3\u0142organizowa\u0142 strajk w Miejskim Przedsi\u0119biorstwie Komunikacyjnym we Wroc\u0142awiu, a [&hellip;]<\/p>\n","protected":false},"featured_media":906,"template":"","meta":[],"_links":{"self":[{"href":"http:\/\/ludzie.fundacja-pih.pl\/index.php\/wp-json\/wp\/v2\/product\/1908"}],"collection":[{"href":"http:\/\/ludzie.fundacja-pih.pl\/index.php\/wp-json\/wp\/v2\/product"}],"about":[{"href":"http:\/\/ludzie.fundacja-pih.pl\/index.php\/wp-json\/wp\/v2\/types\/product"}],"wp:featuredmedia":[{"embeddable":true,"href":"http:\/\/ludzie.fundacja-pih.pl\/index.php\/wp-json\/wp\/v2\/media\/906"}],"wp:attachment":[{"href":"http:\/\/ludzie.fundacja-pih.pl\/index.php\/wp-json\/wp\/v2\/media?parent=1908"}],"curies":[{"name":"wp","href":"https:\/\/api.w.org\/{rel}","templated":true}]}}