{"id":1911,"date":"2021-02-12T09:07:51","date_gmt":"2021-02-12T09:07:51","guid":{"rendered":"http:\/\/ludzie.fundacja-pih.pl\/?post_type=product&#038;p=1911"},"modified":"2025-05-16T14:15:41","modified_gmt":"2025-05-16T14:15:41","slug":"jerzy-soltysiak","status":"publish","type":"product","link":"http:\/\/ludzie.fundacja-pih.pl\/index.php\/product\/jerzy-soltysiak\/","title":{"rendered":"Jerzy So\u0142tysiak"},"content":{"rendered":"<p>Urodzi\u0142 si\u0119 w 1949 roku w m. Ko\u015bcielna Wie\u015b<\/p>\n<p>By\u0142 wieloletnim pracownikiem Stoczni Szczeci\u0144skiej. Aktywnie uczestniczy\u0142 w wydarzeniach Grudnia \u201970, Stycznia \u201971, Czerwca \u201976 oraz Sierpnia \u201980 w Szczecinie. 17 grudnia 1970 roku, wraz z grup\u0105 pracownik\u00f3w wydzia\u0142u W-2, wzi\u0105\u0142 udzia\u0142 w starciach z milicj\u0105 na ulicach Szczecina oraz pod budynkiem Komitetu Wojew\u00f3dzkiego PZPR i KWMO. Od 18 grudnia 1970 roku uczestniczy\u0142 w strajku okupacyjnym na terenie Stoczni Szczeci\u0144skiej, natomiast w styczniu 1971 roku na wydziale W-2 kierowa\u0142 strajkiem okupacyjnym. W czerwcu 1976 roku, podczas wydarze\u0144 w Radomiu i Ursusie, zorganizowa\u0142 na wydziale protest, kt\u00f3ry zosta\u0142 st\u0142umiony przez SB. W sierpniu 1980 roku zorganizowa\u0142 przest\u00f3j w pracy na wydziale W-5 oraz zosta\u0142 wybrany delegatem tr\u00f3jki reprezentuj\u0105cej wydzia\u0142 na zebraniu organizacyjnym strajkuj\u0105cych stoczniowc\u00f3w. W czasie strajku w sierpniu 1980 roku oraz w pierwszych dniach stanu wojennego by\u0142 zaanga\u017cowany w prac\u0119 s\u0142u\u017cb porz\u0105dkowych, kt\u00f3rych zadaniem by\u0142a ochrona pracownik\u00f3w i mienia stoczniowego. Na swoim wydziale tworzy\u0142 podziemne struktury NSZZ \u201eSolidarno\u015b\u0107\u201d. W latach 1982 &#8211; 1989 aktywnie dzia\u0142a\u0142 w podziemnej \u201eSolidarno\u015bci\u201d. Wsp\u00f3\u0142organizowa\u0142 Tajn\u0105 Komisj\u0119 Zak\u0142adow\u0105 NSZZ \u201eSolidarno\u015b\u0107\u201d Stoczni Szczeci\u0144skiej. Bra\u0142 udzia\u0142 w konspiracyjnych spotkaniach \u201eDuszpasterstwa Ludzi Pracy Jezuit\u00f3w\u201d w ko\u015bciele pw. \u015bw. Andrzeja Boboli. Poprzez zbi\u00f3rk\u0119 pieni\u0119dzy, organizowa\u0142 pomoc dla pracownik\u00f3w zwalnianych z pracy, os\u00f3b internowanych i osadzonych w wi\u0119zieniach oraz ich rodzin. Kolportowa\u0142 wydawnictwa, ulotki i pisma, takie jak: \u201eObraz\u201d, \u201eJedno\u015b\u0107\u201d, \u201eGrot\u201d, \u201eSolidarno\u015b\u0107 Walcz\u0105ca\u201d i inne. Udost\u0119pnia\u0142 swoje mieszkanie celem organizowania w nich spotka\u0144 opozycjonist\u00f3w struktur podziemnej Solidarno\u015bci. By\u0142 wielokrotnie zatrzymywany i przes\u0142uchiwany przez S\u0142u\u017cb\u0119 Bezpiecze\u0144stwa, a w jego domu przeprowadzano rewizje. Po legalizacji NSZZ \u201eSolidarno\u015b\u0107\u201d w 1989 roku zosta\u0142 jego przewodnicz\u0105cym na wydziale W-5. W roku 2018 na podstawie postanowienia Prezydenta RP \u2013 nr 303\/2018 &#8211; nadano mu Krzy\u017c Wolno\u015bci i Solidarno\u015bci. <\/p>\n","protected":false},"excerpt":{"rendered":"<p>Urodzi\u0142 si\u0119 w 1949 roku w m. Ko\u015bcielna Wie\u015b By\u0142 wieloletnim pracownikiem Stoczni Szczeci\u0144skiej. Aktywnie uczestniczy\u0142 w wydarzeniach Grudnia \u201970, Stycznia \u201971, Czerwca \u201976 oraz Sierpnia \u201980 w Szczecinie. 17 grudnia 1970 roku, wraz z grup\u0105 pracownik\u00f3w wydzia\u0142u W-2, wzi\u0105\u0142 udzia\u0142 w starciach z milicj\u0105 na ulicach Szczecina oraz pod budynkiem Komitetu Wojew\u00f3dzkiego PZPR i [&hellip;]<\/p>\n","protected":false},"featured_media":906,"template":"","meta":[],"_links":{"self":[{"href":"http:\/\/ludzie.fundacja-pih.pl\/index.php\/wp-json\/wp\/v2\/product\/1911"}],"collection":[{"href":"http:\/\/ludzie.fundacja-pih.pl\/index.php\/wp-json\/wp\/v2\/product"}],"about":[{"href":"http:\/\/ludzie.fundacja-pih.pl\/index.php\/wp-json\/wp\/v2\/types\/product"}],"wp:featuredmedia":[{"embeddable":true,"href":"http:\/\/ludzie.fundacja-pih.pl\/index.php\/wp-json\/wp\/v2\/media\/906"}],"wp:attachment":[{"href":"http:\/\/ludzie.fundacja-pih.pl\/index.php\/wp-json\/wp\/v2\/media?parent=1911"}],"curies":[{"name":"wp","href":"https:\/\/api.w.org\/{rel}","templated":true}]}}