{"id":1919,"date":"2021-02-12T09:18:00","date_gmt":"2021-02-12T09:18:00","guid":{"rendered":"http:\/\/ludzie.fundacja-pih.pl\/?post_type=product&#038;p=1919"},"modified":"2025-05-16T14:15:44","modified_gmt":"2025-05-16T14:15:44","slug":"jezewska-jadwiga","status":"publish","type":"product","link":"http:\/\/ludzie.fundacja-pih.pl\/index.php\/product\/jezewska-jadwiga\/","title":{"rendered":"Je\u017cewska Jadwiga"},"content":{"rendered":"<p>Urodzi\u0142 si\u0119 w 1950 roku w m. Wysoczyn<\/p>\n<p>W latach 1986 &#8211; 1989 by\u0142a drukarzem Niezale\u017cnych Wydawnictw Ksi\u0105\u017ckowych \u201eWers\u201d i \u201ePrawy Margines\u201d, dzia\u0142aj\u0105cych w Warszawie z ramienia \u201eSolidarno\u015bci Walcz\u0105cej\u201d. W jej warszawskim mieszkaniu funkcjonowa\u0142a w ww. okresie podziemna drukarnia, w kt\u00f3rej pracowa\u0142a wsp\u00f3lnie z m\u0119\u017cem Januszem. W 2016 roku  na podstawie postanowienia Prezydenta RP \u2013 nr 28\/2016 &#8211;  nadano mu Krzy\u017c Wolno\u015bci i Solidarno\u015bci.<\/p>\n","protected":false},"excerpt":{"rendered":"<p>Urodzi\u0142 si\u0119 w 1950 roku w m. Wysoczyn W latach 1986 &#8211; 1989 by\u0142a drukarzem Niezale\u017cnych Wydawnictw Ksi\u0105\u017ckowych \u201eWers\u201d i \u201ePrawy Margines\u201d, dzia\u0142aj\u0105cych w Warszawie z ramienia \u201eSolidarno\u015bci Walcz\u0105cej\u201d. W jej warszawskim mieszkaniu funkcjonowa\u0142a w ww. okresie podziemna drukarnia, w kt\u00f3rej pracowa\u0142a wsp\u00f3lnie z m\u0119\u017cem Januszem. W 2016 roku na podstawie postanowienia Prezydenta RP \u2013 [&hellip;]<\/p>\n","protected":false},"featured_media":906,"template":"","meta":[],"_links":{"self":[{"href":"http:\/\/ludzie.fundacja-pih.pl\/index.php\/wp-json\/wp\/v2\/product\/1919"}],"collection":[{"href":"http:\/\/ludzie.fundacja-pih.pl\/index.php\/wp-json\/wp\/v2\/product"}],"about":[{"href":"http:\/\/ludzie.fundacja-pih.pl\/index.php\/wp-json\/wp\/v2\/types\/product"}],"wp:featuredmedia":[{"embeddable":true,"href":"http:\/\/ludzie.fundacja-pih.pl\/index.php\/wp-json\/wp\/v2\/media\/906"}],"wp:attachment":[{"href":"http:\/\/ludzie.fundacja-pih.pl\/index.php\/wp-json\/wp\/v2\/media?parent=1919"}],"curies":[{"name":"wp","href":"https:\/\/api.w.org\/{rel}","templated":true}]}}