{"id":1923,"date":"2021-02-12T09:23:54","date_gmt":"2021-02-12T09:23:54","guid":{"rendered":"http:\/\/ludzie.fundacja-pih.pl\/?post_type=product&#038;p=1923"},"modified":"2025-05-16T14:15:46","modified_gmt":"2025-05-16T14:15:46","slug":"jarzebski-arkadiusz","status":"publish","type":"product","link":"http:\/\/ludzie.fundacja-pih.pl\/index.php\/product\/jarzebski-arkadiusz\/","title":{"rendered":"Jarz\u0119bski Arkadiusz"},"content":{"rendered":"<p>Urodzi\u0142 si\u0119 w 1966 roku w m. Bystrzyca K\u0142odzka<\/p>\n<p>W latach 1982 \u2013 1989 by\u0142 zaanga\u017cowany w dzia\u0142alno\u015b\u0107 opozycyjn\u0105. Nale\u017ca\u0142 do M\u0142odzie\u017cowego Komitetu Oporu we Wroc\u0142awiu. W latach 1982 &#8211; 1984 wsp\u00f3\u0142pracowa\u0142 m.in. z \u201eSolidarno\u015bci\u0105 Walcz\u0105c\u0105\u201d oraz Ruchem \u201eWolno\u015b\u0107 i Pok\u00f3j\u201d. W ramach dzia\u0142alno\u015bci konspiracyjnej gromadzi\u0142 oraz kolportowa\u0142 pras\u0119 i ulotki, wykonywa\u0142 antyre\u017cimowe napisy na murach. Uczestniczy\u0142 te\u017c w antyre\u017cimowych manifestacjach oraz happeningach \u201ePomara\u0144czowej Alternatywy\u201d. Bra\u0142 udzia\u0142 w spotkaniach organizacyjnych Polskiej Partii Socjalistycznej. By\u0142 kilkukrotnie przes\u0142uchiwany przez SB. 25 sierpnia 1988 roku, za posiadanie podziemnych druk\u00f3w zosta\u0142 ukarany przez Kolegium Ds. Wykrocze\u0144 we Wroc\u0142awiu kar\u0105 grzywny. W 2019 roku  na podstawie postanowienia Prezydenta RP \u2013 nr 438\/2019 &#8211;  nadano mu Krzy\u017c Wolno\u015bci i Solidarno\u015bci.<\/p>\n","protected":false},"excerpt":{"rendered":"<p>Urodzi\u0142 si\u0119 w 1966 roku w m. Bystrzyca K\u0142odzka W latach 1982 \u2013 1989 by\u0142 zaanga\u017cowany w dzia\u0142alno\u015b\u0107 opozycyjn\u0105. Nale\u017ca\u0142 do M\u0142odzie\u017cowego Komitetu Oporu we Wroc\u0142awiu. W latach 1982 &#8211; 1984 wsp\u00f3\u0142pracowa\u0142 m.in. z \u201eSolidarno\u015bci\u0105 Walcz\u0105c\u0105\u201d oraz Ruchem \u201eWolno\u015b\u0107 i Pok\u00f3j\u201d. W ramach dzia\u0142alno\u015bci konspiracyjnej gromadzi\u0142 oraz kolportowa\u0142 pras\u0119 i ulotki, wykonywa\u0142 antyre\u017cimowe napisy na [&hellip;]<\/p>\n","protected":false},"featured_media":906,"template":"","meta":[],"_links":{"self":[{"href":"http:\/\/ludzie.fundacja-pih.pl\/index.php\/wp-json\/wp\/v2\/product\/1923"}],"collection":[{"href":"http:\/\/ludzie.fundacja-pih.pl\/index.php\/wp-json\/wp\/v2\/product"}],"about":[{"href":"http:\/\/ludzie.fundacja-pih.pl\/index.php\/wp-json\/wp\/v2\/types\/product"}],"wp:featuredmedia":[{"embeddable":true,"href":"http:\/\/ludzie.fundacja-pih.pl\/index.php\/wp-json\/wp\/v2\/media\/906"}],"wp:attachment":[{"href":"http:\/\/ludzie.fundacja-pih.pl\/index.php\/wp-json\/wp\/v2\/media?parent=1923"}],"curies":[{"name":"wp","href":"https:\/\/api.w.org\/{rel}","templated":true}]}}