{"id":1924,"date":"2021-02-12T09:25:51","date_gmt":"2021-02-12T09:25:51","guid":{"rendered":"http:\/\/ludzie.fundacja-pih.pl\/?post_type=product&#038;p=1924"},"modified":"2025-05-16T14:15:46","modified_gmt":"2025-05-16T14:15:46","slug":"klatkowski-wiktor-arkadiusz-bialystok","status":"publish","type":"product","link":"http:\/\/ludzie.fundacja-pih.pl\/index.php\/product\/klatkowski-wiktor-arkadiusz-bialystok\/","title":{"rendered":"Klatkowski Wiktor Arkadiusz (Bia\u0142ystok)"},"content":{"rendered":"<p>Urodzi\u0142 si\u0119 w\u00a01948\u00a0roku w m.\u00a0Gorlice<\/p>\n<p>W latach 1981 &#8211; 1986 prowadzi\u0142 aktywn\u0105 dzia\u0142alno\u015b\u0107 opozycyjn\u0105. By\u0142 wsp\u00f3\u0142za\u0142o\u017cycielem i wiceprzewodnicz\u0105cym NSZZ ,,Solidarno\u015b\u0107\u201d przy Bia\u0142ostockim Zjednoczeniu Budownictwa. Po wprowadzeniu stanu wojennego zosta\u0142 zwolniony z pracy. Podj\u0105\u0142 dzia\u0142alno\u015b\u0107 konspiracyjn\u0105 w strukturach podziemnej NSZZ ,,S\u201d Region Bia\u0142ystok. Organizowa\u0142 sie\u0107 kolporta\u017cu podziemnych wydawnictw i ulotek. Na terenie plebanii ko\u015bcio\u0142a p.w. \u015bw. Andrzeja Boboli w Bia\u0142ymstoku wsp\u00f3\u0142organizowa\u0142 podziemn\u0105 drukarni\u0119. Pod koniec 1986 roku wspiera\u0142 druk periodyku ,,S\u0142owa\u201d. Uczestniczy\u0142 r\u00f3wnie\u017c w druku i kolporta\u017cu pisma ,,Solidarno\u015bci Walcz\u0105cej\u201d. Wiktor Arkadiusz Klatkowski uczestniczy\u0142 tak\u017ce w akcji rozprowadzania i zawieszania flag ,,Solidarno\u015bci\u201d oraz wykonywania napis\u00f3w o tre\u015bci patriotycznej na obiektach u\u017cyteczno\u015bci publicznej. Anga\u017cowa\u0142 si\u0119 w pomoc rodzinom os\u00f3b internowanych oraz organizowa\u0142 lokale dla ukrywaj\u0105cych si\u0119 dzia\u0142aczy podziemia. W 2016 roku na podstawie postanowienia Prezydenta RP \u2013 nr 126\/2016 &#8211;  nadano mu Krzy\u017c Wolno\u015bci i Solidarno\u015bci. <\/p>\n","protected":false},"excerpt":{"rendered":"<p>Urodzi\u0142 si\u0119 w\u00a01948\u00a0roku w m.\u00a0Gorlice W latach 1981 &#8211; 1986 prowadzi\u0142 aktywn\u0105 dzia\u0142alno\u015b\u0107 opozycyjn\u0105. By\u0142 wsp\u00f3\u0142za\u0142o\u017cycielem i wiceprzewodnicz\u0105cym NSZZ ,,Solidarno\u015b\u0107\u201d przy Bia\u0142ostockim Zjednoczeniu Budownictwa. Po wprowadzeniu stanu wojennego zosta\u0142 zwolniony z pracy. Podj\u0105\u0142 dzia\u0142alno\u015b\u0107 konspiracyjn\u0105 w strukturach podziemnej NSZZ ,,S\u201d Region Bia\u0142ystok. Organizowa\u0142 sie\u0107 kolporta\u017cu podziemnych wydawnictw i ulotek. Na terenie plebanii ko\u015bcio\u0142a p.w. \u015bw. [&hellip;]<\/p>\n","protected":false},"featured_media":1925,"template":"","meta":[],"_links":{"self":[{"href":"http:\/\/ludzie.fundacja-pih.pl\/index.php\/wp-json\/wp\/v2\/product\/1924"}],"collection":[{"href":"http:\/\/ludzie.fundacja-pih.pl\/index.php\/wp-json\/wp\/v2\/product"}],"about":[{"href":"http:\/\/ludzie.fundacja-pih.pl\/index.php\/wp-json\/wp\/v2\/types\/product"}],"wp:featuredmedia":[{"embeddable":true,"href":"http:\/\/ludzie.fundacja-pih.pl\/index.php\/wp-json\/wp\/v2\/media\/1925"}],"wp:attachment":[{"href":"http:\/\/ludzie.fundacja-pih.pl\/index.php\/wp-json\/wp\/v2\/media?parent=1924"}],"curies":[{"name":"wp","href":"https:\/\/api.w.org\/{rel}","templated":true}]}}