{"id":1948,"date":"2021-02-12T13:35:00","date_gmt":"2021-02-12T13:35:00","guid":{"rendered":"http:\/\/ludzie.fundacja-pih.pl\/?post_type=product&#038;p=1948"},"modified":"2025-05-16T14:15:53","modified_gmt":"2025-05-16T14:15:53","slug":"ryczek-stanislaw","status":"publish","type":"product","link":"http:\/\/ludzie.fundacja-pih.pl\/index.php\/product\/ryczek-stanislaw\/","title":{"rendered":"Ryczek Stanis\u0142aw"},"content":{"rendered":"<p>Urodzi\u0142 si\u0119 23 pa\u017adziernika 1957 roku w Brzegu Dolnym.<\/p>\n<p>W 1980 roku wst\u0105pi\u0142 do NSZZ \u201eSolidarno\u015b\u0107\u201d. Zajmowa\u0142 si\u0119 kolporta\u017cem ulotek oraz akcjami sabota\u017cowymi. By\u0142 cz\u0142onkiem \u201eSolidarno\u015bci Walcz\u0105cej\u201d. W 1982 roku zosta\u0142 internowany i osadzony w Zak\u0142adzie Karnym w Strzelinie. Od 1983 roku dzia\u0142a\u0142 w Komitecie Charytatywnym przy ko\u015bciele \u015bw. Karola Boromeusza w Wo\u0142owie. Od 1985 roku wsp\u00f3\u0142pracowa\u0142 z wydawnictwem \u201eFeniks\u201d we Wroc\u0142awiu. W zwi\u0105zku z prowadzon\u0105 dzia\u0142alno\u015bci\u0105 pozostawa\u0142 pod ci\u0105g\u0142\u0105 obserwacj\u0105 S\u0142u\u017cb Bezpiecze\u0144stwa, by\u0142 te\u017c wielokrotnie aresztowany. W roku 2016 na podstawie postanowienia Prezydenta RP \u2013 nr 453\/2016 &#8211; nadano mu Krzy\u017c Wolno\u015bci i Solidarno\u015bci. <\/p>\n","protected":false},"excerpt":{"rendered":"<p>Urodzi\u0142 si\u0119 23 pa\u017adziernika 1957 roku w Brzegu Dolnym. W 1980 roku wst\u0105pi\u0142 do NSZZ \u201eSolidarno\u015b\u0107\u201d. Zajmowa\u0142 si\u0119 kolporta\u017cem ulotek oraz akcjami sabota\u017cowymi. By\u0142 cz\u0142onkiem \u201eSolidarno\u015bci Walcz\u0105cej\u201d. W 1982 roku zosta\u0142 internowany i osadzony w Zak\u0142adzie Karnym w Strzelinie. Od 1983 roku dzia\u0142a\u0142 w Komitecie Charytatywnym przy ko\u015bciele \u015bw. Karola Boromeusza w Wo\u0142owie. Od 1985 [&hellip;]<\/p>\n","protected":false},"featured_media":2964,"template":"","meta":[],"_links":{"self":[{"href":"http:\/\/ludzie.fundacja-pih.pl\/index.php\/wp-json\/wp\/v2\/product\/1948"}],"collection":[{"href":"http:\/\/ludzie.fundacja-pih.pl\/index.php\/wp-json\/wp\/v2\/product"}],"about":[{"href":"http:\/\/ludzie.fundacja-pih.pl\/index.php\/wp-json\/wp\/v2\/types\/product"}],"wp:featuredmedia":[{"embeddable":true,"href":"http:\/\/ludzie.fundacja-pih.pl\/index.php\/wp-json\/wp\/v2\/media\/2964"}],"wp:attachment":[{"href":"http:\/\/ludzie.fundacja-pih.pl\/index.php\/wp-json\/wp\/v2\/media?parent=1948"}],"curies":[{"name":"wp","href":"https:\/\/api.w.org\/{rel}","templated":true}]}}