{"id":1952,"date":"2021-02-12T13:53:13","date_gmt":"2021-02-12T13:53:13","guid":{"rendered":"http:\/\/ludzie.fundacja-pih.pl\/?post_type=product&#038;p=1952"},"modified":"2025-05-16T14:15:54","modified_gmt":"2025-05-16T14:15:54","slug":"kubisz-edward-kazimierz","status":"publish","type":"product","link":"http:\/\/ludzie.fundacja-pih.pl\/index.php\/product\/kubisz-edward-kazimierz\/","title":{"rendered":"Kubisz Edward Kazimierz"},"content":{"rendered":"<p>Urodzi\u0142 si\u0119 13 lutego 1945 roku we W\u0142oszczowej.<\/p>\n<p>W sierpniu 1980 roku bra\u0142 udzia\u0142 w strajku w Fabryce Automat\u00f3w Tokarskich Ponar\u2013Wroc\u0142aw w Pleszewie. Od pa\u017adziernika 1980 roku dzia\u0142a\u0142 w strukturach NSZZ \u201eSolidarno\u015b\u0107\u201d. W grudniu tego samego roku obj\u0105\u0142 funkcj\u0119 przewodnicz\u0105cego Komisji Zak\u0142adowej i uczestniczy\u0142 w pracach Mi\u0119dzyzak\u0142adowej Komisji Koordynacyjnej w Pleszewie. W lipcu 1981 roku zosta\u0142 cz\u0142onkiem Grupy Negocjacyjnej Zarz\u0105du Regionu Wielkopolska Po\u0142udniowa w Kaliszu, powo\u0142anej do rozm\u00f3w z w\u0142adzami regionu. W marcu 1982 roku sta\u0142 si\u0119 jednym z sygnatariuszy apelu pracownik\u00f3w Pleszewskiej Fabryki Obrabiarek w sprawie uwolnienia internowanych i aresztowanych. Pe\u0142ni\u0142 rol\u0119 \u0142\u0105cznika mi\u0119dzy Tajn\u0105 Komisj\u0105 Zak\u0142adow\u0105 a MKK w Pleszewie oraz Tymczasowej Komisji Koordynacyjnej Wielkopolska Po\u0142udniowa w Kaliszu. Prowadzi\u0142 kolporta\u017c podziemnych wydawnictw w tym m.in.: \u201eTygodnika Mazowsze\u201d, \u201eWoli\u201d, \u201eWolnej Trybuny\u201d, \u201eBez Cenzury\u201d, \u201eGazety D\u017awi\u0119kowej\u201d. Bra\u0142 r\u00f3wnie\u017c udzia\u0142 w akcjach plakatowych. Dzia\u0142a\u0142 w Duszpasterstwie Ludzi Pracy oraz w Duszpasterstwie Nauczycieli przy klasztorze ss. s\u0142u\u017cebniczek w Pleszewie. W latach 1987 \u2013 1990 wsp\u00f3\u0142pracowa\u0142 z pozna\u0144skim oddzia\u0142em \u201eSolidarno\u015bci Walcz\u0105cej\u201d. W 1989 roku zosta\u0142 wsp\u00f3\u0142redaktorem podziemnego pisma zak\u0142adowego \u201eSolidarno\u015b\u0107. Famot KZ\u201d oraz cz\u0142onkiem Tymczasowej Mi\u0119dzyzak\u0142adowej Komisji Koordynacyjnej w Pleszewie. W 2014 roku na podstawie postanowienia Prezydenta RP \u2013 nr 507\/2014 &#8211;  nadano mu Krzy\u017c Wolno\u015bci i Solidarno\u015bci. <\/p>\n","protected":false},"excerpt":{"rendered":"<p>Urodzi\u0142 si\u0119 13 lutego 1945 roku we W\u0142oszczowej. W sierpniu 1980 roku bra\u0142 udzia\u0142 w strajku w Fabryce Automat\u00f3w Tokarskich Ponar\u2013Wroc\u0142aw w Pleszewie. Od pa\u017adziernika 1980 roku dzia\u0142a\u0142 w strukturach NSZZ \u201eSolidarno\u015b\u0107\u201d. W grudniu tego samego roku obj\u0105\u0142 funkcj\u0119 przewodnicz\u0105cego Komisji Zak\u0142adowej i uczestniczy\u0142 w pracach Mi\u0119dzyzak\u0142adowej Komisji Koordynacyjnej w Pleszewie. W lipcu 1981 roku [&hellip;]<\/p>\n","protected":false},"featured_media":1953,"template":"","meta":[],"_links":{"self":[{"href":"http:\/\/ludzie.fundacja-pih.pl\/index.php\/wp-json\/wp\/v2\/product\/1952"}],"collection":[{"href":"http:\/\/ludzie.fundacja-pih.pl\/index.php\/wp-json\/wp\/v2\/product"}],"about":[{"href":"http:\/\/ludzie.fundacja-pih.pl\/index.php\/wp-json\/wp\/v2\/types\/product"}],"wp:featuredmedia":[{"embeddable":true,"href":"http:\/\/ludzie.fundacja-pih.pl\/index.php\/wp-json\/wp\/v2\/media\/1953"}],"wp:attachment":[{"href":"http:\/\/ludzie.fundacja-pih.pl\/index.php\/wp-json\/wp\/v2\/media?parent=1952"}],"curies":[{"name":"wp","href":"https:\/\/api.w.org\/{rel}","templated":true}]}}