{"id":1956,"date":"2021-02-12T14:01:47","date_gmt":"2021-02-12T14:01:47","guid":{"rendered":"http:\/\/ludzie.fundacja-pih.pl\/?post_type=product&#038;p=1956"},"modified":"2025-05-16T14:15:55","modified_gmt":"2025-05-16T14:15:55","slug":"lesnianski-wieslaw","status":"publish","type":"product","link":"http:\/\/ludzie.fundacja-pih.pl\/index.php\/product\/lesnianski-wieslaw\/","title":{"rendered":"Le\u015bnia\u0144ski Wies\u0142aw"},"content":{"rendered":"<p>Urodzi\u0142 si\u0119 w 1957 roku w m. Choszczno<\/p>\n<p>W 1980 roku wst\u0105pi\u0142 do NSZZ \u201eSolidarno\u015b\u0107\u201d w PKP Wroc\u0142aw. Po wprowadzeniu stanu wojennego zaanga\u017cowa\u0142 si\u0119 w podziemn\u0105 dzia\u0142alno\u015b\u0107 opozycyjn\u0105, pe\u0142ni\u0105c funkcj\u0119 kuriera mi\u0119dzy Regionalnym Komitetem Strajkowym we Wroc\u0142awiu, a strukturami podziemia na terenie Wo\u0142owa. W latach 1983 \u2013 1987 wsp\u00f3\u0142pracowa\u0142 ze zwi\u0105zanym z \u201eSolidarno\u015bci\u0105 Walcz\u0105c\u0105\u201d Robotniczym Wydawnictwem \u201eFeniks\u201d. Zajmowa\u0142 tam si\u0119 drukiem, kolporta\u017cem i redagowaniem nielegalnych publikacji. W zwi\u0105zku z prowadzon\u0105 dzia\u0142alno\u015bci\u0105 by\u0142 dwukrotnie zatrzymywany przez funkcjonariuszy S\u0142u\u017cby Bezpiecze\u0144stwa na 48 godzin. W roku 2019 na podstawie postanowienia Prezydenta RP \u2013 nr 218\/2019 &#8211; nadano mu Krzy\u017c Wolno\u015bci i Solidarno\u015bci. <\/p>\n","protected":false},"excerpt":{"rendered":"<p>Urodzi\u0142 si\u0119 w 1957 roku w m. Choszczno W 1980 roku wst\u0105pi\u0142 do NSZZ \u201eSolidarno\u015b\u0107\u201d w PKP Wroc\u0142aw. Po wprowadzeniu stanu wojennego zaanga\u017cowa\u0142 si\u0119 w podziemn\u0105 dzia\u0142alno\u015b\u0107 opozycyjn\u0105, pe\u0142ni\u0105c funkcj\u0119 kuriera mi\u0119dzy Regionalnym Komitetem Strajkowym we Wroc\u0142awiu, a strukturami podziemia na terenie Wo\u0142owa. W latach 1983 \u2013 1987 wsp\u00f3\u0142pracowa\u0142 ze zwi\u0105zanym z \u201eSolidarno\u015bci\u0105 Walcz\u0105c\u0105\u201d Robotniczym [&hellip;]<\/p>\n","protected":false},"featured_media":2766,"template":"","meta":[],"_links":{"self":[{"href":"http:\/\/ludzie.fundacja-pih.pl\/index.php\/wp-json\/wp\/v2\/product\/1956"}],"collection":[{"href":"http:\/\/ludzie.fundacja-pih.pl\/index.php\/wp-json\/wp\/v2\/product"}],"about":[{"href":"http:\/\/ludzie.fundacja-pih.pl\/index.php\/wp-json\/wp\/v2\/types\/product"}],"wp:featuredmedia":[{"embeddable":true,"href":"http:\/\/ludzie.fundacja-pih.pl\/index.php\/wp-json\/wp\/v2\/media\/2766"}],"wp:attachment":[{"href":"http:\/\/ludzie.fundacja-pih.pl\/index.php\/wp-json\/wp\/v2\/media?parent=1956"}],"curies":[{"name":"wp","href":"https:\/\/api.w.org\/{rel}","templated":true}]}}