{"id":1957,"date":"2021-02-12T14:04:20","date_gmt":"2021-02-12T14:04:20","guid":{"rendered":"http:\/\/ludzie.fundacja-pih.pl\/?post_type=product&#038;p=1957"},"modified":"2025-05-16T14:15:55","modified_gmt":"2025-05-16T14:15:55","slug":"lemanska-aurelia","status":"publish","type":"product","link":"http:\/\/ludzie.fundacja-pih.pl\/index.php\/product\/lemanska-aurelia\/","title":{"rendered":"Lema\u0144ska Aurelia"},"content":{"rendered":"<p>Urodzi\u0142a si\u0119 w 1954 roku w m. Dukla<\/p>\n<p>W latach 1982 &#8211; 1989 prowadzi\u0142a dzia\u0142alno\u015b\u0107 opozycyjn\u0105 w ramach struktur \u201eSolidarno\u015bci Walcz\u0105cej\u201d we Wroc\u0142awiu. By\u0142a zaprzysi\u0119\u017conym cz\u0142onkiem tej organizacji. W swoim mieszkaniu, wraz z m\u0119\u017cem, prowadzi\u0142a tzw. punkt kontaktowy i magazyn podziemnych wydawnictw. By\u0142a wsp\u00f3\u0142za\u0142o\u017cycielk\u0105 i wsp\u00f3\u0142redaktorem podziemnego czasopisma \u201eVade Mecum\u201d wydawanego we Wroc\u0142awiu i Krakowie, za\u0142o\u017conego w 1988 roku w prote\u015bcie przeciwko przygotowaniom do obrad Okr\u0105g\u0142ego Sto\u0142u. Przyjmowa\u0142a we w\u0142asnym mieszkaniu dzia\u0142aczy ze wschodu, z Krakowa, Nowej Huty i z innych region\u00f3w Polski. Z mieszkania Jerzego i Aureli Lema\u0144skich korzysta\u0142 poszukiwany przez SB Kornel Morawiecki po nielegalnym powrocie z deportacji do Polski w 1988 roku. W 2017 roku  na podstawie postanowienia Prezydenta RP \u2013 nr 131\/2017 &#8211;  nadano jej Krzy\u017c Wolno\u015bci i Solidarno\u015bci.<\/p>\n","protected":false},"excerpt":{"rendered":"<p>Urodzi\u0142a si\u0119 w 1954 roku w m. Dukla W latach 1982 &#8211; 1989 prowadzi\u0142a dzia\u0142alno\u015b\u0107 opozycyjn\u0105 w ramach struktur \u201eSolidarno\u015bci Walcz\u0105cej\u201d we Wroc\u0142awiu. By\u0142a zaprzysi\u0119\u017conym cz\u0142onkiem tej organizacji. W swoim mieszkaniu, wraz z m\u0119\u017cem, prowadzi\u0142a tzw. punkt kontaktowy i magazyn podziemnych wydawnictw. By\u0142a wsp\u00f3\u0142za\u0142o\u017cycielk\u0105 i wsp\u00f3\u0142redaktorem podziemnego czasopisma \u201eVade Mecum\u201d wydawanego we Wroc\u0142awiu i Krakowie, [&hellip;]<\/p>\n","protected":false},"featured_media":1958,"template":"","meta":[],"_links":{"self":[{"href":"http:\/\/ludzie.fundacja-pih.pl\/index.php\/wp-json\/wp\/v2\/product\/1957"}],"collection":[{"href":"http:\/\/ludzie.fundacja-pih.pl\/index.php\/wp-json\/wp\/v2\/product"}],"about":[{"href":"http:\/\/ludzie.fundacja-pih.pl\/index.php\/wp-json\/wp\/v2\/types\/product"}],"wp:featuredmedia":[{"embeddable":true,"href":"http:\/\/ludzie.fundacja-pih.pl\/index.php\/wp-json\/wp\/v2\/media\/1958"}],"wp:attachment":[{"href":"http:\/\/ludzie.fundacja-pih.pl\/index.php\/wp-json\/wp\/v2\/media?parent=1957"}],"curies":[{"name":"wp","href":"https:\/\/api.w.org\/{rel}","templated":true}]}}