{"id":1959,"date":"2021-02-12T14:32:05","date_gmt":"2021-02-12T14:32:05","guid":{"rendered":"http:\/\/ludzie.fundacja-pih.pl\/?post_type=product&#038;p=1959"},"modified":"2025-05-16T14:15:56","modified_gmt":"2025-05-16T14:15:56","slug":"lipniewicz-izabella","status":"publish","type":"product","link":"http:\/\/ludzie.fundacja-pih.pl\/index.php\/product\/lipniewicz-izabella\/","title":{"rendered":"Lipniewicz Izabella"},"content":{"rendered":"<p>Urodzi\u0142a si\u0119 4 kwietnia 1953 roku w Gda\u0144sku.<\/p>\n<p>17 grudnia 1981 roku zosta\u0142a zatrzymana i aresztowana pod zarzutem, i\u017c jako cz\u0142onek NSZZ \u201eSolidarno\u015b\u0107\u201d rozpowszechnia\u0142a w Gda\u0144sku ulotki zawieraj\u0105ce \u201enieprawdziwe informacje na temat aktualnej sytuacji w kraju i na Wybrze\u017cu\u201d. S\u0105d Marynarki Wojennej w Gdyni Od 17 grudnia 1981 roku do 29 stycznia 1983 roku przebywa\u0142a kolejno: w Areszcie \u015aledczym w Gda\u0144sku, w Zak\u0142adzie Karnym Bydgoszczy-Fordonie oraz Zak\u0142adzie Karnym w Krzywa\u0144cu. w trybie dora\u017anym skaza\u0142 j\u0105 na kar\u0119 3 lat pozbawienia wolno\u015bci. W wyniku wniesienia rewizji nadzwyczajnej i ponownego rozpatrzenia sprawy przez S\u0105d Marynarki Wojennej w Gdyni, w styczniu 1983 roku Izabella Lipniewicz zosta\u0142a uniewinniona. W latach 1983 &#8211; 1988 by\u0142a \u0142\u0105czniczk\u0105 Ewy Kubasiewicz, m.in. w kontaktach z dzia\u0142aj\u0105cym w ukryciu Andrzejem Ko\u0142odziejem z \u201eSolidarno\u015bci Walcz\u0105cej\u201d. Izabella Lipniewicz wsp\u00f3\u0142pracowa\u0142a tak\u017ce z Andrzejem i Joann\u0105 Gwiazdami przy druku pisma \u201ePoza Uk\u0142adem\u201d. W 2016 roku na podstawie postanowienia Prezydenta RP \u2013 64\/2016 \u2013 nadano jej Krzy\u017c Wolno\u015bci i Solidarno\u015bci.<\/p>\n","protected":false},"excerpt":{"rendered":"<p>Urodzi\u0142a si\u0119 4 kwietnia 1953 roku w Gda\u0144sku. 17 grudnia 1981 roku zosta\u0142a zatrzymana i aresztowana pod zarzutem, i\u017c jako cz\u0142onek NSZZ \u201eSolidarno\u015b\u0107\u201d rozpowszechnia\u0142a w Gda\u0144sku ulotki zawieraj\u0105ce \u201enieprawdziwe informacje na temat aktualnej sytuacji w kraju i na Wybrze\u017cu\u201d. S\u0105d Marynarki Wojennej w Gdyni Od 17 grudnia 1981 roku do 29 stycznia 1983 roku przebywa\u0142a [&hellip;]<\/p>\n","protected":false},"featured_media":3143,"template":"","meta":[],"_links":{"self":[{"href":"http:\/\/ludzie.fundacja-pih.pl\/index.php\/wp-json\/wp\/v2\/product\/1959"}],"collection":[{"href":"http:\/\/ludzie.fundacja-pih.pl\/index.php\/wp-json\/wp\/v2\/product"}],"about":[{"href":"http:\/\/ludzie.fundacja-pih.pl\/index.php\/wp-json\/wp\/v2\/types\/product"}],"wp:featuredmedia":[{"embeddable":true,"href":"http:\/\/ludzie.fundacja-pih.pl\/index.php\/wp-json\/wp\/v2\/media\/3143"}],"wp:attachment":[{"href":"http:\/\/ludzie.fundacja-pih.pl\/index.php\/wp-json\/wp\/v2\/media?parent=1959"}],"curies":[{"name":"wp","href":"https:\/\/api.w.org\/{rel}","templated":true}]}}