{"id":1960,"date":"2021-02-12T14:38:31","date_gmt":"2021-02-12T14:38:31","guid":{"rendered":"http:\/\/ludzie.fundacja-pih.pl\/?post_type=product&#038;p=1960"},"modified":"2025-05-16T14:15:56","modified_gmt":"2025-05-16T14:15:56","slug":"lis-zbigniew","status":"publish","type":"product","link":"http:\/\/ludzie.fundacja-pih.pl\/index.php\/product\/lis-zbigniew\/","title":{"rendered":"Lis Zbigniew"},"content":{"rendered":"<p>Urodzi\u0142 si\u0119 w 1942 roku w m. \u015awietlikowa Wola<\/p>\n<p>By\u0142 czynnie zaanga\u017cowany w dzia\u0142alno\u015b\u0107 NSZZ \u201eSolidarno\u015b\u0107\u201d jako pracownik zak\u0142ad\u00f3w \u201eFadroma\u201d we Wroc\u0142awiu. Po wprowadzeniu stanu wojennego zajmowa\u0142 si\u0119 kolporta\u017cem prasy podziemnej oraz uczestniczy\u0142 w nielegalnych spotkaniach. 14 maja 1982 roku zosta\u0142 internowany. Do 26 lipca 1982 roku przebywa\u0142 w Zak\u0142adzie Karnym w Nysie. W roku 1987 zosta\u0142 ukarany przez Kolegium do spraw Wykrocze\u0144 za posiadanie podziemnych czasopism wydawanych przez \u201eSolidarno\u015b\u0107 Walcz\u0105c\u0105\u201d. W roku 2019 na podstawie postanowienia Prezydenta RP \u2013 nr 218\/2019 &#8211; nadano mu Krzy\u017c Wolno\u015bci i Solidarno\u015bci. <\/p>\n","protected":false},"excerpt":{"rendered":"<p>Urodzi\u0142 si\u0119 w 1942 roku w m. \u015awietlikowa Wola By\u0142 czynnie zaanga\u017cowany w dzia\u0142alno\u015b\u0107 NSZZ \u201eSolidarno\u015b\u0107\u201d jako pracownik zak\u0142ad\u00f3w \u201eFadroma\u201d we Wroc\u0142awiu. Po wprowadzeniu stanu wojennego zajmowa\u0142 si\u0119 kolporta\u017cem prasy podziemnej oraz uczestniczy\u0142 w nielegalnych spotkaniach. 14 maja 1982 roku zosta\u0142 internowany. Do 26 lipca 1982 roku przebywa\u0142 w Zak\u0142adzie Karnym w Nysie. W roku [&hellip;]<\/p>\n","protected":false},"featured_media":906,"template":"","meta":[],"_links":{"self":[{"href":"http:\/\/ludzie.fundacja-pih.pl\/index.php\/wp-json\/wp\/v2\/product\/1960"}],"collection":[{"href":"http:\/\/ludzie.fundacja-pih.pl\/index.php\/wp-json\/wp\/v2\/product"}],"about":[{"href":"http:\/\/ludzie.fundacja-pih.pl\/index.php\/wp-json\/wp\/v2\/types\/product"}],"wp:featuredmedia":[{"embeddable":true,"href":"http:\/\/ludzie.fundacja-pih.pl\/index.php\/wp-json\/wp\/v2\/media\/906"}],"wp:attachment":[{"href":"http:\/\/ludzie.fundacja-pih.pl\/index.php\/wp-json\/wp\/v2\/media?parent=1960"}],"curies":[{"name":"wp","href":"https:\/\/api.w.org\/{rel}","templated":true}]}}