{"id":1967,"date":"2021-02-15T08:54:53","date_gmt":"2021-02-15T08:54:53","guid":{"rendered":"http:\/\/ludzie.fundacja-pih.pl\/?post_type=product&#038;p=1967"},"modified":"2025-05-16T14:15:58","modified_gmt":"2025-05-16T14:15:58","slug":"pawlicki-stanislaw","status":"publish","type":"product","link":"http:\/\/ludzie.fundacja-pih.pl\/index.php\/product\/pawlicki-stanislaw\/","title":{"rendered":"Pawlicki Stanis\u0142aw"},"content":{"rendered":"<p>Urodzi\u0142 si\u0119 w 1939 roku w m. Darach\u00f3w<\/p>\n<p>By\u0142 pracownikiem Jelcza\u0144skich Zak\u0142ad\u00f3w Samochodowych w Jelczu-Laskowicach. Po wprowadzeniu stanu wojennego rozbudowywa\u0142 podziemne struktury NSZZ \u201eSolidarno\u015b\u0107\u201d w ramach tzw. \u201eGrupy Jelcza\u0144skiej\u201d. Wsp\u00f3\u0142uczestniczy\u0142 w druku i kolporta\u017cu podziemnego pisma \u201eGross Rosen\u201d, sygnowanego przez Tymczasow\u0105 Zak\u0142adow\u0105 Komisj\u0119 Koordynacyjn\u0105 NSZZ \u201eSolidarno\u015b\u0107\u201d w JZS, a tak\u017ce innych wydawnictw, kt\u00f3re by\u0142y powielane na urz\u0105dzeniu przekazanym przez Kornela Morawieckiego. Dzia\u0142a\u0142 na rzecz os\u00f3b represjonowanych przez komunistyczne w\u0142adze, pomaga\u0142 przy zbieraniu pieni\u0119dzy dla os\u00f3b zwalnianych z pracy i rodzin ukrywaj\u0105cych si\u0119 dzia\u0142aczy opozycji \u2013 Jana Winnika i W\u0142adys\u0142awa Frasyniuka. Po 1987 roku  Stanis\u0142aw Pawlicki wszed\u0142 w sk\u0142ad Regionalnego Komitetu Wykonawczego NSZZ \u201eSolidarno\u015b\u0107\u201d Region Dolny \u015al\u0105sk. Opozycyjn\u0105 dzia\u0142alno\u015b\u0107 kontynuowa\u0142 do 1989 roku. W roku 2016 na podstawie postanowienia Prezydenta RP \u2013 nr 453\/2016 &#8211; nadano mu Krzy\u017c Wolno\u015bci i Solidarno\u015bci. <\/p>\n","protected":false},"excerpt":{"rendered":"<p>Urodzi\u0142 si\u0119 w 1939 roku w m. Darach\u00f3w By\u0142 pracownikiem Jelcza\u0144skich Zak\u0142ad\u00f3w Samochodowych w Jelczu-Laskowicach. Po wprowadzeniu stanu wojennego rozbudowywa\u0142 podziemne struktury NSZZ \u201eSolidarno\u015b\u0107\u201d w ramach tzw. \u201eGrupy Jelcza\u0144skiej\u201d. Wsp\u00f3\u0142uczestniczy\u0142 w druku i kolporta\u017cu podziemnego pisma \u201eGross Rosen\u201d, sygnowanego przez Tymczasow\u0105 Zak\u0142adow\u0105 Komisj\u0119 Koordynacyjn\u0105 NSZZ \u201eSolidarno\u015b\u0107\u201d w JZS, a tak\u017ce innych wydawnictw, kt\u00f3re by\u0142y powielane [&hellip;]<\/p>\n","protected":false},"featured_media":906,"template":"","meta":[],"_links":{"self":[{"href":"http:\/\/ludzie.fundacja-pih.pl\/index.php\/wp-json\/wp\/v2\/product\/1967"}],"collection":[{"href":"http:\/\/ludzie.fundacja-pih.pl\/index.php\/wp-json\/wp\/v2\/product"}],"about":[{"href":"http:\/\/ludzie.fundacja-pih.pl\/index.php\/wp-json\/wp\/v2\/types\/product"}],"wp:featuredmedia":[{"embeddable":true,"href":"http:\/\/ludzie.fundacja-pih.pl\/index.php\/wp-json\/wp\/v2\/media\/906"}],"wp:attachment":[{"href":"http:\/\/ludzie.fundacja-pih.pl\/index.php\/wp-json\/wp\/v2\/media?parent=1967"}],"curies":[{"name":"wp","href":"https:\/\/api.w.org\/{rel}","templated":true}]}}