{"id":1970,"date":"2021-02-15T09:01:32","date_gmt":"2021-02-15T09:01:32","guid":{"rendered":"http:\/\/ludzie.fundacja-pih.pl\/?post_type=product&#038;p=1970"},"modified":"2025-05-16T14:15:59","modified_gmt":"2025-05-16T14:15:59","slug":"pestkowski-rafal-jerzy","status":"publish","type":"product","link":"http:\/\/ludzie.fundacja-pih.pl\/index.php\/product\/pestkowski-rafal-jerzy\/","title":{"rendered":"Pestkowski Rafa\u0142 Jerzy"},"content":{"rendered":"<p>Urodzi\u0142 si\u0119 w 1963 roku w m. Wroc\u0142aw<\/p>\n<p>Dzia\u0142alno\u015b\u0107 opozycyjn\u0105 rozpocz\u0105\u0142 w trakcie studi\u00f3w na Politechnice Wroc\u0142awskiej. W 1984 roku wsp\u00f3\u0142tworzy\u0142 Centrum Informacyjne \u201eSolidarno\u015bci\u201d Dolnego \u015al\u0105ska. Centrum to zajmowa\u0142o si\u0119 zbieraniem oraz wymian\u0105 informacji dotycz\u0105cych funkcjonowania struktur opozycyjnych na terenie ca\u0142ego kraju, kierowa\u0142 nim do roku 1989. Rafa\u0142 Jerzy Pestkowski koordynowa\u0142 prac\u0119 \u0142\u0105cznik\u00f3w oraz kolporta\u017c podziemnej prasy i wydawnictw bezdebitowych, a tak\u017ce gromadzenie i przechowywanie tych materia\u0142\u00f3w. W ramach ww. dzia\u0142alno\u015bci wsp\u00f3\u0142pracowa\u0142 m.in. z Regionalnym Komitetem Strajkowym oraz z \u201eSolidarno\u015bci\u0105 Walcz\u0105c\u0105\u201d. W roku 2019 na podstawie postanowienia Prezydenta RP \u2013 nr 146\/2019 &#8211; nadano mu Krzy\u017c Wolno\u015bci i Solidarno\u015bci. <\/p>\n","protected":false},"excerpt":{"rendered":"<p>Urodzi\u0142 si\u0119 w 1963 roku w m. Wroc\u0142aw Dzia\u0142alno\u015b\u0107 opozycyjn\u0105 rozpocz\u0105\u0142 w trakcie studi\u00f3w na Politechnice Wroc\u0142awskiej. W 1984 roku wsp\u00f3\u0142tworzy\u0142 Centrum Informacyjne \u201eSolidarno\u015bci\u201d Dolnego \u015al\u0105ska. Centrum to zajmowa\u0142o si\u0119 zbieraniem oraz wymian\u0105 informacji dotycz\u0105cych funkcjonowania struktur opozycyjnych na terenie ca\u0142ego kraju, kierowa\u0142 nim do roku 1989. Rafa\u0142 Jerzy Pestkowski koordynowa\u0142 prac\u0119 \u0142\u0105cznik\u00f3w oraz kolporta\u017c [&hellip;]<\/p>\n","protected":false},"featured_media":1971,"template":"","meta":[],"_links":{"self":[{"href":"http:\/\/ludzie.fundacja-pih.pl\/index.php\/wp-json\/wp\/v2\/product\/1970"}],"collection":[{"href":"http:\/\/ludzie.fundacja-pih.pl\/index.php\/wp-json\/wp\/v2\/product"}],"about":[{"href":"http:\/\/ludzie.fundacja-pih.pl\/index.php\/wp-json\/wp\/v2\/types\/product"}],"wp:featuredmedia":[{"embeddable":true,"href":"http:\/\/ludzie.fundacja-pih.pl\/index.php\/wp-json\/wp\/v2\/media\/1971"}],"wp:attachment":[{"href":"http:\/\/ludzie.fundacja-pih.pl\/index.php\/wp-json\/wp\/v2\/media?parent=1970"}],"curies":[{"name":"wp","href":"https:\/\/api.w.org\/{rel}","templated":true}]}}