{"id":1972,"date":"2021-02-15T09:02:45","date_gmt":"2021-02-15T09:02:45","guid":{"rendered":"http:\/\/ludzie.fundacja-pih.pl\/?post_type=product&#038;p=1972"},"modified":"2025-05-16T14:16:00","modified_gmt":"2025-05-16T14:16:00","slug":"piatek-tadeusz","status":"publish","type":"product","link":"http:\/\/ludzie.fundacja-pih.pl\/index.php\/product\/piatek-tadeusz\/","title":{"rendered":"Pi\u0105tek Tadeusz"},"content":{"rendered":"<p>Urodzi\u0142 si\u0119 23 lutego 1946 roku w Borz\u0119cinie k. \u017bmigrodu.<\/p>\n<p>W sierpniu 1980 roku by\u0142 jednym z g\u0142\u00f3wnych organizator\u00f3w strajku w Sp\u00f3\u0142dzielni Mieszkaniowej \u201eMetalowiec\u201d we Wroc\u0142awiu. We wrze\u015bniu 1980 roku wst\u0105pi\u0142 do NSZZ \u201eSolidarno\u015b\u0107\u201d, gdzie pe\u0142ni\u0142 funkcj\u0119 przewodnicz\u0105cego Komitetu Za\u0142o\u017cycielskiego, a nast\u0119pnie Komisji Zak\u0142adowej NSZZ \u201eSolidarno\u015b\u0107\u201d. Po wprowadzeniu stanu wojennego, tj. od grudnia 1981 roku do 1987 roku pe\u0142ni\u0142 funkcj\u0119  przewodnicz\u0105cego Tymczasowej Komisji Koordynacyjnej NSZZ \u201eSolidarno\u015b\u0107\u201d w zak\u0142adzie pracy. Uczestniczy\u0142 w r\u00f3\u017cnych formach oporu, mi\u0119dzy innymi bior\u0105c udzia\u0142 w demonstracjach ulicznych oraz kolportuj\u0105c niezale\u017cne wydawnictwa. W styczniu 1983 roku przy\u0142\u0105czy\u0142 si\u0119 do \u201eSolidarno\u015bci Walcz\u0105cej\u201d, w ramach dzia\u0142alno\u015bci w kt\u00f3rej wsp\u00f3\u0142organizowa\u0142 Robotnicze Wydawnictwo \u201eFeniks\u201d we Wroc\u0142awiu. Dla cel\u00f3w drukarni udost\u0119pnia\u0142 swoje mieszkanie. Ukrywa\u0142 w nim r\u00f3wnie\u017c osoby poszukiwane przez S\u0142u\u017cby Bezpiecze\u0144stwa. W kwietniu 1987 roku zosta\u0142 zatrzymany, w zwi\u0105zku ze znalezieniem w jego mieszkaniu urz\u0105dze\u0144 drukarskich, farby drukarskiej oraz podziemnych wydawnictw, i ukarany grzywn\u0105 oraz przepadkiem dowod\u00f3w zabezpieczonych w trakcie przeszukania mieszkania. Od drugiej po\u0142owy lat osiemdziesi\u0105tych prowadzi\u0142 bibliotek\u0119 wydawnictw podziemnych oraz organizowa\u0142 spotkania dyskusyjne i spektakle teatralne w prywatnych mieszkaniach. W 2016 roku  na podstawie postanowienia Prezydenta RP \u2013 nr 295\/2016 &#8211;  nadano mu Krzy\u017c Wolno\u015bci i Solidarno\u015bci.<\/p>\n","protected":false},"excerpt":{"rendered":"<p>Urodzi\u0142 si\u0119 23 lutego 1946 roku w Borz\u0119cinie k. \u017bmigrodu. W sierpniu 1980 roku by\u0142 jednym z g\u0142\u00f3wnych organizator\u00f3w strajku w Sp\u00f3\u0142dzielni Mieszkaniowej \u201eMetalowiec\u201d we Wroc\u0142awiu. We wrze\u015bniu 1980 roku wst\u0105pi\u0142 do NSZZ \u201eSolidarno\u015b\u0107\u201d, gdzie pe\u0142ni\u0142 funkcj\u0119 przewodnicz\u0105cego Komitetu Za\u0142o\u017cycielskiego, a nast\u0119pnie Komisji Zak\u0142adowej NSZZ \u201eSolidarno\u015b\u0107\u201d. Po wprowadzeniu stanu wojennego, tj. od grudnia 1981 roku [&hellip;]<\/p>\n","protected":false},"featured_media":1973,"template":"","meta":[],"_links":{"self":[{"href":"http:\/\/ludzie.fundacja-pih.pl\/index.php\/wp-json\/wp\/v2\/product\/1972"}],"collection":[{"href":"http:\/\/ludzie.fundacja-pih.pl\/index.php\/wp-json\/wp\/v2\/product"}],"about":[{"href":"http:\/\/ludzie.fundacja-pih.pl\/index.php\/wp-json\/wp\/v2\/types\/product"}],"wp:featuredmedia":[{"embeddable":true,"href":"http:\/\/ludzie.fundacja-pih.pl\/index.php\/wp-json\/wp\/v2\/media\/1973"}],"wp:attachment":[{"href":"http:\/\/ludzie.fundacja-pih.pl\/index.php\/wp-json\/wp\/v2\/media?parent=1972"}],"curies":[{"name":"wp","href":"https:\/\/api.w.org\/{rel}","templated":true}]}}