{"id":1983,"date":"2021-02-15T09:13:05","date_gmt":"2021-02-15T09:13:05","guid":{"rendered":"http:\/\/ludzie.fundacja-pih.pl\/?post_type=product&#038;p=1983"},"modified":"2025-05-16T14:16:03","modified_gmt":"2025-05-16T14:16:03","slug":"lysiak-jerzy-karol","status":"publish","type":"product","link":"http:\/\/ludzie.fundacja-pih.pl\/index.php\/product\/lysiak-jerzy-karol\/","title":{"rendered":"\u0141ysiak Jerzy Karol"},"content":{"rendered":"<p>ur. w 1945 roku w m. Jaszcz\u00f3w<\/p>\n<p>Odznaczenie KWiS zosta\u0142o nadane postanowieniem Prezydenta RP nr\u00a0295\/2016<\/p>\n<h3>Biogram<\/h3>\n<p>Pan Jerzy Karol \u0141ysiak w marcu 1968 r. uczestniczy\u0142 w demonstracjach studenckich w Lublinie. Od wrze\u015bnia 1980 r. by\u0142 aktywnym dzia\u0142aczem \u201eSolidarno\u015bci\u201d, cz\u0142onkiem Komitetu Za\u0142o\u017cycielskiego, a nast\u0119pnie wiceprzewodnicz\u0105cym Komisji Zak\u0142adowej NSZZ \u201eSolidarno\u015b\u0107\u201d w Wojew\u00f3dzkim Przedsi\u0119biorstwie Handlu Wewn\u0119trznego w Opolu. W 1980 r. zosta\u0142 wsp\u00f3\u0142redaktorem niezale\u017cnego pisma \u201eSolidarno\u015b\u0107 Opolszczyzny\u201d oraz wsp\u00f3\u0142wydawc\u0105 i redaktorem \u201eTygodni\u00f3wki WPHW\u201d. W 1981 r. by\u0142 delegatem na I Walne Zebranie Delegat\u00f3w NSZZ \u201eSolidarno\u015b\u0107\u201d Regionu \u015al\u0105sk Opolski, a nast\u0119pnie cz\u0142onkiem Zarz\u0105du Regionu NSZZ \u201eSolidarno\u015b\u0107\u201d Regionu \u015al\u0105sk Opolski. We wrze\u015bniu 1981 r. zosta\u0142 delegatem na I Krajowy Zjazd Delegat\u00f3w NSZZ \u201eSolidarno\u015b\u0107\u201d w Gda\u0144sku.13 grudnia 1981 r. Pan Jerzy \u0141ysiak zosta\u0142 internowany w o\u015brodkach odosobnienia w Opolu i Nysie, gdzie przebywa\u0142 do lipca 1982 r. W o\u015brodku w Nysie by\u0142 redaktorem r\u0119cznie sporz\u0105dzanych niezale\u017cnych gazetek, m.in. \u201eInterwa\u0142u\u201d. W latach 1982-1985 Pan Jerzy \u0141ysiak zajmowa\u0142 si\u0119 kolporta\u017cem wydawnictw podziemnych, takich jak: \u201eSolidarno\u015b\u0107 Walcz\u0105ca\u201d, \u201eObecno\u015b\u0107\u201d, \u201eKOS\u201d. Za sw\u0105 dzia\u0142alno\u015b\u0107 zosta\u0142 przeniesiony na ni\u017csze stanowisko s\u0142u\u017cbowe w WPHW w Opolu, a w 1984 r. zwolniony z pracy.<\/p>\n<h3>Biogram opracowano na podstawie:<\/h3>\n<ul>\n<li>materia\u0142\u00f3w archiwalnych Instytutu Pami\u0119ci Narodowej<\/li>\n<\/ul>\n","protected":false},"excerpt":{"rendered":"<p>ur. w 1945 roku w m. Jaszcz\u00f3w Odznaczenie KWiS zosta\u0142o nadane postanowieniem Prezydenta RP nr\u00a0295\/2016 Biogram Pan Jerzy Karol \u0141ysiak w marcu 1968 r. uczestniczy\u0142 w demonstracjach studenckich w Lublinie. Od wrze\u015bnia 1980 r. by\u0142 aktywnym dzia\u0142aczem \u201eSolidarno\u015bci\u201d, cz\u0142onkiem Komitetu Za\u0142o\u017cycielskiego, a nast\u0119pnie wiceprzewodnicz\u0105cym Komisji Zak\u0142adowej NSZZ \u201eSolidarno\u015b\u0107\u201d w Wojew\u00f3dzkim Przedsi\u0119biorstwie Handlu Wewn\u0119trznego w Opolu. [&hellip;]<\/p>\n","protected":false},"featured_media":1984,"template":"","meta":[],"_links":{"self":[{"href":"http:\/\/ludzie.fundacja-pih.pl\/index.php\/wp-json\/wp\/v2\/product\/1983"}],"collection":[{"href":"http:\/\/ludzie.fundacja-pih.pl\/index.php\/wp-json\/wp\/v2\/product"}],"about":[{"href":"http:\/\/ludzie.fundacja-pih.pl\/index.php\/wp-json\/wp\/v2\/types\/product"}],"wp:featuredmedia":[{"embeddable":true,"href":"http:\/\/ludzie.fundacja-pih.pl\/index.php\/wp-json\/wp\/v2\/media\/1984"}],"wp:attachment":[{"href":"http:\/\/ludzie.fundacja-pih.pl\/index.php\/wp-json\/wp\/v2\/media?parent=1983"}],"curies":[{"name":"wp","href":"https:\/\/api.w.org\/{rel}","templated":true}]}}