{"id":1989,"date":"2021-02-15T09:18:03","date_gmt":"2021-02-15T09:18:03","guid":{"rendered":"http:\/\/ludzie.fundacja-pih.pl\/?post_type=product&#038;p=1989"},"modified":"2025-05-16T14:16:03","modified_gmt":"2025-05-16T14:16:03","slug":"madej-jan","status":"publish","type":"product","link":"http:\/\/ludzie.fundacja-pih.pl\/index.php\/product\/madej-jan\/","title":{"rendered":"Madej Jan"},"content":{"rendered":"<p>Urodzi\u0142 si\u0119 26 wrze\u015bnia 1952 roku w Dobrem k. Opola.<\/p>\n<p>Jako ucze\u0144 Szko\u0142y Podstawowej, 9 marca 1968 roku w Dobrem zorganizowa\u0142 protest dzieci w oboenie student\u00f3w. By\u0142 przes\u0142uchiwany przez funkcjonariuszy KPMO w Opolu Lubelskim. W sierpniu 1980 roku zosta\u0142 organizatorem i przewodnicz\u0105cym strajku w Zak\u0142adach G\u00f3rniczych Polkowice, a we wrze\u015bniu tego samego roku stan\u0105\u0142 na czele Komitetu Za\u0142o\u017cycielskiego NSZZ \u201eSolidarno\u015b\u0107\u201d. Od tego czasu by\u0142 aktywnie zaanga\u017cowany w dzia\u0142alno\u015b\u0107 zwi\u0105zkow\u0105 na terenie Lubina i Polkowic. Po wprowadzeniu stanu wojennego wsp\u00f3\u0142tworzy\u0142 Tymczasow\u0105 Komisj\u0119 Zak\u0142adow\u0105 \u201eSolidarno\u015b\u0107\u201d w zak\u0142adzie pracy. Z powodu udzia\u0142u w koordynowaniu podziemnych struktur \u201eSolidarno\u015bci\u201d na terenie Zak\u0142ad\u00f3w G\u00f3rniczych Polkowice oraz kolporta\u017cu nielegalnych wydawnictw, a tak\u017ce na skutek organizowania zbi\u00f3rek pieni\u0119dzy na potrzeby konspiracji, 7 wrze\u015bnia 1982 roku zosta\u0142 zatrzymany przez funkcjonariuszy WUSW w Legnicy, a w jego mieszkaniu przeprowadzono rewizj\u0119 podczas kt\u00f3rej zarekwirowano biuletyny NSZZ \u201eS\u201d oraz nielegalne ulotki. W lutym 1984 roku Jan Madej wszed\u0142 w sk\u0142ad Mi\u0119dzyzak\u0142adowej Komisji Wykonawczej NSZZ \u201eSolidarno\u015b\u0107\u201d na terenie Lubina. Zajmowa\u0142 si\u0119 m.in. drukowaniem i kolporta\u017cem czasopism takich jak: \u201eSolidarno\u015b\u0107 Dolno\u015bl\u0105ska\u201d, \u201eZ Dnia na Dzie\u0144\u201d, \u201eZag\u0142\u0119bie Miedziowe\u201d, \u201eSolidarno\u015b\u0107 Walcz\u0105ca\u201d i \u201e\u017b\u0105d\u0142o Robola\u201d. Zajmowa\u0142 si\u0119 r\u00f3wnie\u017c wsp\u00f3\u0142prac\u0105 z innymi o\u015brodkami NSZZ \u201eS\u201d na Dolnym \u015al\u0105sku. 9 marca 1985 roku zosta\u0142 aresztowany i osadzony w Areszcie \u015aledczym w Legnicy, a nast\u0119pnie w Zak\u0142adzie Karnym we Wroc\u0142awiu i w Zak\u0142adzie Karnym w Strzelnie. By\u0142 tam przetrzymywany do 27 listopada 1985 roku. Wyrokiem S\u0105du Rejonowego w Legnicy z 14 sierpnia 1985 roku zosta\u0142 skazany na 2 lata pozbawienia wolno\u015bci, a po rewizji wyroku i ponownym rozpatrzeniu sprawy, 12 lutego 1986 roku skazano go na 2 lata pozbawienia wolnosci oraz kar\u0119 grzywny. Wielokrotnie do\u015bwiadcza\u0142 represji ze strony funkcjonariuszy organ\u00f3w bezpiecze\u0144stwa pa\u0144stwa, by\u0142 zatrzymywany, przes\u0142uchiwany, a tak\u017ce poddawany rewizjom w miejscu zamieszkania oraz pracy. W roku 2016 na podstawie postanowienia Prezydenta RP \u2013 nr 577\/2016 &#8211; nadano mu Krzy\u017c Wolno\u015bci i Solidarno\u015bci. <\/p>\n","protected":false},"excerpt":{"rendered":"<p>Urodzi\u0142 si\u0119 26 wrze\u015bnia 1952 roku w Dobrem k. Opola. Jako ucze\u0144 Szko\u0142y Podstawowej, 9 marca 1968 roku w Dobrem zorganizowa\u0142 protest dzieci w oboenie student\u00f3w. By\u0142 przes\u0142uchiwany przez funkcjonariuszy KPMO w Opolu Lubelskim. W sierpniu 1980 roku zosta\u0142 organizatorem i przewodnicz\u0105cym strajku w Zak\u0142adach G\u00f3rniczych Polkowice, a we wrze\u015bniu tego samego roku stan\u0105\u0142 na [&hellip;]<\/p>\n","protected":false},"featured_media":906,"template":"","meta":[],"_links":{"self":[{"href":"http:\/\/ludzie.fundacja-pih.pl\/index.php\/wp-json\/wp\/v2\/product\/1989"}],"collection":[{"href":"http:\/\/ludzie.fundacja-pih.pl\/index.php\/wp-json\/wp\/v2\/product"}],"about":[{"href":"http:\/\/ludzie.fundacja-pih.pl\/index.php\/wp-json\/wp\/v2\/types\/product"}],"wp:featuredmedia":[{"embeddable":true,"href":"http:\/\/ludzie.fundacja-pih.pl\/index.php\/wp-json\/wp\/v2\/media\/906"}],"wp:attachment":[{"href":"http:\/\/ludzie.fundacja-pih.pl\/index.php\/wp-json\/wp\/v2\/media?parent=1989"}],"curies":[{"name":"wp","href":"https:\/\/api.w.org\/{rel}","templated":true}]}}