{"id":1990,"date":"2021-02-15T09:19:45","date_gmt":"2021-02-15T09:19:45","guid":{"rendered":"http:\/\/ludzie.fundacja-pih.pl\/?post_type=product&#038;p=1990"},"modified":"2025-05-16T14:16:04","modified_gmt":"2025-05-16T14:16:04","slug":"majewski-grzegorz-jan","status":"publish","type":"product","link":"http:\/\/ludzie.fundacja-pih.pl\/index.php\/product\/majewski-grzegorz-jan\/","title":{"rendered":"Majewski Grzegorz Jan"},"content":{"rendered":"<p>Urodzi\u0142 si\u01192 maja 1967 roku we Wroc\u0142awiu.<\/p>\n<p>Jako ucze\u0144 szko\u0142y zawodowej, by\u0142 zaanga\u017cowany w druk i kolporta\u017c ulotek i plakat\u00f3w. Uczestniczy\u0142 r\u00f3wnie\u017c w akcjach malowania antyre\u017cimowych napis\u00f3w na murach. W latach 1985 \u2013 1990 kolportowa\u0142 podziemne czasopisma: \u201eZ Dnia na Dzie\u0144\u201d, \u201eSolidarno\u015b\u0107 Walcz\u0105ca\u201d, \u201eSerwis Informacyjny WiP\u201d, \u201eHydralek\u201d i \u201eRegion\u201d. Od 1985 roku wsp\u00f3\u0142pracowa\u0142 z \u201eSolidarno\u015bci\u0105 Walcz\u0105c\u0105\u201d. W\u0142\u0105czy\u0142 si\u0119 w tworzenie i dzia\u0142alno\u015b\u0107 rozg\u0142o\u015bni radiowej \u201eRadio SW\u201d, a w roku 1986 uczestniczy\u0142 w akcjach Ruchu \u201eWolno\u015b\u0107 i Pok\u00f3j\u201d oraz by\u0142 jednym z inicjator\u00f3w reaktywowania Polskiej Partii Socjalistycznej. W latach 1987 \u2013 1988 by\u0142 pomys\u0142odawc\u0105 i uczestnikiem akcji \u201ePomara\u0144czowej Alternatywy\u201d organizowanych na terenie Wroc\u0142awia. Za udzia\u0142 w nielegalnych manifestacjach, przechowywanie podziemnych wydawnictw oraz rozpowszechnianie nielegalnych ulotek oraz transparent\u00f3w by\u0142 zatrzymywany i karany grzywnami.<\/p>\n","protected":false},"excerpt":{"rendered":"<p>Urodzi\u0142 si\u01192 maja 1967 roku we Wroc\u0142awiu. Jako ucze\u0144 szko\u0142y zawodowej, by\u0142 zaanga\u017cowany w druk i kolporta\u017c ulotek i plakat\u00f3w. Uczestniczy\u0142 r\u00f3wnie\u017c w akcjach malowania antyre\u017cimowych napis\u00f3w na murach. W latach 1985 \u2013 1990 kolportowa\u0142 podziemne czasopisma: \u201eZ Dnia na Dzie\u0144\u201d, \u201eSolidarno\u015b\u0107 Walcz\u0105ca\u201d, \u201eSerwis Informacyjny WiP\u201d, \u201eHydralek\u201d i \u201eRegion\u201d. Od 1985 roku wsp\u00f3\u0142pracowa\u0142 z \u201eSolidarno\u015bci\u0105 [&hellip;]<\/p>\n","protected":false},"featured_media":3676,"template":"","meta":[],"_links":{"self":[{"href":"http:\/\/ludzie.fundacja-pih.pl\/index.php\/wp-json\/wp\/v2\/product\/1990"}],"collection":[{"href":"http:\/\/ludzie.fundacja-pih.pl\/index.php\/wp-json\/wp\/v2\/product"}],"about":[{"href":"http:\/\/ludzie.fundacja-pih.pl\/index.php\/wp-json\/wp\/v2\/types\/product"}],"wp:featuredmedia":[{"embeddable":true,"href":"http:\/\/ludzie.fundacja-pih.pl\/index.php\/wp-json\/wp\/v2\/media\/3676"}],"wp:attachment":[{"href":"http:\/\/ludzie.fundacja-pih.pl\/index.php\/wp-json\/wp\/v2\/media?parent=1990"}],"curies":[{"name":"wp","href":"https:\/\/api.w.org\/{rel}","templated":true}]}}