{"id":2005,"date":"2021-02-15T18:50:24","date_gmt":"2021-02-15T18:50:24","guid":{"rendered":"http:\/\/ludzie.fundacja-pih.pl\/?post_type=product&#038;p=2005"},"modified":"2025-05-16T14:16:07","modified_gmt":"2025-05-16T14:16:07","slug":"nowak-barbara-olsztyn","status":"publish","type":"product","link":"http:\/\/ludzie.fundacja-pih.pl\/index.php\/product\/nowak-barbara-olsztyn\/","title":{"rendered":"Nowak Barbara (Olsztyn)"},"content":{"rendered":"<p>Urodzi\u0142a si\u0119 23 marca 1952 roku w Lidzbarku Warmi\u0144skim.<\/p>\n<p>Od 1981 roku do 1989 roku prowadzi\u0142a dzia\u0142alno\u015b\u0107 konspiracyjn\u0105. By\u0142a wiceprzewodnicz\u0105c\u0105 Komitetu Za\u0142o\u017cycielskiego, a nast\u0119pnie Komisji Zak\u0142adowej oraz delegatem do kontakt\u00f3w z Mi\u0119dzyzak\u0142adowym Komitetem Za\u0142o\u017cycielskim i Zarz\u0105dem Regionu Warmi\u0144sko-Mazurskiego NSZZ \u201eSolidarno\u015b\u0107\u201d. W 1981 roku by\u0142a delegatem na I Walne Zgromadzenie Delegat\u00f3w Regionu Warmi\u0144sko-Mazurskiego. Uczestniczy\u0142a w akcjach strajkowych i protestacyjnych oraz w tzw. marszu g\u0142odowym. Nast\u0119pnego dnia, po wprowadzeniu stanu wojennego, Barbara Nowak bra\u0142a udzia\u0142 w demonstracji przed Olszty\u0144skimi Zak\u0142adami Opon Samochodowych \u201eStomil\u201d oraz na Starym Mie\u015bcie w Olsztynie. By\u0142a organizatorem pomocy osobom internowanym i aresztowanym oraz ich rodzinom. Kolportowa\u0142a ulotki, znaczki i pisma podziemne: \u201eRezonans\u201d oraz \u201eSolidarno\u015b\u0107 Olszty\u0144ska. Wydanie wojenne\u201d. 26 czerwca 1982 roku zosta\u0142a internowana i osadzona w O\u015brodku Odosobnienia w Dar\u0142\u00f3wku pomimo zaawansowanej ci\u0105\u017cy. Zwolniono j\u0105 16 pa\u017adziernika 1982 roku. Po wyj\u015bciu na wolno\u015b\u0107, kontynuowa\u0142a dzia\u0142alno\u015b\u0107 podziemn\u0105. Kolportowa\u0142a m.in. \u201eRezonans\u201d i olszty\u0144skie wydanie pisma ,\u201eSolidarno\u015b\u0107 Walcz\u0105ca\u201d oraz inne wydawnictwa podziemne. Prowadzi\u0142a bibliotek\u0119, by\u0142a uczestnikiem Mszy \u015awi\u0119tych za Ojczyzn\u0119 oraz akcji plakatowych i ulotkowych. 2 maja 1986 roku zosta\u0142a tymczasowo aresztowana i osadzona w areszcie Komendy Miejskiej MO w Lidzbarku Warmi\u0144skim, a nast\u0119pnie w areszcie Komendy Wojew\u00f3dzkiej MO w Olsztynie i Areszcie \u015aledczym w Ostr\u00f3dzie, sk\u0105d zosta\u0142a zwolniona na mocy amnestii 17 lipca 1986 roku. Do 1989 roku pozostawa\u0142a pod sta\u0142\u0105 obserwacj\u0105 SB. Zastrze\u017cono jej mo\u017cliwo\u015b\u0107 wyjazd\u00f3w zagranicznych. By\u0142a wielokrotnie zatrzymywana i przes\u0142uchiwana. W roku 2016 na podstawie postanowienia Prezydenta RP \u2013 nr 370\/2016 &#8211; nadano mu Krzy\u017c Wolno\u015bci i Solidarno\u015bci. <\/p>\n","protected":false},"excerpt":{"rendered":"<p>Urodzi\u0142a si\u0119 23 marca 1952 roku w Lidzbarku Warmi\u0144skim. Od 1981 roku do 1989 roku prowadzi\u0142a dzia\u0142alno\u015b\u0107 konspiracyjn\u0105. By\u0142a wiceprzewodnicz\u0105c\u0105 Komitetu Za\u0142o\u017cycielskiego, a nast\u0119pnie Komisji Zak\u0142adowej oraz delegatem do kontakt\u00f3w z Mi\u0119dzyzak\u0142adowym Komitetem Za\u0142o\u017cycielskim i Zarz\u0105dem Regionu Warmi\u0144sko-Mazurskiego NSZZ \u201eSolidarno\u015b\u0107\u201d. W 1981 roku by\u0142a delegatem na I Walne Zgromadzenie Delegat\u00f3w Regionu Warmi\u0144sko-Mazurskiego. Uczestniczy\u0142a w akcjach [&hellip;]<\/p>\n","protected":false},"featured_media":2006,"template":"","meta":[],"_links":{"self":[{"href":"http:\/\/ludzie.fundacja-pih.pl\/index.php\/wp-json\/wp\/v2\/product\/2005"}],"collection":[{"href":"http:\/\/ludzie.fundacja-pih.pl\/index.php\/wp-json\/wp\/v2\/product"}],"about":[{"href":"http:\/\/ludzie.fundacja-pih.pl\/index.php\/wp-json\/wp\/v2\/types\/product"}],"wp:featuredmedia":[{"embeddable":true,"href":"http:\/\/ludzie.fundacja-pih.pl\/index.php\/wp-json\/wp\/v2\/media\/2006"}],"wp:attachment":[{"href":"http:\/\/ludzie.fundacja-pih.pl\/index.php\/wp-json\/wp\/v2\/media?parent=2005"}],"curies":[{"name":"wp","href":"https:\/\/api.w.org\/{rel}","templated":true}]}}