{"id":2007,"date":"2021-02-15T18:52:14","date_gmt":"2021-02-15T18:52:14","guid":{"rendered":"http:\/\/ludzie.fundacja-pih.pl\/?post_type=product&#038;p=2007"},"modified":"2025-05-16T14:16:07","modified_gmt":"2025-05-16T14:16:07","slug":"nowik-hanna-elzbieta","status":"publish","type":"product","link":"http:\/\/ludzie.fundacja-pih.pl\/index.php\/product\/nowik-hanna-elzbieta\/","title":{"rendered":"Nowik Hanna El\u017cbieta"},"content":{"rendered":"<p>Urodzi\u0142a si\u0119 w 1956 roku w m. Wroc\u0142aw<\/p>\n<p>W latach 1982 &#8211; 1985 wraz z m\u0119\u017cem Tomaszem, tworzy\u0142a Agencj\u0119 Fotograficzn\u0105 Solidarno\u015bci Walcz\u0105cej. G\u0142\u00f3wnym zadaniem agencji by\u0142o mikrofilmowanie prasy podziemnej w celu przekazania dokumentacji za granic\u0119. Hanna El\u017cbieta Nowik, wraz z m\u0119\u017cem,  organizowa\u0142a i wykonywa\u0142a prace zwi\u0105zane z funkcjonowaniem agencji fotograficznej, w zakresie zaopatrzenia w sprz\u0119t i materia\u0142y, odczynniki chemiczne i inne. Bra\u0142a udzia\u0142 w przygotowywaniu i wydawaniu zdj\u0119\u0107 stemplowanych piecz\u0105tk\u0105 ze znakiem Agencji Fotograficznej Solidarno\u015bci Walcz\u0105cej. W roku 2016 na podstawie postanowienia Prezydenta RP \u2013 nr 259\/2016 &#8211; nadano jej Krzy\u017c Wolno\u015bci i Solidarno\u015bci.<\/p>\n","protected":false},"excerpt":{"rendered":"<p>Urodzi\u0142a si\u0119 w 1956 roku w m. Wroc\u0142aw W latach 1982 &#8211; 1985 wraz z m\u0119\u017cem Tomaszem, tworzy\u0142a Agencj\u0119 Fotograficzn\u0105 Solidarno\u015bci Walcz\u0105cej. G\u0142\u00f3wnym zadaniem agencji by\u0142o mikrofilmowanie prasy podziemnej w celu przekazania dokumentacji za granic\u0119. Hanna El\u017cbieta Nowik, wraz z m\u0119\u017cem, organizowa\u0142a i wykonywa\u0142a prace zwi\u0105zane z funkcjonowaniem agencji fotograficznej, w zakresie zaopatrzenia w sprz\u0119t [&hellip;]<\/p>\n","protected":false},"featured_media":3135,"template":"","meta":[],"_links":{"self":[{"href":"http:\/\/ludzie.fundacja-pih.pl\/index.php\/wp-json\/wp\/v2\/product\/2007"}],"collection":[{"href":"http:\/\/ludzie.fundacja-pih.pl\/index.php\/wp-json\/wp\/v2\/product"}],"about":[{"href":"http:\/\/ludzie.fundacja-pih.pl\/index.php\/wp-json\/wp\/v2\/types\/product"}],"wp:featuredmedia":[{"embeddable":true,"href":"http:\/\/ludzie.fundacja-pih.pl\/index.php\/wp-json\/wp\/v2\/media\/3135"}],"wp:attachment":[{"href":"http:\/\/ludzie.fundacja-pih.pl\/index.php\/wp-json\/wp\/v2\/media?parent=2007"}],"curies":[{"name":"wp","href":"https:\/\/api.w.org\/{rel}","templated":true}]}}