{"id":2008,"date":"2021-02-15T18:53:32","date_gmt":"2021-02-15T18:53:32","guid":{"rendered":"http:\/\/ludzie.fundacja-pih.pl\/?post_type=product&#038;p=2008"},"modified":"2025-05-16T14:16:08","modified_gmt":"2025-05-16T14:16:08","slug":"nowik-tomasz","status":"publish","type":"product","link":"http:\/\/ludzie.fundacja-pih.pl\/index.php\/product\/nowik-tomasz\/","title":{"rendered":"Nowik Tomasz"},"content":{"rendered":"<p>Urodzi\u0142 si\u0119 w 1954 roku w m. Wroc\u0142aw<\/p>\n<p>W latach 1982 \u2013 1985, wraz z \u017con\u0105 Hann\u0105, tworzy\u0142 Agencj\u0119 Fotograficzn\u0105 Solidarno\u015bci Walcz\u0105cej. G\u0142\u00f3wnym zadaniem agencji by\u0142o mikrofilmowanie prasy podziemnej w celu przekazania dokumentacji za granic\u0119 pa\u0144stwa. W p\u00f3\u017aniejszym czasie przez agencj\u0119 wydawane by\u0142y okoliczno\u015bciowe fotografie. Tomasz Nowik wraz z \u017con\u0105, organizowa\u0142 i wykonywa\u0142 prace zwi\u0105zane z funkcjonowaniem agencji fotograficznej, w zakresie zaopatrzenia w sprz\u0119t i materia\u0142y, odczynniki chemiczne i inne. Bra\u0142 udzia\u0142 w przygotowywaniu i wydawaniu zdj\u0119\u0107 stemplowanych piecz\u0105tk\u0105 ze znakiem Agencji Fotograficznej Solidarno\u015bci Walcz\u0105cej. W roku 2016 na podstawie postanowienia Prezydenta RP \u2013 nr 259\/2016 &#8211; nadano jej Krzy\u017c Wolno\u015bci i Solidarno\u015bci.<\/p>\n","protected":false},"excerpt":{"rendered":"<p>Urodzi\u0142 si\u0119 w 1954 roku w m. Wroc\u0142aw W latach 1982 \u2013 1985, wraz z \u017con\u0105 Hann\u0105, tworzy\u0142 Agencj\u0119 Fotograficzn\u0105 Solidarno\u015bci Walcz\u0105cej. G\u0142\u00f3wnym zadaniem agencji by\u0142o mikrofilmowanie prasy podziemnej w celu przekazania dokumentacji za granic\u0119 pa\u0144stwa. W p\u00f3\u017aniejszym czasie przez agencj\u0119 wydawane by\u0142y okoliczno\u015bciowe fotografie. Tomasz Nowik wraz z \u017con\u0105, organizowa\u0142 i wykonywa\u0142 prace zwi\u0105zane [&hellip;]<\/p>\n","protected":false},"featured_media":3136,"template":"","meta":[],"_links":{"self":[{"href":"http:\/\/ludzie.fundacja-pih.pl\/index.php\/wp-json\/wp\/v2\/product\/2008"}],"collection":[{"href":"http:\/\/ludzie.fundacja-pih.pl\/index.php\/wp-json\/wp\/v2\/product"}],"about":[{"href":"http:\/\/ludzie.fundacja-pih.pl\/index.php\/wp-json\/wp\/v2\/types\/product"}],"wp:featuredmedia":[{"embeddable":true,"href":"http:\/\/ludzie.fundacja-pih.pl\/index.php\/wp-json\/wp\/v2\/media\/3136"}],"wp:attachment":[{"href":"http:\/\/ludzie.fundacja-pih.pl\/index.php\/wp-json\/wp\/v2\/media?parent=2008"}],"curies":[{"name":"wp","href":"https:\/\/api.w.org\/{rel}","templated":true}]}}