{"id":2010,"date":"2021-02-15T18:55:49","date_gmt":"2021-02-15T18:55:49","guid":{"rendered":"http:\/\/ludzie.fundacja-pih.pl\/?post_type=product&#038;p=2010"},"modified":"2025-05-16T14:16:09","modified_gmt":"2025-05-16T14:16:09","slug":"martin-leslaw-boleslaw","status":"publish","type":"product","link":"http:\/\/ludzie.fundacja-pih.pl\/index.php\/product\/martin-leslaw-boleslaw\/","title":{"rendered":"Martin Les\u0142aw Boles\u0142aw"},"content":{"rendered":"<p>Urodzi\u0142 si\u0119 w 1948 roku w m. Goleni\u00f3w \u015al\u0105ski<\/p>\n<p>W 1980 roku wst\u0105pi\u0142 do NSZZ \u201eSolidarno\u015b\u0107\u201d w Powszechnej Sp\u00f3\u0142dzielni Spo\u017cywc\u00f3w \u201eSpo\u0142em\u201d we Wroc\u0142awiu. Po wprowadzeniu stanu wojennego, 13 grudnia 1981 roku, zosta\u0142 internowany i osadzony w O\u015brodkach Odosobnienia we Wroc\u0142awiu, nast\u0119pnie w Nysie, w Grodkowie. Zosta\u0142 zwolniony 9 marca 1982 roku. W latach 1982 &#8211; 1985 dzia\u0142a\u0142 w podziemnych strukturach zak\u0142adowej \u201eSolidarno\u015bci\u201d. By\u0142 r\u00f3wnie\u017c zaanga\u017cowany w kolporta\u017c Regionalnego Komitetu Strajkowego \u201eSolidarno\u015b\u0107\u201d Dolny \u015al\u0105sk. Kolportowa\u0142 podziemne czasopisma, w tym m.in.: \u201eZ Dnia na Dzie\u0144\u201d, \u201eSolidarno\u015b\u0107 Dolno\u015bl\u0105ska\u201d, \u201eWiadomo\u015bci Bie\u017c\u0105ce\u201d, \u201eSolidarno\u015b\u0107 Walcz\u0105ca\u201d. Od 1982 do 1985 r. by\u0142 zwi\u0105zany z \u201eSolidarno\u015bci\u0105 Walcz\u0105c\u0105\u201d. 23 stycznia 1985 roku zmar\u0142 w wyniku obra\u017ce\u0144 odniesionych na skutek upadku z k\u0142adki nad torami Dworca PKP Wroc\u0142aw G\u0142\u00f3wny. Okoliczno\u015bci \u015bmierci nie zosta\u0142y do ko\u0144ca wyja\u015bnione. W 2017  roku na podstawie postanowienia Prezydenta RP \u2013 3\/2017 \u2013 nadano mu po\u015bmiertnie Krzy\u017c Wolno\u015bci i Solidarno\u015bci.<\/p>\n","protected":false},"excerpt":{"rendered":"<p>Urodzi\u0142 si\u0119 w 1948 roku w m. Goleni\u00f3w \u015al\u0105ski W 1980 roku wst\u0105pi\u0142 do NSZZ \u201eSolidarno\u015b\u0107\u201d w Powszechnej Sp\u00f3\u0142dzielni Spo\u017cywc\u00f3w \u201eSpo\u0142em\u201d we Wroc\u0142awiu. Po wprowadzeniu stanu wojennego, 13 grudnia 1981 roku, zosta\u0142 internowany i osadzony w O\u015brodkach Odosobnienia we Wroc\u0142awiu, nast\u0119pnie w Nysie, w Grodkowie. Zosta\u0142 zwolniony 9 marca 1982 roku. W latach 1982 &#8211; [&hellip;]<\/p>\n","protected":false},"featured_media":906,"template":"","meta":[],"_links":{"self":[{"href":"http:\/\/ludzie.fundacja-pih.pl\/index.php\/wp-json\/wp\/v2\/product\/2010"}],"collection":[{"href":"http:\/\/ludzie.fundacja-pih.pl\/index.php\/wp-json\/wp\/v2\/product"}],"about":[{"href":"http:\/\/ludzie.fundacja-pih.pl\/index.php\/wp-json\/wp\/v2\/types\/product"}],"wp:featuredmedia":[{"embeddable":true,"href":"http:\/\/ludzie.fundacja-pih.pl\/index.php\/wp-json\/wp\/v2\/media\/906"}],"wp:attachment":[{"href":"http:\/\/ludzie.fundacja-pih.pl\/index.php\/wp-json\/wp\/v2\/media?parent=2010"}],"curies":[{"name":"wp","href":"https:\/\/api.w.org\/{rel}","templated":true}]}}