{"id":2016,"date":"2021-02-16T08:10:03","date_gmt":"2021-02-16T08:10:03","guid":{"rendered":"http:\/\/ludzie.fundacja-pih.pl\/?post_type=product&#038;p=2016"},"modified":"2025-05-16T14:16:11","modified_gmt":"2025-05-16T14:16:11","slug":"owczarek-krzysztof-robert","status":"publish","type":"product","link":"http:\/\/ludzie.fundacja-pih.pl\/index.php\/product\/owczarek-krzysztof-robert\/","title":{"rendered":"Owczarek Krzysztof Robert"},"content":{"rendered":"<p>Urodzi\u0142 si\u0119 w 1964 roku w m. Krak\u00f3w<\/p>\n<p>W latach 1982 \u2013 1984 nale\u017ca\u0142 do m\u0142odzie\u017cowej grupy opozycyjnej. Od 1985 roku by\u0142 cz\u0142onkiem Federacji M\u0142odzie\u017cy Walcz\u0105cej w Krakowie \u2013 Nowej Hucie. W roku 1986 zwi\u0105za\u0142 si\u0119 z \u201eSolidarno\u015bci\u0105 Walcz\u0105c\u0105\u201d. Uczestniczy\u0142 w antyre\u017cimowych manifestacjach, akcjach ulotkowych i plakatowych oraz w akcjach malowania antykomunistycznych hase\u0142 na murach. Kolportowa\u0142 wydawnictwa podziemne. W roku 2020 na podstawie postanowienia Prezydenta RP \u2013 nr 125\/2020 &#8211; nadano mu Krzy\u017c Wolno\u015bci i Solidarno\u015bci. <\/p>\n","protected":false},"excerpt":{"rendered":"<p>Urodzi\u0142 si\u0119 w 1964 roku w m. Krak\u00f3w W latach 1982 \u2013 1984 nale\u017ca\u0142 do m\u0142odzie\u017cowej grupy opozycyjnej. Od 1985 roku by\u0142 cz\u0142onkiem Federacji M\u0142odzie\u017cy Walcz\u0105cej w Krakowie \u2013 Nowej Hucie. W roku 1986 zwi\u0105za\u0142 si\u0119 z \u201eSolidarno\u015bci\u0105 Walcz\u0105c\u0105\u201d. Uczestniczy\u0142 w antyre\u017cimowych manifestacjach, akcjach ulotkowych i plakatowych oraz w akcjach malowania antykomunistycznych hase\u0142 na murach. [&hellip;]<\/p>\n","protected":false},"featured_media":2017,"template":"","meta":[],"_links":{"self":[{"href":"http:\/\/ludzie.fundacja-pih.pl\/index.php\/wp-json\/wp\/v2\/product\/2016"}],"collection":[{"href":"http:\/\/ludzie.fundacja-pih.pl\/index.php\/wp-json\/wp\/v2\/product"}],"about":[{"href":"http:\/\/ludzie.fundacja-pih.pl\/index.php\/wp-json\/wp\/v2\/types\/product"}],"wp:featuredmedia":[{"embeddable":true,"href":"http:\/\/ludzie.fundacja-pih.pl\/index.php\/wp-json\/wp\/v2\/media\/2017"}],"wp:attachment":[{"href":"http:\/\/ludzie.fundacja-pih.pl\/index.php\/wp-json\/wp\/v2\/media?parent=2016"}],"curies":[{"name":"wp","href":"https:\/\/api.w.org\/{rel}","templated":true}]}}