{"id":2032,"date":"2021-02-22T07:57:48","date_gmt":"2021-02-22T07:57:48","guid":{"rendered":"http:\/\/ludzie.fundacja-pih.pl\/?post_type=product&#038;p=2032"},"modified":"2025-05-16T14:16:13","modified_gmt":"2025-05-16T14:16:13","slug":"poloniewicz-stanislaw","status":"publish","type":"product","link":"http:\/\/ludzie.fundacja-pih.pl\/index.php\/product\/poloniewicz-stanislaw\/","title":{"rendered":"Po\u0142oniewicz Stanis\u0142aw"},"content":{"rendered":"<p>Urodzi\u0142 si\u0119 w 1941 roku w m. Brze\u015b\u0107 Nad Bugiem<\/p>\n<p>W latach 1979 \u2013 1989 nale\u017ca\u0142 do organizacji opozycyjnych. W marcu 1968 roku pomaga\u0142 protestuj\u0105cym studentom Politechniki Wroc\u0142awskiej dostarczaj\u0105c im \u017cywno\u015b\u0107 oraz organizuj\u0105c zbi\u00f3rk\u0119 pieni\u0119dzy. Pod koniec lat siedemdziesi\u0105tych kolportowa\u0142 ulotki ROPCiO. W 1979 roku rozpocz\u0105\u0142 wsp\u00f3\u0142prac\u0119 z Kornelem Morawieckim przy druku oraz kolporta\u017cu niezale\u017cnego czasopisma \u201eBiuletyn Dolno\u015bl\u0105ski\u201d. Po wprowadzeniu stanu wojennego wsp\u00f3\u0142pracowa\u0142 z redakcj\u0105 wydawnictwa \u201eZ Dnia na Dzie\u0144\u201d, dostarczaj\u0105c blachy offsetowe i papier. Pomaga\u0142 te\u017c przy drukowaniu ww. pisma i jego rozprowadzaniu. By\u0142 zaanga\u017cowany w dzia\u0142alno\u015b\u0107 podziemnego Regionalnego Komitetu Strajkowego Dolny \u015al\u0105sk. Organizowa\u0142 struktury ,,Solidarno\u015bci\u201d w Instytucie Meteorologii i<br \/>\nGospodarki Wodnej we Wroc\u0142awiu. W czerwcu 1982 roku wst\u0105pi\u0142 do \u201eSolidarno\u015bci Walcz\u0105cej\u201d. W ramach dzia\u0142alno\u015bci w tej organizacji zajmowa\u0142 si\u0119 ochron\u0105 spotka\u0144 i posiedze\u0144. Do 1989 roku by\u0142 tak\u017ce kolporterem i drukarzem prasy podziemnej. W roku 2020 na podstawie postanowienia Prezydenta RP \u2013 nr 27\/2020 &#8211; nadano mu Krzy\u017c Wolno\u015bci i Solidarno\u015bci. <\/p>\n","protected":false},"excerpt":{"rendered":"<p>Urodzi\u0142 si\u0119 w 1941 roku w m. Brze\u015b\u0107 Nad Bugiem W latach 1979 \u2013 1989 nale\u017ca\u0142 do organizacji opozycyjnych. W marcu 1968 roku pomaga\u0142 protestuj\u0105cym studentom Politechniki Wroc\u0142awskiej dostarczaj\u0105c im \u017cywno\u015b\u0107 oraz organizuj\u0105c zbi\u00f3rk\u0119 pieni\u0119dzy. Pod koniec lat siedemdziesi\u0105tych kolportowa\u0142 ulotki ROPCiO. W 1979 roku rozpocz\u0105\u0142 wsp\u00f3\u0142prac\u0119 z Kornelem Morawieckim przy druku oraz kolporta\u017cu niezale\u017cnego [&hellip;]<\/p>\n","protected":false},"featured_media":3020,"template":"","meta":[],"_links":{"self":[{"href":"http:\/\/ludzie.fundacja-pih.pl\/index.php\/wp-json\/wp\/v2\/product\/2032"}],"collection":[{"href":"http:\/\/ludzie.fundacja-pih.pl\/index.php\/wp-json\/wp\/v2\/product"}],"about":[{"href":"http:\/\/ludzie.fundacja-pih.pl\/index.php\/wp-json\/wp\/v2\/types\/product"}],"wp:featuredmedia":[{"embeddable":true,"href":"http:\/\/ludzie.fundacja-pih.pl\/index.php\/wp-json\/wp\/v2\/media\/3020"}],"wp:attachment":[{"href":"http:\/\/ludzie.fundacja-pih.pl\/index.php\/wp-json\/wp\/v2\/media?parent=2032"}],"curies":[{"name":"wp","href":"https:\/\/api.w.org\/{rel}","templated":true}]}}