{"id":2044,"date":"2021-03-16T12:30:10","date_gmt":"2021-03-16T12:30:10","guid":{"rendered":"http:\/\/ludzie.fundacja-pih.pl\/?post_type=product&#038;p=2044"},"modified":"2025-05-16T14:16:17","modified_gmt":"2025-05-16T14:16:17","slug":"mielewczyk-barbara","status":"publish","type":"product","link":"http:\/\/ludzie.fundacja-pih.pl\/index.php\/product\/mielewczyk-barbara\/","title":{"rendered":"Mielewczyk Barbara"},"content":{"rendered":"<p>Urodzi\u0142a si\u0119 w 1959 r. w Wejherowie<\/p>\n<p>Od ko\u0144ca 1986 roku wsp\u00f3\u0142pracowa\u0142a z tr\u00f3jmiejskim oddzia\u0142em \u201eSolidarno\u015bci Walcz\u0105cej\u201d. W 1987 roku rozpocz\u0119\u0142a wsp\u00f3\u0142prac\u0119 z redakcji \u201eBiuletynu SWT\u201d. Od drugiej po\u0142owy 1988 roku do roku 1990 odpowiada\u0142a za warstw\u0119 edytorsk\u0105 \u201eBiuletynu SWT\u201d i wydawnictwa PeTiT (SW Tr\u00f3jmiasto). W 1989 roku bra\u0142a udzia\u0142 w akcji \u201e\u017bo\u0142nierz Solidarny\u201d. Wsp\u00f3\u0142pracowa\u0142a z Wies\u0142aw\u0105 Kwiatkowsk\u0105 nad dokumentowaniem wydarze\u0144 Grudnia\u201970 w Gdyni.<\/p>\n","protected":false},"excerpt":{"rendered":"<p>Urodzi\u0142a si\u0119 w 1959 r. w Wejherowie Od ko\u0144ca 1986 roku wsp\u00f3\u0142pracowa\u0142a z tr\u00f3jmiejskim oddzia\u0142em \u201eSolidarno\u015bci Walcz\u0105cej\u201d. W 1987 roku rozpocz\u0119\u0142a wsp\u00f3\u0142prac\u0119 z redakcji \u201eBiuletynu SWT\u201d. Od drugiej po\u0142owy 1988 roku do roku 1990 odpowiada\u0142a za warstw\u0119 edytorsk\u0105 \u201eBiuletynu SWT\u201d i wydawnictwa PeTiT (SW Tr\u00f3jmiasto). W 1989 roku bra\u0142a udzia\u0142 w akcji \u201e\u017bo\u0142nierz Solidarny\u201d. Wsp\u00f3\u0142pracowa\u0142a [&hellip;]<\/p>\n","protected":false},"featured_media":906,"template":"","meta":[],"_links":{"self":[{"href":"http:\/\/ludzie.fundacja-pih.pl\/index.php\/wp-json\/wp\/v2\/product\/2044"}],"collection":[{"href":"http:\/\/ludzie.fundacja-pih.pl\/index.php\/wp-json\/wp\/v2\/product"}],"about":[{"href":"http:\/\/ludzie.fundacja-pih.pl\/index.php\/wp-json\/wp\/v2\/types\/product"}],"wp:featuredmedia":[{"embeddable":true,"href":"http:\/\/ludzie.fundacja-pih.pl\/index.php\/wp-json\/wp\/v2\/media\/906"}],"wp:attachment":[{"href":"http:\/\/ludzie.fundacja-pih.pl\/index.php\/wp-json\/wp\/v2\/media?parent=2044"}],"curies":[{"name":"wp","href":"https:\/\/api.w.org\/{rel}","templated":true}]}}