{"id":2046,"date":"2021-03-16T12:40:13","date_gmt":"2021-03-16T12:40:13","guid":{"rendered":"http:\/\/ludzie.fundacja-pih.pl\/?post_type=product&#038;p=2046"},"modified":"2025-05-16T14:16:17","modified_gmt":"2025-05-16T14:16:17","slug":"kujawa-helena","status":"publish","type":"product","link":"http:\/\/ludzie.fundacja-pih.pl\/index.php\/product\/kujawa-helena\/","title":{"rendered":"Kujawa Helena"},"content":{"rendered":"<p>Urodzi\u0142a si\u0119 w 1945 r. w Gdyni<\/p>\n<p>W latach osiemdziesi\u0105tych, w trakcie stanu wojennego i po jego zniesieniu, dzia\u0142a\u0142a w tajnych strukturach zwi\u0105zkowych. By\u0142a zaanga\u017cowana w kolporta\u017c prasy niezale\u017cnej i ksi\u0105\u017cek z twz. drugiego obiegu. By\u0142a r\u00f3wnie\u017c \u0142\u0105czniczk\u0105 podziemnych struktur \u201eSolidarno\u015bci Walcz\u0105cej\u201d w Tr\u00f3jmie\u015bcie, w tym, przez d\u0142ugi czas pe\u0142ni\u0142a rol\u0119, g\u0142\u00f3wnej \u0142\u0105czniczki Andrzeja Ko\u0142odzieja. Udziela\u0142a go\u015bciny ukrywaj\u0105cym si\u0119 dzia\u0142aczom \u201eSolidarno\u015bci Walcz\u0105cej\u201d. Dba\u0142a o Jego bezpiecze\u0144stwo. Zapewnia\u0142a transport, organizowa\u0142a spotkania poszukiwanego przez SB Andrzeja Ko\u0142odzieja z dzia\u0142aczami innych struktur podziemnych. Wchodzi\u0142a w sk\u0142ad zorganizowanej przez Zofi\u0119 Paw\u0142owsk\u0105 grupy kwatermistrzowskiej, w ramach dzia\u0142alno\u015bci w kt\u00f3rej organizowa\u0142a lokale, mieszkania i zaopatrzenie. By\u0142a tak\u017ce zaanga\u017cowana w pomoc charytatywn\u0105 osobom represjonowanym.<\/p>\n<p>Odznaczona Krzy\u017cem Solidarno\u015bci Walcz\u0105cej, Z\u0142otym Krzy\u017cem Zas\u0142ugi<\/p>\n","protected":false},"excerpt":{"rendered":"<p>Urodzi\u0142a si\u0119 w 1945 r. w Gdyni W latach osiemdziesi\u0105tych, w trakcie stanu wojennego i po jego zniesieniu, dzia\u0142a\u0142a w tajnych strukturach zwi\u0105zkowych. By\u0142a zaanga\u017cowana w kolporta\u017c prasy niezale\u017cnej i ksi\u0105\u017cek z twz. drugiego obiegu. By\u0142a r\u00f3wnie\u017c \u0142\u0105czniczk\u0105 podziemnych struktur \u201eSolidarno\u015bci Walcz\u0105cej\u201d w Tr\u00f3jmie\u015bcie, w tym, przez d\u0142ugi czas pe\u0142ni\u0142a rol\u0119, g\u0142\u00f3wnej \u0142\u0105czniczki Andrzeja Ko\u0142odzieja. [&hellip;]<\/p>\n","protected":false},"featured_media":1297,"template":"","meta":[],"_links":{"self":[{"href":"http:\/\/ludzie.fundacja-pih.pl\/index.php\/wp-json\/wp\/v2\/product\/2046"}],"collection":[{"href":"http:\/\/ludzie.fundacja-pih.pl\/index.php\/wp-json\/wp\/v2\/product"}],"about":[{"href":"http:\/\/ludzie.fundacja-pih.pl\/index.php\/wp-json\/wp\/v2\/types\/product"}],"wp:featuredmedia":[{"embeddable":true,"href":"http:\/\/ludzie.fundacja-pih.pl\/index.php\/wp-json\/wp\/v2\/media\/1297"}],"wp:attachment":[{"href":"http:\/\/ludzie.fundacja-pih.pl\/index.php\/wp-json\/wp\/v2\/media?parent=2046"}],"curies":[{"name":"wp","href":"https:\/\/api.w.org\/{rel}","templated":true}]}}