{"id":2048,"date":"2021-03-16T12:47:12","date_gmt":"2021-03-16T12:47:12","guid":{"rendered":"http:\/\/ludzie.fundacja-pih.pl\/?post_type=product&#038;p=2048"},"modified":"2025-05-16T14:16:19","modified_gmt":"2025-05-16T14:16:19","slug":"suss-cichocka-czeslawa","status":"publish","type":"product","link":"http:\/\/ludzie.fundacja-pih.pl\/index.php\/product\/suss-cichocka-czeslawa\/","title":{"rendered":"Suss-Cichocka Czes\u0142awa"},"content":{"rendered":"<p>ur. w 1921 r. w m. Borys\u0142aw<\/p>\n<p>W czasie II Wojny \u015awiatowej wsp\u00f3\u0142pracowa\u0142a z Armi\u0105 Krajow\u0105 w Borys\u0142awiu obwodzie Lwowskim. Jako m\u0142oda dziewczyna cudem unikn\u0119\u0142a rozstrzelania i wyw\u00f3zki. W 1980 roku wsp\u00f3\u0142uczestniczy\u0142a w zak\u0142adaniu &#8220;Solidarno\u015bci&#8221; w s\u0142u\u017cbie zdrowia. W stanie wojennym \u015bci\u015ble wsp\u00f3\u0142pracuje z Solidarno\u015bci\u0105 Walcz\u0105c\u0105. Jej mieszkanie s\u0142u\u017cy\u0142o jako g\u0142\u00f3wny punkt \u0142\u0105czno\u015bci z Cz\u0119stochow\u0105. Kolporterka i ofiarna dzia\u0142aczka. Wsp\u00f3\u0142pracowa\u0142a z wa\u017cn\u0105, strukturach Solidarno\u015bci Walcz\u0105cej \u015b.p. prof. Halin\u0105 \u0141opusza\u0144sk\u0105 z Politechniki Wroc\u0142awskiej. Szykanowana przez SB.<\/p>\n","protected":false},"excerpt":{"rendered":"<p>ur. w 1921 r. w m. Borys\u0142aw W czasie II Wojny \u015awiatowej wsp\u00f3\u0142pracowa\u0142a z Armi\u0105 Krajow\u0105 w Borys\u0142awiu obwodzie Lwowskim. Jako m\u0142oda dziewczyna cudem unikn\u0119\u0142a rozstrzelania i wyw\u00f3zki. W 1980 roku wsp\u00f3\u0142uczestniczy\u0142a w zak\u0142adaniu &#8220;Solidarno\u015bci&#8221; w s\u0142u\u017cbie zdrowia. W stanie wojennym \u015bci\u015ble wsp\u00f3\u0142pracuje z Solidarno\u015bci\u0105 Walcz\u0105c\u0105. Jej mieszkanie s\u0142u\u017cy\u0142o jako g\u0142\u00f3wny punkt \u0142\u0105czno\u015bci z Cz\u0119stochow\u0105. [&hellip;]<\/p>\n","protected":false},"featured_media":906,"template":"","meta":[],"_links":{"self":[{"href":"http:\/\/ludzie.fundacja-pih.pl\/index.php\/wp-json\/wp\/v2\/product\/2048"}],"collection":[{"href":"http:\/\/ludzie.fundacja-pih.pl\/index.php\/wp-json\/wp\/v2\/product"}],"about":[{"href":"http:\/\/ludzie.fundacja-pih.pl\/index.php\/wp-json\/wp\/v2\/types\/product"}],"wp:featuredmedia":[{"embeddable":true,"href":"http:\/\/ludzie.fundacja-pih.pl\/index.php\/wp-json\/wp\/v2\/media\/906"}],"wp:attachment":[{"href":"http:\/\/ludzie.fundacja-pih.pl\/index.php\/wp-json\/wp\/v2\/media?parent=2048"}],"curies":[{"name":"wp","href":"https:\/\/api.w.org\/{rel}","templated":true}]}}