{"id":2052,"date":"2021-03-16T12:55:51","date_gmt":"2021-03-16T12:55:51","guid":{"rendered":"http:\/\/ludzie.fundacja-pih.pl\/?post_type=product&#038;p=2052"},"modified":"2025-05-16T14:16:21","modified_gmt":"2025-05-16T14:16:21","slug":"szutrak-zofia","status":"publish","type":"product","link":"http:\/\/ludzie.fundacja-pih.pl\/index.php\/product\/szutrak-zofia\/","title":{"rendered":"Szutrak Zofia"},"content":{"rendered":"<p>Urodzi\u0142a si\u0119 17 lutego 1940 roku w K\u0105kolnikach (obecnie Ukraina), zm. 20 sierpnia 2019 roku we Wroc\u0142awiu.<\/p>\n<p>Dzia\u0142a\u0142a pod pseudonimami \u201eTytus\u201d i \u201eKlara\u201d. By\u0142a za\u0142o\u017cycielk\u0105 struktur NSZZ \u201eSolidarno\u015b\u0107\u201d we wroc\u0142awskiej s\u0142u\u017cbie zdrowia. Po wprowadzeniu stanu wojennego, 13 grudnia 1981 roku, organizowa\u0142a struktury konspiracyjne w Szpitalu Psychiatrycznym we Wroc\u0142awiu, pe\u0142ni\u0105c funkcj\u0119 przewodnicz\u0105cej podziemnego zwi\u0105zku. Prowadzi\u0142a niezale\u017cny kolporta\u017c na terenie Wroc\u0142awia. Utrzymywa\u0142a \u0142\u0105czno\u015b\u0107 i koordynowa\u0142a wsp\u00f3\u0142prac\u0119 z podziemnymi drukarzami. Wsp\u00f3\u0142pracowa\u0142a z parafi\u0105 przy ul. Sudeckiej we Wroc\u0142awiu w dziedzinie poradnictwa zdrowia psychicznego. By\u0142a zatrzymywana, przes\u0142uchiwana, zastraszana i systematycznie  inwigilowana. W latach 1982 \u2013 1989 wsp\u00f3\u0142pracowa\u0142a z \u201eSolidarno\u015bci\u0105 Walcz\u0105c\u0105\u201d. Informacje na temat jej dzia\u0142alno\u015bci gromadzi\u0142a SB w podteczce z oznaczeniem \u201eKlepsydra\u201d. <\/p>\n","protected":false},"excerpt":{"rendered":"<p>Urodzi\u0142a si\u0119 17 lutego 1940 roku w K\u0105kolnikach (obecnie Ukraina), zm. 20 sierpnia 2019 roku we Wroc\u0142awiu. Dzia\u0142a\u0142a pod pseudonimami \u201eTytus\u201d i \u201eKlara\u201d. By\u0142a za\u0142o\u017cycielk\u0105 struktur NSZZ \u201eSolidarno\u015b\u0107\u201d we wroc\u0142awskiej s\u0142u\u017cbie zdrowia. Po wprowadzeniu stanu wojennego, 13 grudnia 1981 roku, organizowa\u0142a struktury konspiracyjne w Szpitalu Psychiatrycznym we Wroc\u0142awiu, pe\u0142ni\u0105c funkcj\u0119 przewodnicz\u0105cej podziemnego zwi\u0105zku. Prowadzi\u0142a niezale\u017cny [&hellip;]<\/p>\n","protected":false},"featured_media":3055,"template":"","meta":[],"_links":{"self":[{"href":"http:\/\/ludzie.fundacja-pih.pl\/index.php\/wp-json\/wp\/v2\/product\/2052"}],"collection":[{"href":"http:\/\/ludzie.fundacja-pih.pl\/index.php\/wp-json\/wp\/v2\/product"}],"about":[{"href":"http:\/\/ludzie.fundacja-pih.pl\/index.php\/wp-json\/wp\/v2\/types\/product"}],"wp:featuredmedia":[{"embeddable":true,"href":"http:\/\/ludzie.fundacja-pih.pl\/index.php\/wp-json\/wp\/v2\/media\/3055"}],"wp:attachment":[{"href":"http:\/\/ludzie.fundacja-pih.pl\/index.php\/wp-json\/wp\/v2\/media?parent=2052"}],"curies":[{"name":"wp","href":"https:\/\/api.w.org\/{rel}","templated":true}]}}