{"id":2054,"date":"2021-03-16T12:59:45","date_gmt":"2021-03-16T12:59:45","guid":{"rendered":"http:\/\/ludzie.fundacja-pih.pl\/?post_type=product&#038;p=2054"},"modified":"2025-05-16T14:16:22","modified_gmt":"2025-05-16T14:16:22","slug":"adamski-artur","status":"publish","type":"product","link":"http:\/\/ludzie.fundacja-pih.pl\/index.php\/product\/adamski-artur\/","title":{"rendered":"Adamski Artur"},"content":{"rendered":"<p>Urodzi\u0142 si\u0119 24 marca 1964 roku w Obornikach \u015al\u0105skich.<\/p>\n<p>Historyk, publicysta, autor ksi\u0105\u017cek. Wkr\u00f3tce po wprowadzeniu stanu wojennego rozpocz\u0105\u0142 dzia\u0142alno\u015b\u0107 podziemn\u0105, polegaj\u0105c\u0105 na pisaniu hase\u0142 na murach, druku i rozklejaniu plakat\u00f3w oraz w akcjach ulotkowych. Bra\u0142 udzia\u0142 w demonstracjach i Mszach \u015bwi\u0119tych za Ojczyzn\u0119. Nast\u0119pnie (wraz z m.in. Grzegorzem Osi\u0144skim i Iwon\u0105 Sikorsk\u0105) utworzy\u0142 grup\u0119 o nazwie \u201eNiezale\u017cna Organizacja M\u0142odzie\u017cy Polskiej\u201d. By\u0142 m.in. autorem tekst\u00f3w przepisywanych na maszynie, kt\u00f3re p\u00f3\u017aniej by\u0142y kolportowane oraz rozklejane w mie\u015bcie. Jako lider Szkolnej Sekcji Fotograficznej, funkcjonuj\u0105cej r\u00f3wnie\u017c jako drukarnia, pomaga\u0142 przy druku materia\u0142\u00f3w dydaktycznych. Korzystaj\u0105c z tej okazji wykonywa\u0142 kserokopie prasy podziemnej (CPSD posiada\u0142o unikatowe w\u00f3wczas kserografy), a od wiosny 1982 roku, do\u015b\u0107 regularnie przygotowywa\u0142 w\u0142asny \u201edodruk\u201d prasy drugiego obiegu \u2013 g\u0142\u00f3wnie czasopisma \u201eZ Dnia na Dzie\u0144\u201d, a p\u00f3\u017aniej tak\u017ce \u201eSolidarno\u015bci Walcz\u0105cej\u201d. Dzia\u0142alno\u015b\u0107 ta nie zosta\u0142a zdekonspirowana. We wrze\u015bniu 1982 roku Artur Adamski otrzyma\u0142 od Rados\u0142awa Hejnowicza propozycj\u0119 dzia\u0142alno\u015bci w \u201ePolskiej Niezale\u017cnej Organizacji M\u0142odzie\u017cowej\u201d. W jej konsekwencji, ca\u0142a grupa \u201eNOMP\u201d do\u0142\u0105czy\u0142a do organizacji \u201ePNOM\u201d. Poskutkowa\u0142o to m.in. kolporta\u017cem wi\u0119kszej liczby tytu\u0142\u00f3w prasy podziemnej i dost\u0119pem do biblioteki wydawnictw bezdebitowych. Na pocz\u0105tku 1983 roku Artur Adamski uczestniczy\u0142 w szkoleniu drukarskim zorganizowanym dla PNOM przez cz\u0142onk\u00f3w \u201eSolidarno\u015bci Walcz\u0105cej\u201d. Latem i jesieni\u0105 tego samego roku wzi\u0105\u0142 udzia\u0142 w tworzeniu \u201eOficyny Wydawniczej im. Grzegorza Przemyka\u201d. Jego aktywno\u015b\u0107 zosta\u0142a przerwana kiedy w grudniu 1983 roku SB zatrzyma\u0142a pi\u0119ciu cz\u0142onk\u00f3w \u201ePNOM\u201d. Artur Adamski znalaz\u0142 si\u0119 w\u00f3wczas w gronie os\u00f3b, kt\u00f3re zdecydowa\u0142y si\u0119 kontynuowa\u0107 dzia\u0142alno\u015b\u0107 i wznowi\u0107 wydawanie biuletynu \u201ePNOM\u201d pt. \u201eM\u0142odzie\u017c\u201d. Pe\u0142ni\u0142 w\u00f3wczas funkcj\u0119 redaktora naczelnego tego czasopisma. W latach 1986 \u2013 1989 by\u0142 cz\u0142onkiem \u201eSolidarno\u015bci Walcz\u0105cej\u201d, gdzie anga\u017cowa\u0142 si\u0119 g\u0142\u00f3wnie w odbi\u00f3r i rozwo\u017cenie komplet\u00f3w diapozytyw\u00f3w dla grup drukuj\u0105cych czasopismo \u201eSolidarno\u015b\u0107 Walcz\u0105ca\u201d.<\/p>\n","protected":false},"excerpt":{"rendered":"<p>Urodzi\u0142 si\u0119 24 marca 1964 roku w Obornikach \u015al\u0105skich. Historyk, publicysta, autor ksi\u0105\u017cek. Wkr\u00f3tce po wprowadzeniu stanu wojennego rozpocz\u0105\u0142 dzia\u0142alno\u015b\u0107 podziemn\u0105, polegaj\u0105c\u0105 na pisaniu hase\u0142 na murach, druku i rozklejaniu plakat\u00f3w oraz w akcjach ulotkowych. Bra\u0142 udzia\u0142 w demonstracjach i Mszach \u015bwi\u0119tych za Ojczyzn\u0119. Nast\u0119pnie (wraz z m.in. Grzegorzem Osi\u0144skim i Iwon\u0105 Sikorsk\u0105) utworzy\u0142 grup\u0119 [&hellip;]<\/p>\n","protected":false},"featured_media":3170,"template":"","meta":[],"_links":{"self":[{"href":"http:\/\/ludzie.fundacja-pih.pl\/index.php\/wp-json\/wp\/v2\/product\/2054"}],"collection":[{"href":"http:\/\/ludzie.fundacja-pih.pl\/index.php\/wp-json\/wp\/v2\/product"}],"about":[{"href":"http:\/\/ludzie.fundacja-pih.pl\/index.php\/wp-json\/wp\/v2\/types\/product"}],"wp:featuredmedia":[{"embeddable":true,"href":"http:\/\/ludzie.fundacja-pih.pl\/index.php\/wp-json\/wp\/v2\/media\/3170"}],"wp:attachment":[{"href":"http:\/\/ludzie.fundacja-pih.pl\/index.php\/wp-json\/wp\/v2\/media?parent=2054"}],"curies":[{"name":"wp","href":"https:\/\/api.w.org\/{rel}","templated":true}]}}