{"id":2055,"date":"2021-03-16T13:00:59","date_gmt":"2021-03-16T13:00:59","guid":{"rendered":"http:\/\/ludzie.fundacja-pih.pl\/?post_type=product&#038;p=2055"},"modified":"2025-05-16T14:16:22","modified_gmt":"2025-05-16T14:16:22","slug":"czarnecka-teresa","status":"publish","type":"product","link":"http:\/\/ludzie.fundacja-pih.pl\/index.php\/product\/czarnecka-teresa\/","title":{"rendered":"Czarnecka Teresa"},"content":{"rendered":"<p>Urodzi\u0142a si\u0119 1 marca 1942 roku w Kowlu.<\/p>\n<p>By\u0142a zaanga\u017cowana w tworzenie i wspomaganie struktur konspiracyjnych w pierwszym, najtrudniejszym okresie stanu wojennego. Udost\u0119pnia\u0142a swoje mieszkania, kontakty, werbowa\u0142a osoby do dzia\u0142alno\u015bci podziemnej. Kolportowa\u0142a wydawnictwa niezale\u017cnych m.in. gazet\u0119 zwi\u0105zkow\u0105 \u201eZ Dnia na Dzie\u0144\u201d. Po utworzeniu \u201eSolidarno\u015bci Walcz\u0105cej\u201d z\u0142o\u017cy\u0142a przysi\u0119g\u0119 organizacyjn\u0105 nie przerywaj\u0105c wsp\u00f3\u0142pracy ze strukturami podziemnego zwi\u0105zku. W marcu 1984 roku zosta\u0142a aresztowana. Zwolniono j\u0105 na mocy amnestii w lipcu tego samego roku. Po wyj\u015bciu z wi\u0119zienia nadal aktywnie dzia\u0142a\u0142a w konspiracji. Regularnie zbiera\u0142a i przekazywa\u0142a sk\u0142adki na rzecz potrzebuj\u0105cych dzia\u0142aczy podziemia.<\/p>\n","protected":false},"excerpt":{"rendered":"<p>Urodzi\u0142a si\u0119 1 marca 1942 roku w Kowlu. By\u0142a zaanga\u017cowana w tworzenie i wspomaganie struktur konspiracyjnych w pierwszym, najtrudniejszym okresie stanu wojennego. Udost\u0119pnia\u0142a swoje mieszkania, kontakty, werbowa\u0142a osoby do dzia\u0142alno\u015bci podziemnej. Kolportowa\u0142a wydawnictwa niezale\u017cnych m.in. gazet\u0119 zwi\u0105zkow\u0105 \u201eZ Dnia na Dzie\u0144\u201d. Po utworzeniu \u201eSolidarno\u015bci Walcz\u0105cej\u201d z\u0142o\u017cy\u0142a przysi\u0119g\u0119 organizacyjn\u0105 nie przerywaj\u0105c wsp\u00f3\u0142pracy ze strukturami podziemnego zwi\u0105zku. [&hellip;]<\/p>\n","protected":false},"featured_media":2694,"template":"","meta":[],"_links":{"self":[{"href":"http:\/\/ludzie.fundacja-pih.pl\/index.php\/wp-json\/wp\/v2\/product\/2055"}],"collection":[{"href":"http:\/\/ludzie.fundacja-pih.pl\/index.php\/wp-json\/wp\/v2\/product"}],"about":[{"href":"http:\/\/ludzie.fundacja-pih.pl\/index.php\/wp-json\/wp\/v2\/types\/product"}],"wp:featuredmedia":[{"embeddable":true,"href":"http:\/\/ludzie.fundacja-pih.pl\/index.php\/wp-json\/wp\/v2\/media\/2694"}],"wp:attachment":[{"href":"http:\/\/ludzie.fundacja-pih.pl\/index.php\/wp-json\/wp\/v2\/media?parent=2055"}],"curies":[{"name":"wp","href":"https:\/\/api.w.org\/{rel}","templated":true}]}}