{"id":2057,"date":"2021-03-16T13:03:31","date_gmt":"2021-03-16T13:03:31","guid":{"rendered":"http:\/\/ludzie.fundacja-pih.pl\/?post_type=product&#038;p=2057"},"modified":"2025-05-16T14:16:24","modified_gmt":"2025-05-16T14:16:24","slug":"kokot-lech","status":"publish","type":"product","link":"http:\/\/ludzie.fundacja-pih.pl\/index.php\/product\/kokot-lech\/","title":{"rendered":"Kokot Lech"},"content":{"rendered":"<p>Urodzi\u0142 si\u0119 6 pa\u017adziernika 1948 roku we Wroc\u0142awiu.<\/p>\n<p>Dzia\u0142a\u0142 pod pseudonimem \u201eChudy\u201d. By\u0142 jednym z najbli\u017cszych wsp\u00f3\u0142pracownik\u00f3w Andrzeja Zaracha. Prowadzi\u0142 wszechstronn\u0105 dzia\u0142alno\u015b\u0107 konspiracyjn\u0105 pod ci\u0105g\u0142\u0105 presj\u0105 SB. Organizowa\u0142 struktury \u201eSolidarno\u015bci\u201d w \u015brodowisku hotelarskim, przez kt\u00f3re zdobywa\u0142 i  przekazywa\u0142 cenne informacje wywiadowcze. Za jego po\u015brednictwem kontrwywiad \u201eSolidarno\u015bci Walcz\u0105cej\u201d wszed\u0142 w posiadanie informacji, \u017ce w hotelu \u201eWroc\u0142aw\u201d mie\u015bci si\u0119 g\u0142\u00f3wna kom\u00f3rka SB rozpracowuj\u0105ca struktury podziemne. Przekaza\u0142 informacj\u0119 o numerach pokoi hotelowych z pods\u0142uchami. Czynnie uczestniczy\u0142 w kolporta\u017cu wydawnictw zwi\u0105zkowych i \u201eSolidarno\u015bci Walcz\u0105cej\u201d. By\u0142 przes\u0142uchiwany w sprawie gromadzenia materia\u0142\u00f3w wybuchowych. <\/p>\n","protected":false},"excerpt":{"rendered":"<p>Urodzi\u0142 si\u0119 6 pa\u017adziernika 1948 roku we Wroc\u0142awiu. Dzia\u0142a\u0142 pod pseudonimem \u201eChudy\u201d. By\u0142 jednym z najbli\u017cszych wsp\u00f3\u0142pracownik\u00f3w Andrzeja Zaracha. Prowadzi\u0142 wszechstronn\u0105 dzia\u0142alno\u015b\u0107 konspiracyjn\u0105 pod ci\u0105g\u0142\u0105 presj\u0105 SB. Organizowa\u0142 struktury \u201eSolidarno\u015bci\u201d w \u015brodowisku hotelarskim, przez kt\u00f3re zdobywa\u0142 i przekazywa\u0142 cenne informacje wywiadowcze. Za jego po\u015brednictwem kontrwywiad \u201eSolidarno\u015bci Walcz\u0105cej\u201d wszed\u0142 w posiadanie informacji, \u017ce w hotelu \u201eWroc\u0142aw\u201d [&hellip;]<\/p>\n","protected":false},"featured_media":3643,"template":"","meta":[],"_links":{"self":[{"href":"http:\/\/ludzie.fundacja-pih.pl\/index.php\/wp-json\/wp\/v2\/product\/2057"}],"collection":[{"href":"http:\/\/ludzie.fundacja-pih.pl\/index.php\/wp-json\/wp\/v2\/product"}],"about":[{"href":"http:\/\/ludzie.fundacja-pih.pl\/index.php\/wp-json\/wp\/v2\/types\/product"}],"wp:featuredmedia":[{"embeddable":true,"href":"http:\/\/ludzie.fundacja-pih.pl\/index.php\/wp-json\/wp\/v2\/media\/3643"}],"wp:attachment":[{"href":"http:\/\/ludzie.fundacja-pih.pl\/index.php\/wp-json\/wp\/v2\/media?parent=2057"}],"curies":[{"name":"wp","href":"https:\/\/api.w.org\/{rel}","templated":true}]}}