{"id":2060,"date":"2021-03-16T13:08:17","date_gmt":"2021-03-16T13:08:17","guid":{"rendered":"http:\/\/ludzie.fundacja-pih.pl\/?post_type=product&#038;p=2060"},"modified":"2025-05-16T14:16:26","modified_gmt":"2025-05-16T14:16:26","slug":"sokolowski-mariusz-brzeg","status":"publish","type":"product","link":"http:\/\/ludzie.fundacja-pih.pl\/index.php\/product\/sokolowski-mariusz-brzeg\/","title":{"rendered":"Soko\u0142owski Mariusz (Brzeg)"},"content":{"rendered":"<p>Urodzi\u0142 si\u0119 w 1971 r. w Brzegu<\/p>\n<p>Maj\u0105c 17 lat, na prze\u0142omie 1988 i 1989 roku, w\u0142\u0105czy\u0142  w dzia\u0142alno\u015b\u0107  \u201eSolidarno\u015bci Walcz\u0105cej\u201d. Wydawa\u0142 podziemne pismo \u201eCzerwony Sztandar\u201d. Uczestniczy\u0142 w antyre\u017cimowych demonstracjach i w kolporta\u017cu. By\u0142 jednym z organizator\u00f3w protestu w Brzegu i Wroc\u0142awiu dotycz\u0105cego wyj\u015bcia wojsk radzieckich z Polski. Uczestniczy\u0142 w akcjach ulotkowych skierowanych do \u017co\u0142nierzy radzieckich oraz w akcjach blokad przed ich koszarami. W 1990 roku zosta\u0142 najm\u0142odszym radnym w Polsce (Brzeg Opolski). Po osi\u0105gni\u0119ciu pe\u0142noletnio\u015bci zosta\u0142 zaprzysi\u0119\u017conym cz\u0142onkiem \u201eSolidarno\u015bci Walcz\u0105cej\u201d. Dzia\u0142a\u0142 pod pseudonim \u201dDuch\u201d. Mariusz Soko\u0142owski zosta\u0142 odznaczony Krzy\u017cem Solidarno\u015bci Walcz\u0105cej oraz Krzy\u017cem Kawalerskim Orderu Odrodzenia Polski.<\/p>\n","protected":false},"excerpt":{"rendered":"<p>Urodzi\u0142 si\u0119 w 1971 r. w Brzegu Maj\u0105c 17 lat, na prze\u0142omie 1988 i 1989 roku, w\u0142\u0105czy\u0142 w dzia\u0142alno\u015b\u0107 \u201eSolidarno\u015bci Walcz\u0105cej\u201d. Wydawa\u0142 podziemne pismo \u201eCzerwony Sztandar\u201d. Uczestniczy\u0142 w antyre\u017cimowych demonstracjach i w kolporta\u017cu. By\u0142 jednym z organizator\u00f3w protestu w Brzegu i Wroc\u0142awiu dotycz\u0105cego wyj\u015bcia wojsk radzieckich z Polski. Uczestniczy\u0142 w akcjach ulotkowych skierowanych do \u017co\u0142nierzy [&hellip;]<\/p>\n","protected":false},"featured_media":3270,"template":"","meta":[],"_links":{"self":[{"href":"http:\/\/ludzie.fundacja-pih.pl\/index.php\/wp-json\/wp\/v2\/product\/2060"}],"collection":[{"href":"http:\/\/ludzie.fundacja-pih.pl\/index.php\/wp-json\/wp\/v2\/product"}],"about":[{"href":"http:\/\/ludzie.fundacja-pih.pl\/index.php\/wp-json\/wp\/v2\/types\/product"}],"wp:featuredmedia":[{"embeddable":true,"href":"http:\/\/ludzie.fundacja-pih.pl\/index.php\/wp-json\/wp\/v2\/media\/3270"}],"wp:attachment":[{"href":"http:\/\/ludzie.fundacja-pih.pl\/index.php\/wp-json\/wp\/v2\/media?parent=2060"}],"curies":[{"name":"wp","href":"https:\/\/api.w.org\/{rel}","templated":true}]}}