{"id":2061,"date":"2021-03-16T13:12:30","date_gmt":"2021-03-16T13:12:30","guid":{"rendered":"http:\/\/ludzie.fundacja-pih.pl\/?post_type=product&#038;p=2061"},"modified":"2025-05-16T14:16:26","modified_gmt":"2025-05-16T14:16:26","slug":"wajda-adam","status":"publish","type":"product","link":"http:\/\/ludzie.fundacja-pih.pl\/index.php\/product\/wajda-adam\/","title":{"rendered":"Wajda Adam"},"content":{"rendered":"<p>Urodzi\u0142 sie w 1942 r. w m. Tarnopol<\/p>\n<p>Mieszkanie Adama Wajdy by\u0142o jednym z najwa\u017cniejszych mieszka\u0144 konspiracyjnych \u201eSolidarno\u015bci Walcz\u0105cej\u201d. S\u0142u\u017cy\u0142o wieloletniemu, okresowemu ukrywaniu si\u0119 Kornela Morawieckiego. W mieszkaniu tym odbywa\u0142y si\u0119 r\u00f3wnie\u017c spotkania komitetu wykonawczego \u201eSolidarno\u015bci Walcz\u0105cej\u201d. Prowadzony by\u0142 nas\u0142uch SB. Ze wzgl\u0119du na \u015bci\u015ble tajn\u0105 funkcj\u0119 w strukturach organizacji SW, Adam Wajda i jego ma\u0142\u017conka Wanda, nie uczestniczyli w \u017cadnych strukturach kolporta\u017cowych. Pomagali jedynie w transporcie os\u00f3b i materia\u0142\u00f3w szczeg\u00f3lnie wa\u017cnych. \u017baden \u015blad z dzia\u0142a\u0144 konspiracyjnych Adama Wajdy nie figuruje w materia\u0142ach archiwalnych gromadzonych przez  SB i przekazanych IPN-owi. Kryptonimie wewn\u0105trzorganizacyjny jego mieszkania \u201eB\u201d.<\/p>\n","protected":false},"excerpt":{"rendered":"<p>Urodzi\u0142 sie w 1942 r. w m. Tarnopol Mieszkanie Adama Wajdy by\u0142o jednym z najwa\u017cniejszych mieszka\u0144 konspiracyjnych \u201eSolidarno\u015bci Walcz\u0105cej\u201d. S\u0142u\u017cy\u0142o wieloletniemu, okresowemu ukrywaniu si\u0119 Kornela Morawieckiego. W mieszkaniu tym odbywa\u0142y si\u0119 r\u00f3wnie\u017c spotkania komitetu wykonawczego \u201eSolidarno\u015bci Walcz\u0105cej\u201d. Prowadzony by\u0142 nas\u0142uch SB. Ze wzgl\u0119du na \u015bci\u015ble tajn\u0105 funkcj\u0119 w strukturach organizacji SW, Adam Wajda i jego [&hellip;]<\/p>\n","protected":false},"featured_media":906,"template":"","meta":[],"_links":{"self":[{"href":"http:\/\/ludzie.fundacja-pih.pl\/index.php\/wp-json\/wp\/v2\/product\/2061"}],"collection":[{"href":"http:\/\/ludzie.fundacja-pih.pl\/index.php\/wp-json\/wp\/v2\/product"}],"about":[{"href":"http:\/\/ludzie.fundacja-pih.pl\/index.php\/wp-json\/wp\/v2\/types\/product"}],"wp:featuredmedia":[{"embeddable":true,"href":"http:\/\/ludzie.fundacja-pih.pl\/index.php\/wp-json\/wp\/v2\/media\/906"}],"wp:attachment":[{"href":"http:\/\/ludzie.fundacja-pih.pl\/index.php\/wp-json\/wp\/v2\/media?parent=2061"}],"curies":[{"name":"wp","href":"https:\/\/api.w.org\/{rel}","templated":true}]}}