{"id":2062,"date":"2021-03-16T13:14:08","date_gmt":"2021-03-16T13:14:08","guid":{"rendered":"http:\/\/ludzie.fundacja-pih.pl\/?post_type=product&#038;p=2062"},"modified":"2025-05-16T14:16:27","modified_gmt":"2025-05-16T14:16:27","slug":"wajda-anna","status":"publish","type":"product","link":"http:\/\/ludzie.fundacja-pih.pl\/index.php\/product\/wajda-anna\/","title":{"rendered":"Wajda Anna"},"content":{"rendered":"<p>Urodzi\u0142a si\u0119 w 1942 r. w Wilnie<\/p>\n<p>W latach 1980 \u2013 1981, wsp\u00f3\u0142pracowa\u0142a z szefow\u0105 NSZZ \u201eSolidarno\u015b\u0107\u201d we wroc\u0142awskim Zak\u0142adzie Ubezpiecze\u0144. Mieszkanie Anny Wajdy by\u0142o w latach osiemdziesi\u0105tych jednym z najwa\u017cniejszych mieszka\u0144 konspiracyjnych \u201eSolidarno\u015bci Walcz\u0105cej\u201d. Nigdy nie zosta\u0142o zdekonspirowane. S\u0142u\u017cy\u0142o wieloletniemu, okresowemu ukrywaniu si\u0119 Kornela Morawieckiego. W mieszkaniu tym odbywa\u0142y si\u0119 r\u00f3wnie\u017c spotkania Komitetu Wykonawczego \u201eSolidarno\u015bci Walcz\u0105ce\u201d i inne spotkania konspiracyjne. Prowadzony by\u0142 nas\u0142uch SB. Ze wzgl\u0119du na \u015bci\u015ble tajn\u0105 funkcj\u0119 w strukturach organizacji SW, Anna Wajda i jej m\u0105\u017c Adam nie uczestniczyli w \u017cadnych strukturach kolporta\u017cowych. \u017baden \u015blad jej dzia\u0142a\u0144 konspiracyjnych nie figuruje w materia\u0142ach archiwalnych gromadzonych przez  SB i przekazanych IPN-owi. Kryptonim wewn\u0105trzorganizacyjny jej mieszkania: \u201eB\u201d.<\/p>\n","protected":false},"excerpt":{"rendered":"<p>Urodzi\u0142a si\u0119 w 1942 r. w Wilnie W latach 1980 \u2013 1981, wsp\u00f3\u0142pracowa\u0142a z szefow\u0105 NSZZ \u201eSolidarno\u015b\u0107\u201d we wroc\u0142awskim Zak\u0142adzie Ubezpiecze\u0144. Mieszkanie Anny Wajdy by\u0142o w latach osiemdziesi\u0105tych jednym z najwa\u017cniejszych mieszka\u0144 konspiracyjnych \u201eSolidarno\u015bci Walcz\u0105cej\u201d. Nigdy nie zosta\u0142o zdekonspirowane. S\u0142u\u017cy\u0142o wieloletniemu, okresowemu ukrywaniu si\u0119 Kornela Morawieckiego. W mieszkaniu tym odbywa\u0142y si\u0119 r\u00f3wnie\u017c spotkania Komitetu Wykonawczego [&hellip;]<\/p>\n","protected":false},"featured_media":906,"template":"","meta":[],"_links":{"self":[{"href":"http:\/\/ludzie.fundacja-pih.pl\/index.php\/wp-json\/wp\/v2\/product\/2062"}],"collection":[{"href":"http:\/\/ludzie.fundacja-pih.pl\/index.php\/wp-json\/wp\/v2\/product"}],"about":[{"href":"http:\/\/ludzie.fundacja-pih.pl\/index.php\/wp-json\/wp\/v2\/types\/product"}],"wp:featuredmedia":[{"embeddable":true,"href":"http:\/\/ludzie.fundacja-pih.pl\/index.php\/wp-json\/wp\/v2\/media\/906"}],"wp:attachment":[{"href":"http:\/\/ludzie.fundacja-pih.pl\/index.php\/wp-json\/wp\/v2\/media?parent=2062"}],"curies":[{"name":"wp","href":"https:\/\/api.w.org\/{rel}","templated":true}]}}