{"id":2063,"date":"2021-03-16T13:15:23","date_gmt":"2021-03-16T13:15:23","guid":{"rendered":"http:\/\/ludzie.fundacja-pih.pl\/?post_type=product&#038;p=2063"},"modified":"2025-05-16T14:16:27","modified_gmt":"2025-05-16T14:16:27","slug":"lebiedzinski-aleksander","status":"publish","type":"product","link":"http:\/\/ludzie.fundacja-pih.pl\/index.php\/product\/lebiedzinski-aleksander\/","title":{"rendered":"Lebiedzi\u0144ski Aleksander"},"content":{"rendered":"<p>Urodzi\u0142 si\u0119 4 maja 1950 roku we Wroc\u0142awiu.<\/p>\n<p>Wsp\u00f3\u0142tworzy\u0142 \u201eBiuletyn Dolno\u015bl\u0105ski\u201d i wsp\u00f3\u0142pracowa\u0142 z jego redakcj\u0105. By\u0142 wielokrotnie zatrzymywany. W sierpniu 1980 roku wsp\u00f3\u0142dzia\u0142a\u0142 w akcji ulotkowej \u201eBiuletynu Dolno\u015bl\u0105skiego\u201d. Akcja ta, wspomagaj\u0105ca strajki na Wybrze\u017cu, Przyczyni\u0142a si\u0119 do zawi\u0105zania pierwszego poza Pomorzem Gda\u0144skim makroregionalnego strajku solidarno\u015bciowego we Wroc\u0142awiu dnia 26 sierpnia 1980 roku. Wsp\u00f3\u0142pracowa\u0142 z regionem NSZZ \u201cSolidarno\u015b\u0107\u201d Dolny \u015al\u0105sk. Po wprowadzeniu stanu wojennego, intensywnie zaanga\u017cowa\u0142 si\u0119 w dzia\u0142alno\u015b\u0107 struktur konspiracyjnych. Przekazywa\u0142 informacje, drukowa\u0142 i kolportowa\u0142 podziemne czasopismo \u201eZ Dnia na Dzie\u0144\u201d. Od po\u0142owy 1982 roku, w ramach dzia\u0142alno\u015bci w strukturach \u201eSolidarno\u015bci Walcz\u0105cej\u201d, tworzy\u0142 punkty druku pism szkolnych i m\u0142odzie\u017cowych w tym m.in. tytu\u0142u \u201eWyrostek\u201d. Wsp\u00f3\u0142pracowa\u0142 i redagowa\u0142 biuletyn informacyjny \u201cBIS\u201d.<\/p>\n","protected":false},"excerpt":{"rendered":"<p>Urodzi\u0142 si\u0119 4 maja 1950 roku we Wroc\u0142awiu. Wsp\u00f3\u0142tworzy\u0142 \u201eBiuletyn Dolno\u015bl\u0105ski\u201d i wsp\u00f3\u0142pracowa\u0142 z jego redakcj\u0105. By\u0142 wielokrotnie zatrzymywany. W sierpniu 1980 roku wsp\u00f3\u0142dzia\u0142a\u0142 w akcji ulotkowej \u201eBiuletynu Dolno\u015bl\u0105skiego\u201d. Akcja ta, wspomagaj\u0105ca strajki na Wybrze\u017cu, Przyczyni\u0142a si\u0119 do zawi\u0105zania pierwszego poza Pomorzem Gda\u0144skim makroregionalnego strajku solidarno\u015bciowego we Wroc\u0142awiu dnia 26 sierpnia 1980 roku. Wsp\u00f3\u0142pracowa\u0142 z [&hellip;]<\/p>\n","protected":false},"featured_media":3627,"template":"","meta":[],"_links":{"self":[{"href":"http:\/\/ludzie.fundacja-pih.pl\/index.php\/wp-json\/wp\/v2\/product\/2063"}],"collection":[{"href":"http:\/\/ludzie.fundacja-pih.pl\/index.php\/wp-json\/wp\/v2\/product"}],"about":[{"href":"http:\/\/ludzie.fundacja-pih.pl\/index.php\/wp-json\/wp\/v2\/types\/product"}],"wp:featuredmedia":[{"embeddable":true,"href":"http:\/\/ludzie.fundacja-pih.pl\/index.php\/wp-json\/wp\/v2\/media\/3627"}],"wp:attachment":[{"href":"http:\/\/ludzie.fundacja-pih.pl\/index.php\/wp-json\/wp\/v2\/media?parent=2063"}],"curies":[{"name":"wp","href":"https:\/\/api.w.org\/{rel}","templated":true}]}}